{"id":33813,"date":"2023-10-11T15:24:40","date_gmt":"2023-10-11T13:24:40","guid":{"rendered":"https:\/\/swiss21.org\/?page_id=33813"},"modified":"2025-12-03T13:45:08","modified_gmt":"2025-12-03T12:45:08","slug":"abaclock","status":"publish","type":"page","link":"https:\/\/swiss21.org\/fr\/connexions\/abaclock\/","title":{"rendered":"AbaClock"},"content":{"rendered":"\t\t<div data-elementor-type=\"wp-page\" data-elementor-id=\"33813\" class=\"elementor elementor-33813 elementor-30977\" data-elementor-post-type=\"page\">\n\t\t\t\t<div class=\"elementor-element elementor-element-14ca1ea e-flex e-con-boxed e-con e-parent\" data-id=\"14ca1ea\" data-element_type=\"container\" data-e-type=\"container\" data-settings=\"{&quot;background_background&quot;:&quot;classic&quot;}\">\n\t\t\t\t\t<div class=\"e-con-inner\">\n\t\t<div class=\"elementor-element elementor-element-cc76351 e-con-full e-flex e-con e-child\" data-id=\"cc76351\" data-element_type=\"container\" data-e-type=\"container\">\n\t\t\t\t<div class=\"elementor-element elementor-element-62d30b7 elementor-widget__width-initial elementor-widget elementor-widget-heading\" data-id=\"62d30b7\" data-element_type=\"widget\" data-e-type=\"widget\" data-widget_type=\"heading.default\">\n\t\t\t\t<div class=\"elementor-widget-container\">\n\t\t\t\t\t<h1 class=\"elementor-heading-title elementor-size-default\">ABACLOCK<\/h1>\t\t\t\t<\/div>\n\t\t\t\t<\/div>\n\t\t\t\t<div class=\"elementor-element elementor-element-fe19d2a elementor-widget__width-initial elementor-widget elementor-widget-text-editor\" data-id=\"fe19d2a\" data-element_type=\"widget\" data-e-type=\"widget\" data-widget_type=\"text-editor.default\">\n\t\t\t\t<div class=\"elementor-widget-container\">\n\t\t\t\t\t\t\t\t\t<div class=\"et_pb_section et_pb_section_0 et_pb_with_background et_section_regular et_pb_section_first\" data-fix-page-container=\"on\"><div class=\"et_pb_row et_pb_row_0\"><div class=\"et_pb_column et_pb_column_4_4 et_pb_column_0 et_pb_css_mix_blend_mode_passthrough et-last-child\"><div class=\"et_pb_module et_pb_text et_pb_text_1 et_pb_text_align_left et_pb_bg_layout_light\"><div class=\"et_pb_text_inner\"><span style=\"color: #ffffff;\">\u00a0<\/span><\/div><div class=\"et_pb_text_inner\"><span style=\"color: #ffffff;\">Saisie des temps simple et interonnect\u00e9e<\/span><\/div><\/div><\/div><\/div><\/div>\t\t\t\t\t\t\t\t<\/div>\n\t\t\t\t<\/div>\n\t\t\t\t<div class=\"elementor-element elementor-element-b9c1be9 elementor-widget elementor-widget-spacer\" data-id=\"b9c1be9\" data-element_type=\"widget\" data-e-type=\"widget\" data-widget_type=\"spacer.default\">\n\t\t\t\t<div class=\"elementor-widget-container\">\n\t\t\t\t\t\t\t<div class=\"elementor-spacer\">\n\t\t\t<div class=\"elementor-spacer-inner\"><\/div>\n\t\t<\/div>\n\t\t\t\t\t\t<\/div>\n\t\t\t\t<\/div>\n\t\t\t\t<\/div>\n\t\t\t\t\t<\/div>\n\t\t\t\t<\/div>\n\t\t<div class=\"elementor-element elementor-element-52b0738 e-flex e-con-boxed e-con e-parent\" data-id=\"52b0738\" data-element_type=\"container\" data-e-type=\"container\">\n\t\t\t\t\t<div class=\"e-con-inner\">\n\t\t\t\t<div class=\"elementor-element elementor-element-c7d1a6a elementor-widget elementor-widget-spacer\" data-id=\"c7d1a6a\" data-element_type=\"widget\" data-e-type=\"widget\" data-widget_type=\"spacer.default\">\n\t\t\t\t<div class=\"elementor-widget-container\">\n\t\t\t\t\t\t\t<div class=\"elementor-spacer\">\n\t\t\t<div class=\"elementor-spacer-inner\"><\/div>\n\t\t<\/div>\n\t\t\t\t\t\t<\/div>\n\t\t\t\t<\/div>\n\t\t\t\t\t<\/div>\n\t\t\t\t<\/div>\n\t\t<div class=\"elementor-element elementor-element-f96edd6 e-flex e-con-boxed e-con e-parent\" data-id=\"f96edd6\" data-element_type=\"container\" data-e-type=\"container\">\n\t\t\t\t\t<div class=\"e-con-inner\">\n\t\t\t\t<div class=\"elementor-element elementor-element-1b84737 elementor-widget elementor-widget-text-editor\" data-id=\"1b84737\" data-element_type=\"widget\" data-e-type=\"widget\" data-widget_type=\"text-editor.default\">\n\t\t\t\t<div class=\"elementor-widget-container\">\n\t\t\t\t\t\t\t\t\t<div class=\"et_pb_row et_pb_row_2\"><div class=\"et_pb_column et_pb_column_4_4 et_pb_column_2 et_pb_css_mix_blend_mode_passthrough et-last-child\"><div class=\"et_pb_module et_pb_text et_pb_text_4 et_pb_text_align_left et_pb_bg_layout_light\"><div class=\"et_pb_text_inner\"><div class=\"et_pb_row et_pb_row_2\"><div class=\"et_pb_column et_pb_column_4_4 et_pb_column_2  et_pb_css_mix_blend_mode_passthrough et-last-child\"><div class=\"et_pb_module et_pb_text et_pb_text_4  et_pb_text_align_left et_pb_bg_layout_light\"><div class=\"et_pb_text_inner\">Avec le terminal iPad AbaClock, l\u2019utilisateur Swiss21 peut enregistrer son temps de travail sur 21.AbaNinja \u00e0 l\u2019aide d\u2019une timbreuse.<\/div><\/div><\/div><\/div><\/div><\/div><\/div><\/div>\t\t\t\t\t\t\t\t<\/div>\n\t\t\t\t<\/div>\n\t\t\t\t\t<\/div>\n\t\t\t\t<\/div>\n\t\t<div class=\"elementor-element elementor-element-389aab2 e-flex e-con-boxed e-con e-parent\" data-id=\"389aab2\" data-element_type=\"container\" data-e-type=\"container\">\n\t\t\t\t\t<div class=\"e-con-inner\">\n\t\t<div class=\"elementor-element elementor-element-08cb983 e-flex e-con-boxed e-con e-child\" data-id=\"08cb983\" data-element_type=\"container\" data-e-type=\"container\">\n\t\t\t\t\t<div class=\"e-con-inner\">\n\t\t\t\t<div class=\"elementor-element elementor-element-9c63bd5 elementor-widget elementor-widget-image\" data-id=\"9c63bd5\" data-element_type=\"widget\" data-e-type=\"widget\" data-widget_type=\"image.default\">\n\t\t\t\t<div class=\"elementor-widget-container\">\n\t\t\t\t\t\t\t\t\t\t\t\t\t\t\t<img decoding=\"async\" width=\"80\" height=\"80\" src=\"https:\/\/swiss21.org\/wp-content\/uploads\/2023\/09\/Verwaltungsaufgaben.png\" class=\"attachment-large size-large wp-image-32717\" alt=\"\" title=\"\">\t\t\t\t\t\t\t\t\t\t\t\t\t\t\t<\/div>\n\t\t\t\t<\/div>\n\t\t\t\t<div class=\"elementor-element elementor-element-d442b68 elementor-widget elementor-widget-heading\" data-id=\"d442b68\" data-element_type=\"widget\" data-e-type=\"widget\" data-widget_type=\"heading.default\">\n\t\t\t\t<div class=\"elementor-widget-container\">\n\t\t\t\t\t<h3 class=\"elementor-heading-title elementor-size-default\">Enregistrement<\/h3>\t\t\t\t<\/div>\n\t\t\t\t<\/div>\n\t\t\t\t<div class=\"elementor-element elementor-element-a15389d elementor-widget elementor-widget-text-editor\" data-id=\"a15389d\" data-element_type=\"widget\" data-e-type=\"widget\" data-widget_type=\"text-editor.default\">\n\t\t\t\t<div class=\"elementor-widget-container\">\n\t\t\t\t\t\t\t\t\t<div class=\"et_pb_column et_pb_column_1_3 et_pb_column_4 et_pb_css_mix_blend_mode_passthrough\"><div class=\"et_pb_module et_pb_blurb et_pb_blurb_0 et_pb_text_align_center et_pb_blurb_position_top et_pb_bg_layout_light\"><div class=\"et_pb_blurb_content\"><div class=\"et_pb_blurb_container\"><div class=\"et_pb_blurb_description\"><div class=\"et_pb_column et_pb_column_1_3 et_pb_column_4 et_pb_css_mix_blend_mode_passthrough\"><div class=\"et_pb_module et_pb_blurb et_pb_blurb_0 et_pb_text_align_center et_pb_blurb_position_top et_pb_bg_layout_light\"><div class=\"et_pb_blurb_content\"><div class=\"et_pb_blurb_container\"><div class=\"et_pb_blurb_description\"><div dir=\"auto\"><div class=\"et_pb_column et_pb_column_1_3 et_pb_column_3 et_pb_css_mix_blend_mode_passthrough\"><div class=\"et_pb_module et_pb_blurb et_pb_blurb_0 et_pb_text_align_center et_pb_blurb_position_top et_pb_bg_layout_light\"><div class=\"et_pb_blurb_content\"><div class=\"et_pb_blurb_container\"><div class=\"et_pb_blurb_description\"><div class=\"et_pb_column et_pb_column_1_3 et_pb_column_3  et_pb_css_mix_blend_mode_passthrough\"><div class=\"et_pb_module et_pb_blurb et_pb_blurb_0  et_pb_text_align_center  et_pb_blurb_position_top et_pb_bg_layout_light\"><div class=\"et_pb_blurb_content\"><div class=\"et_pb_blurb_container\"><div class=\"et_pb_blurb_description\"><p>Timbrer son temps de travail de mani\u00e8re efficace et sans soucis sur les terminaux AbaClock.<\/p><\/div><\/div><\/div><\/div><\/div><\/div><\/div><\/div><\/div><\/div><\/div><\/div><\/div><\/div><\/div><\/div><\/div><\/div><\/div><\/div><\/div>\t\t\t\t\t\t\t\t<\/div>\n\t\t\t\t<\/div>\n\t\t\t\t\t<\/div>\n\t\t\t\t<\/div>\n\t\t<div class=\"elementor-element elementor-element-b37db78 e-flex e-con-boxed e-con e-child\" data-id=\"b37db78\" data-element_type=\"container\" data-e-type=\"container\">\n\t\t\t\t\t<div class=\"e-con-inner\">\n\t\t\t\t<div class=\"elementor-element elementor-element-4ff78cb elementor-widget elementor-widget-image\" data-id=\"4ff78cb\" data-element_type=\"widget\" data-e-type=\"widget\" data-widget_type=\"image.default\">\n\t\t\t\t<div class=\"elementor-widget-container\">\n\t\t\t\t\t\t\t\t\t\t\t\t\t\t\t<img decoding=\"async\" width=\"80\" height=\"80\" src=\"https:\/\/swiss21.org\/wp-content\/uploads\/2023\/09\/Teure_software.png\" class=\"attachment-large size-large wp-image-32715\" alt=\"\" title=\"\">\t\t\t\t\t\t\t\t\t\t\t\t\t\t\t<\/div>\n\t\t\t\t<\/div>\n\t\t\t\t<div class=\"elementor-element elementor-element-61f9e53 elementor-widget elementor-widget-heading\" data-id=\"61f9e53\" data-element_type=\"widget\" data-e-type=\"widget\" data-widget_type=\"heading.default\">\n\t\t\t\t<div class=\"elementor-widget-container\">\n\t\t\t\t\t<h3 class=\"elementor-heading-title elementor-size-default\">Informations<\/h3>\t\t\t\t<\/div>\n\t\t\t\t<\/div>\n\t\t\t\t<div class=\"elementor-element elementor-element-32867e3 elementor-widget elementor-widget-text-editor\" data-id=\"32867e3\" data-element_type=\"widget\" data-e-type=\"widget\" data-widget_type=\"text-editor.default\">\n\t\t\t\t<div class=\"elementor-widget-container\">\n\t\t\t\t\t\t\t\t\t<div class=\"et_pb_column et_pb_column_1_3 et_pb_column_5 et_pb_css_mix_blend_mode_passthrough\"><div class=\"et_pb_module et_pb_blurb et_pb_blurb_1 et_pb_text_align_center et_pb_blurb_position_top et_pb_bg_layout_light\"><div class=\"et_pb_blurb_content\"><div class=\"et_pb_blurb_container\"><div class=\"et_pb_blurb_description\"><div class=\"et_pb_column et_pb_column_1_3 et_pb_column_5 et_pb_css_mix_blend_mode_passthrough\"><div class=\"et_pb_module et_pb_blurb et_pb_blurb_1 et_pb_text_align_center et_pb_blurb_position_top et_pb_bg_layout_light\"><div class=\"et_pb_blurb_content\"><div class=\"et_pb_blurb_container\"><div class=\"et_pb_blurb_description\"><div class=\"et_pb_column et_pb_column_1_3 et_pb_column_4 et_pb_css_mix_blend_mode_passthrough\"><div class=\"et_pb_module et_pb_blurb et_pb_blurb_1 et_pb_text_align_center et_pb_blurb_position_top et_pb_bg_layout_light\"><div class=\"et_pb_blurb_content\"><div class=\"et_pb_blurb_container\"><div class=\"et_pb_blurb_description\"><div class=\"et_pb_column et_pb_column_1_3 et_pb_column_4  et_pb_css_mix_blend_mode_passthrough\"><div class=\"et_pb_module et_pb_blurb et_pb_blurb_1  et_pb_text_align_center  et_pb_blurb_position_top et_pb_bg_layout_light\"><div class=\"et_pb_blurb_content\"><div class=\"et_pb_blurb_container\"><div class=\"et_pb_blurb_description\"><p>Les collaborateurs sont en tout temps inform\u00e9s de leurs heures de travail quotidiennes.<\/p><\/div><\/div><\/div><\/div><\/div><\/div><\/div><\/div><\/div><\/div><\/div><\/div><\/div><\/div><\/div><\/div><\/div><\/div><\/div><\/div>\t\t\t\t\t\t\t\t<\/div>\n\t\t\t\t<\/div>\n\t\t\t\t\t<\/div>\n\t\t\t\t<\/div>\n\t\t<div class=\"elementor-element elementor-element-877231a e-flex e-con-boxed e-con e-child\" data-id=\"877231a\" data-element_type=\"container\" data-e-type=\"container\">\n\t\t\t\t\t<div class=\"e-con-inner\">\n\t\t\t\t<div class=\"elementor-element elementor-element-8e76027 elementor-widget elementor-widget-image\" data-id=\"8e76027\" data-element_type=\"widget\" data-e-type=\"widget\" data-widget_type=\"image.default\">\n\t\t\t\t<div class=\"elementor-widget-container\">\n\t\t\t\t\t\t\t\t\t\t\t\t\t\t\t<img decoding=\"async\" width=\"80\" height=\"80\" src=\"https:\/\/swiss21.org\/wp-content\/uploads\/2023\/09\/Komplex_administration.png\" class=\"attachment-large size-large wp-image-32711\" alt=\"\" title=\"\">\t\t\t\t\t\t\t\t\t\t\t\t\t\t\t<\/div>\n\t\t\t\t<\/div>\n\t\t\t\t<div class=\"elementor-element elementor-element-50bcfcb elementor-widget elementor-widget-heading\" data-id=\"50bcfcb\" data-element_type=\"widget\" data-e-type=\"widget\" data-widget_type=\"heading.default\">\n\t\t\t\t<div class=\"elementor-widget-container\">\n\t\t\t\t\t<h3 class=\"elementor-heading-title elementor-size-default\">Integration<\/h3>\t\t\t\t<\/div>\n\t\t\t\t<\/div>\n\t\t\t\t<div class=\"elementor-element elementor-element-1527ff9 elementor-widget elementor-widget-text-editor\" data-id=\"1527ff9\" data-element_type=\"widget\" data-e-type=\"widget\" data-widget_type=\"text-editor.default\">\n\t\t\t\t<div class=\"elementor-widget-container\">\n\t\t\t\t\t\t\t\t\t<div class=\"et_pb_row et_pb_row_4\"><div class=\"et_pb_column et_pb_column_4_4 et_pb_column_7 et_pb_css_mix_blend_mode_passthrough et-last-child\"><div class=\"et_pb_module et_pb_video et_pb_video_0\"><div class=\"et_pb_video_box\" style=\"text-align: center;\"><div class=\"et_pb_row et_pb_row_3\"><div class=\"et_pb_column et_pb_column_1_3 et_pb_column_6 et_pb_css_mix_blend_mode_passthrough et-last-child\"><div class=\"et_pb_module et_pb_blurb et_pb_blurb_2 et_pb_text_align_center et_pb_blurb_position_top et_pb_bg_layout_light\"><div class=\"et_pb_blurb_content\"><div class=\"et_pb_blurb_container\"><div class=\"et_pb_blurb_description\"><div class=\"et_pb_row et_pb_row_3\"><div class=\"et_pb_column et_pb_column_1_3 et_pb_column_5 et_pb_css_mix_blend_mode_passthrough et-last-child\"><div class=\"et_pb_module et_pb_blurb et_pb_blurb_2 et_pb_text_align_center et_pb_blurb_position_top et_pb_bg_layout_light\"><div class=\"et_pb_blurb_content\"><div class=\"et_pb_blurb_container\"><div class=\"et_pb_blurb_description\"><div class=\"et_pb_row et_pb_row_3\"><div class=\"et_pb_column et_pb_column_1_3 et_pb_column_5  et_pb_css_mix_blend_mode_passthrough et-last-child\"><div class=\"et_pb_module et_pb_blurb et_pb_blurb_2  et_pb_text_align_center  et_pb_blurb_position_top et_pb_bg_layout_light\"><div class=\"et_pb_blurb_content\"><div class=\"et_pb_blurb_container\"><div class=\"et_pb_blurb_description\"><p>Gr\u00e2ce \u00e0 une int\u00e9gration totale dans AbaNinja, les heures de travail sont disponibles en temps r\u00e9el.<\/p><\/div><\/div><\/div><\/div><\/div><\/div><\/div><\/div><\/div><\/div><\/div><\/div><\/div><\/div><\/div><\/div><\/div><\/div><\/div><\/div><\/div><\/div>\t\t\t\t\t\t\t\t<\/div>\n\t\t\t\t<\/div>\n\t\t\t\t\t<\/div>\n\t\t\t\t<\/div>\n\t\t\t\t\t<\/div>\n\t\t\t\t<\/div>\n\t\t<div class=\"elementor-element elementor-element-f60d8c0 e-flex e-con-boxed e-con e-parent\" data-id=\"f60d8c0\" data-element_type=\"container\" data-e-type=\"container\">\n\t\t\t\t\t<div class=\"e-con-inner\">\n\t\t\t\t<div class=\"elementor-element elementor-element-ddc5a27 elementor-widget elementor-widget-spacer\" data-id=\"ddc5a27\" data-element_type=\"widget\" data-e-type=\"widget\" data-widget_type=\"spacer.default\">\n\t\t\t\t<div class=\"elementor-widget-container\">\n\t\t\t\t\t\t\t<div class=\"elementor-spacer\">\n\t\t\t<div class=\"elementor-spacer-inner\"><\/div>\n\t\t<\/div>\n\t\t\t\t\t\t<\/div>\n\t\t\t\t<\/div>\n\t\t\t\t\t<\/div>\n\t\t\t\t<\/div>\n\t\t<div class=\"elementor-element elementor-element-48ac331 e-flex e-con-boxed e-con e-parent\" data-id=\"48ac331\" data-element_type=\"container\" data-e-type=\"container\">\n\t\t\t\t\t<div class=\"e-con-inner\">\n\t\t<div class=\"elementor-element elementor-element-b9b92f4 e-con-full e-flex e-con e-child\" data-id=\"b9b92f4\" data-element_type=\"container\" data-e-type=\"container\">\n\t\t\t\t<div class=\"elementor-element elementor-element-08fe9c5 elementor-widget elementor-widget-heading\" data-id=\"08fe9c5\" data-element_type=\"widget\" data-e-type=\"widget\" data-widget_type=\"heading.default\">\n\t\t\t\t<div class=\"elementor-widget-container\">\n\t\t\t\t\t<h2 class=\"elementor-heading-title elementor-size-default\">En savoir plus sur AbaClock<\/h2>\t\t\t\t<\/div>\n\t\t\t\t<\/div>\n\t\t\t\t<div class=\"elementor-element elementor-element-47fa1de elementor-widget elementor-widget-text-editor\" data-id=\"47fa1de\" data-element_type=\"widget\" data-e-type=\"widget\" data-widget_type=\"text-editor.default\">\n\t\t\t\t<div class=\"elementor-widget-container\">\n\t\t\t\t\t\t\t\t\t<p>Des iPads servent de terminal. Un terminal se compose d\u2019un iPad, d\u2019une vitre de protection et d\u2019un lecteur de badge avec la technologie Near Field Communicationn (NFC).<\/p><p>Plusieurs terminaux AbaClock peuvent \u00eatre connect\u00e9s entre eux via le Cloud afin que les employ\u00e9s puissent se connecter et se d\u00e9connecter \u00e0 divers endroits de l\u2019entreprise. L\u2019identification aux terminaux se fait \u00e0 l\u2019aide de cartes d\u2019identit\u00e9 NFC.<\/p><p>Si AbaClock est combin\u00e9 avec Abacus Business Software, le temps de travail est synchronis\u00e9 avec le module de saisie des heures ou AbaProject. Dans ce cas, des informations compl\u00e9mentaires (heures dues, horaires flexibles, soldes de vacances) sont affich\u00e9es sur le terminal.<\/p>\t\t\t\t\t\t\t\t<\/div>\n\t\t\t\t<\/div>\n\t\t\t\t<\/div>\n\t\t<div class=\"elementor-element elementor-element-9ea5ccd e-con-full e-flex e-con e-child\" data-id=\"9ea5ccd\" data-element_type=\"container\" data-e-type=\"container\">\n\t\t\t\t<div class=\"elementor-element elementor-element-9ac369f elementor-widget elementor-widget-heading\" data-id=\"9ac369f\" data-element_type=\"widget\" data-e-type=\"widget\" data-widget_type=\"heading.default\">\n\t\t\t\t<div class=\"elementor-widget-container\">\n\t\t\t\t\t<h2 class=\"elementor-heading-title elementor-size-default\">Avantages<\/h2>\t\t\t\t<\/div>\n\t\t\t\t<\/div>\n\t\t\t\t<div class=\"elementor-element elementor-element-7850426 elementor-widget elementor-widget-text-editor\" data-id=\"7850426\" data-element_type=\"widget\" data-e-type=\"widget\" data-widget_type=\"text-editor.default\">\n\t\t\t\t<div class=\"elementor-widget-container\">\n\t\t\t\t\t\t\t\t\t<ul><li>Gain de temps avec la saisie du temps de travail<\/li><li>Information en temps r\u00e9el<\/li><li>R\u00e9duction des erreurs gr\u00e2ce \u00e0 un fonctionnement simplifi\u00e9<\/li><li>Des badges compatibles au syst\u00e8me de badges d\u2019acc\u00e8s<\/li><li>Transfert automatique vers le logiciel Cloud gratuit AbaNinja ou vers Abacus Business Software (saisie des heures)<\/li><li>Extensible \u00e0 choix<\/li><li>\u00a0<\/li><\/ul>\t\t\t\t\t\t\t\t<\/div>\n\t\t\t\t<\/div>\n\t\t\t\t<\/div>\n\t\t<div class=\"elementor-element elementor-element-6ec6a29 e-con-full e-flex e-con e-child\" data-id=\"6ec6a29\" data-element_type=\"container\" data-e-type=\"container\">\n\t\t\t\t<div class=\"elementor-element elementor-element-2ab174c elementor-widget elementor-widget-heading\" data-id=\"2ab174c\" data-element_type=\"widget\" data-e-type=\"widget\" data-widget_type=\"heading.default\">\n\t\t\t\t<div class=\"elementor-widget-container\">\n\t\t\t\t\t<h2 class=\"elementor-heading-title elementor-size-default\">Donn\u00e9es \u00e9l\u00e9mentaires<\/h2>\t\t\t\t<\/div>\n\t\t\t\t<\/div>\n\t\t\t\t<div class=\"elementor-element elementor-element-44d2e25 elementor-widget elementor-widget-text-editor\" data-id=\"44d2e25\" data-element_type=\"widget\" data-e-type=\"widget\" data-widget_type=\"text-editor.default\">\n\t\t\t\t<div class=\"elementor-widget-container\">\n\t\t\t\t\t\t\t\t\t<div class=\"et_pb_module et_pb_text et_pb_text_7 et_pb_text_align_left et_pb_bg_layout_light\"><div class=\"et_pb_text_inner\"><p><strong>Soci\u00e9t\u00e9<\/strong><\/p><p>Abacus Research SA<\/p><p><strong>Langues disponibles<\/strong><\/p><p>Allemand, fran\u00e7ais, italien, anglais<\/p><p><strong>Support<\/strong><\/p><p>Support via Swiss21.org<\/p><p><strong>Website<\/strong><\/p><p><a href=\"https:\/\/www.abaclock.ch\/fr\/\" target=\"_blank\" rel=\"noopener noreferrer\">AbaClock<\/a><\/p><p><strong>Informations compl\u00e9mentaires<\/strong><\/p><p>Les commandes peuvent \u00eatres pass\u00e9es directement dans le shop en ligne<\/p><p><strong>Prix<\/strong><\/p><p>Terminal AbaClock: d\u00e8s CHF 1\u2019190.00 par appareil<\/p><\/div><\/div>\t\t\t\t\t\t\t\t<\/div>\n\t\t\t\t<\/div>\n\t\t\t\t<div class=\"elementor-element elementor-element-01db3eb elementor-align-center elementor-widget elementor-widget-button\" data-id=\"01db3eb\" data-element_type=\"widget\" data-e-type=\"widget\" data-widget_type=\"button.default\">\n\t\t\t\t<div class=\"elementor-widget-container\">\n\t\t\t\t\t\t\t\t\t<div class=\"elementor-button-wrapper\">\n\t\t\t\t\t<a class=\"elementor-button elementor-button-link elementor-size-sm\" href=\"https:\/\/support.swiss21.org\/\" target=\"_blank\">\n\t\t\t\t\t\t<span class=\"elementor-button-content-wrapper\">\n\t\t\t\t\t\t\t\t\t<span class=\"elementor-button-text\">Commander<\/span>\n\t\t\t\t\t<\/span>\n\t\t\t\t\t<\/a>\n\t\t\t\t<\/div>\n\t\t\t\t\t\t\t\t<\/div>\n\t\t\t\t<\/div>\n\t\t\t\t<\/div>\n\t\t\t\t\t<\/div>\n\t\t\t\t<\/div>\n\t\t<div class=\"elementor-element elementor-element-f522da0 e-flex e-con-boxed e-con e-parent\" data-id=\"f522da0\" data-element_type=\"container\" data-e-type=\"container\">\n\t\t\t\t\t<div class=\"e-con-inner\">\n\t\t\t\t<div class=\"elementor-element elementor-element-687c9f0 elementor-widget elementor-widget-spacer\" data-id=\"687c9f0\" data-element_type=\"widget\" data-e-type=\"widget\" data-widget_type=\"spacer.default\">\n\t\t\t\t<div class=\"elementor-widget-container\">\n\t\t\t\t\t\t\t<div class=\"elementor-spacer\">\n\t\t\t<div class=\"elementor-spacer-inner\"><\/div>\n\t\t<\/div>\n\t\t\t\t\t\t<\/div>\n\t\t\t\t<\/div>\n\t\t\t\t\t<\/div>\n\t\t\t\t<\/div>\n\t\t\t\t<\/div>\n\t\t","protected":false},"excerpt":{"rendered":"<p>ABACLOCK \u00a0Saisie des temps simple et interonnect\u00e9e Avec le terminal iPad AbaClock, l\u2019utilisateur Swiss21 peut enregistrer son&#8230;<\/p>\n","protected":false},"author":3,"featured_media":0,"parent":33781,"menu_order":0,"comment_status":"closed","ping_status":"closed","template":"full_width.php","meta":{"_acf_changed":false,"footnotes":""},"class_list":["post-33813","page","type-page","status-publish","hentry"],"acf":[],"_links":{"self":[{"href":"https:\/\/swiss21.org\/fr\/wp-json\/wp\/v2\/pages\/33813","targetHints":{"allow":["GET"]}}],"collection":[{"href":"https:\/\/swiss21.org\/fr\/wp-json\/wp\/v2\/pages"}],"about":[{"href":"https:\/\/swiss21.org\/fr\/wp-json\/wp\/v2\/types\/page"}],"author":[{"embeddable":true,"href":"https:\/\/swiss21.org\/fr\/wp-json\/wp\/v2\/users\/3"}],"replies":[{"embeddable":true,"href":"https:\/\/swiss21.org\/fr\/wp-json\/wp\/v2\/comments?post=33813"}],"version-history":[{"count":0,"href":"https:\/\/swiss21.org\/fr\/wp-json\/wp\/v2\/pages\/33813\/revisions"}],"up":[{"embeddable":true,"href":"https:\/\/swiss21.org\/fr\/wp-json\/wp\/v2\/pages\/33781"}],"wp:attachment":[{"href":"https:\/\/swiss21.org\/fr\/wp-json\/wp\/v2\/media?parent=33813"}],"curies":[{"name":"wp","href":"https:\/\/api.w.org\/{rel}","templated":true}]}}