{"id":33836,"date":"2023-10-10T16:27:16","date_gmt":"2023-10-10T14:27:16","guid":{"rendered":"https:\/\/swiss21.org\/?page_id=33836"},"modified":"2024-03-04T08:19:08","modified_gmt":"2024-03-04T07:19:08","slug":"lightspeed-pos","status":"publish","type":"page","link":"https:\/\/swiss21.org\/fr\/connexions\/lightspeed-pos\/","title":{"rendered":"Lightspeed POS"},"content":{"rendered":"\t\t<div data-elementor-type=\"wp-page\" data-elementor-id=\"33836\" class=\"elementor elementor-33836 elementor-30634\" data-elementor-post-type=\"page\">\n\t\t\t\t<div class=\"elementor-element elementor-element-d5bfa7a e-flex e-con-boxed e-con e-parent\" data-id=\"d5bfa7a\" data-element_type=\"container\" data-e-type=\"container\" data-settings=\"{&quot;background_background&quot;:&quot;classic&quot;}\">\n\t\t\t\t\t<div class=\"e-con-inner\">\n\t\t<div class=\"elementor-element elementor-element-c571dfa e-con-full e-flex e-con e-child\" data-id=\"c571dfa\" data-element_type=\"container\" data-e-type=\"container\">\n\t\t\t\t<div class=\"elementor-element elementor-element-b0184b4 elementor-widget__width-initial elementor-widget elementor-widget-heading\" data-id=\"b0184b4\" data-element_type=\"widget\" data-e-type=\"widget\" data-widget_type=\"heading.default\">\n\t\t\t\t<div class=\"elementor-widget-container\">\n\t\t\t\t\t<h1 class=\"elementor-heading-title elementor-size-default\">Lightspeed<\/h1>\t\t\t\t<\/div>\n\t\t\t\t<\/div>\n\t\t\t\t<div class=\"elementor-element elementor-element-de534b5 elementor-widget__width-initial elementor-widget elementor-widget-text-editor\" data-id=\"de534b5\" data-element_type=\"widget\" data-e-type=\"widget\" data-widget_type=\"text-editor.default\">\n\t\t\t\t<div class=\"elementor-widget-container\">\n\t\t\t\t\t\t\t\t\t<p><span style=\"color: #ffffff;\">Syst\u00e8me de caisse enregistreuse pour la restauration<\/span><\/p>\t\t\t\t\t\t\t\t<\/div>\n\t\t\t\t<\/div>\n\t\t\t\t<div class=\"elementor-element elementor-element-49426c8 elementor-widget elementor-widget-button\" data-id=\"49426c8\" data-element_type=\"widget\" data-e-type=\"widget\" data-widget_type=\"button.default\">\n\t\t\t\t<div class=\"elementor-widget-container\">\n\t\t\t\t\t\t\t\t\t<div class=\"elementor-button-wrapper\">\n\t\t\t\t\t<a class=\"elementor-button elementor-button-link elementor-size-md\" href=\"https:\/\/portal.swiss21.org\/signup\">\n\t\t\t\t\t\t<span class=\"elementor-button-content-wrapper\">\n\t\t\t\t\t\t\t\t\t<span class=\"elementor-button-text\">Utilisez maintenant<\/span>\n\t\t\t\t\t<\/span>\n\t\t\t\t\t<\/a>\n\t\t\t\t<\/div>\n\t\t\t\t\t\t\t\t<\/div>\n\t\t\t\t<\/div>\n\t\t\t\t<div class=\"elementor-element elementor-element-4c7cd6d elementor-widget elementor-widget-spacer\" data-id=\"4c7cd6d\" data-element_type=\"widget\" data-e-type=\"widget\" data-widget_type=\"spacer.default\">\n\t\t\t\t<div class=\"elementor-widget-container\">\n\t\t\t\t\t\t\t<div class=\"elementor-spacer\">\n\t\t\t<div class=\"elementor-spacer-inner\"><\/div>\n\t\t<\/div>\n\t\t\t\t\t\t<\/div>\n\t\t\t\t<\/div>\n\t\t\t\t<\/div>\n\t\t\t\t\t<\/div>\n\t\t\t\t<\/div>\n\t\t<div class=\"elementor-element elementor-element-4740252 e-flex e-con-boxed e-con e-parent\" data-id=\"4740252\" data-element_type=\"container\" data-e-type=\"container\">\n\t\t\t\t\t<div class=\"e-con-inner\">\n\t\t\t\t<div class=\"elementor-element elementor-element-4963f77 elementor-widget elementor-widget-spacer\" data-id=\"4963f77\" data-element_type=\"widget\" data-e-type=\"widget\" data-widget_type=\"spacer.default\">\n\t\t\t\t<div class=\"elementor-widget-container\">\n\t\t\t\t\t\t\t<div class=\"elementor-spacer\">\n\t\t\t<div class=\"elementor-spacer-inner\"><\/div>\n\t\t<\/div>\n\t\t\t\t\t\t<\/div>\n\t\t\t\t<\/div>\n\t\t\t\t\t<\/div>\n\t\t\t\t<\/div>\n\t\t<div class=\"elementor-element elementor-element-acb1bf2 e-flex e-con-boxed e-con e-parent\" data-id=\"acb1bf2\" data-element_type=\"container\" data-e-type=\"container\">\n\t\t\t\t\t<div class=\"e-con-inner\">\n\t\t<div class=\"elementor-element elementor-element-cc976f7 e-con-full e-flex e-con e-child\" data-id=\"cc976f7\" data-element_type=\"container\" data-e-type=\"container\">\n\t\t\t\t<div class=\"elementor-element elementor-element-bf0a2db elementor-widget elementor-widget-image\" data-id=\"bf0a2db\" data-element_type=\"widget\" data-e-type=\"widget\" data-widget_type=\"image.default\">\n\t\t\t\t<div class=\"elementor-widget-container\">\n\t\t\t\t\t\t\t\t\t\t\t\t\t\t\t<img fetchpriority=\"high\" decoding=\"async\" width=\"1024\" height=\"246\" src=\"https:\/\/swiss21.org\/wp-content\/uploads\/2023\/10\/lightspeed-logo--1024x246.webp\" class=\"attachment-large size-large wp-image-33217\" alt=\"\" srcset=\"https:\/\/swiss21.org\/wp-content\/uploads\/2023\/10\/lightspeed-logo--1024x246.webp 1024w, https:\/\/swiss21.org\/wp-content\/uploads\/2023\/10\/lightspeed-logo--300x72.webp 300w, https:\/\/swiss21.org\/wp-content\/uploads\/2023\/10\/lightspeed-logo--768x184.webp 768w, https:\/\/swiss21.org\/wp-content\/uploads\/2023\/10\/lightspeed-logo--1536x369.webp 1536w, https:\/\/swiss21.org\/wp-content\/uploads\/2023\/10\/lightspeed-logo--2048x492.webp 2048w, https:\/\/swiss21.org\/wp-content\/uploads\/2023\/10\/lightspeed-logo--700x168.webp 700w\" sizes=\"(max-width: 1024px) 100vw, 1024px\" title=\"\">\t\t\t\t\t\t\t\t\t\t\t\t\t\t\t<\/div>\n\t\t\t\t<\/div>\n\t\t\t\t<\/div>\n\t\t<div class=\"elementor-element elementor-element-0e42d0f e-con-full e-flex e-con e-child\" data-id=\"0e42d0f\" data-element_type=\"container\" data-e-type=\"container\">\n\t\t\t\t<div class=\"elementor-element elementor-element-9be4f92 elementor-widget elementor-widget-text-editor\" data-id=\"9be4f92\" data-element_type=\"widget\" data-e-type=\"widget\" data-widget_type=\"text-editor.default\">\n\t\t\t\t<div class=\"elementor-widget-container\">\n\t\t\t\t\t\t\t\t\t<div class=\"et_pb_section et_pb_section_2 et_section_regular\"><div class=\"et_pb_row et_pb_row_2\"><div class=\"et_pb_column et_pb_column_3_5 et_pb_column_3 et_pb_css_mix_blend_mode_passthrough et-last-child\"><div class=\"et_pb_module et_pb_text et_pb_text_4 et_pb_text_align_left et_pb_bg_layout_light\"><div class=\"et_pb_text_inner\"><div class=\"et_pb_row et_pb_row_2\"><div class=\"et_pb_column et_pb_column_3_5 et_pb_column_3  et_pb_css_mix_blend_mode_passthrough et-last-child\"><div class=\"et_pb_module et_pb_text et_pb_text_4  et_pb_text_align_left et_pb_bg_layout_light\"><div class=\"et_pb_text_inner\">Lightspeed POS est un syst\u00e8me de caisse moderne et bas\u00e9 sur le Cloud. Il permet de conna\u00eetre tous les chiffres des diff\u00e9rents \u00e9tablissements en un coup d\u2019\u0153il.<\/div><\/div><\/div><\/div><\/div><\/div><\/div><\/div><\/div>\t\t\t\t\t\t\t\t<\/div>\n\t\t\t\t<\/div>\n\t\t\t\t<\/div>\n\t\t\t\t\t<\/div>\n\t\t\t\t<\/div>\n\t\t<div class=\"elementor-element elementor-element-2e1e17a e-flex e-con-boxed e-con e-parent\" data-id=\"2e1e17a\" data-element_type=\"container\" data-e-type=\"container\">\n\t\t\t\t\t<div class=\"e-con-inner\">\n\t\t\t\t<div class=\"elementor-element elementor-element-029bf70 elementor-widget elementor-widget-spacer\" data-id=\"029bf70\" data-element_type=\"widget\" data-e-type=\"widget\" data-widget_type=\"spacer.default\">\n\t\t\t\t<div class=\"elementor-widget-container\">\n\t\t\t\t\t\t\t<div class=\"elementor-spacer\">\n\t\t\t<div class=\"elementor-spacer-inner\"><\/div>\n\t\t<\/div>\n\t\t\t\t\t\t<\/div>\n\t\t\t\t<\/div>\n\t\t\t\t\t<\/div>\n\t\t\t\t<\/div>\n\t\t<div class=\"elementor-element elementor-element-389aab2 e-flex e-con-boxed e-con e-parent\" data-id=\"389aab2\" data-element_type=\"container\" data-e-type=\"container\">\n\t\t\t\t\t<div class=\"e-con-inner\">\n\t\t<div class=\"elementor-element elementor-element-08cb983 e-flex e-con-boxed e-con e-child\" data-id=\"08cb983\" data-element_type=\"container\" data-e-type=\"container\">\n\t\t\t\t\t<div class=\"e-con-inner\">\n\t\t\t\t<div class=\"elementor-element elementor-element-9c63bd5 elementor-widget elementor-widget-image\" data-id=\"9c63bd5\" data-element_type=\"widget\" data-e-type=\"widget\" data-widget_type=\"image.default\">\n\t\t\t\t<div class=\"elementor-widget-container\">\n\t\t\t\t\t\t\t\t\t\t\t\t\t\t\t<img decoding=\"async\" width=\"80\" height=\"80\" src=\"https:\/\/swiss21.org\/wp-content\/uploads\/2023\/09\/Verwaltungsaufgaben.png\" class=\"attachment-large size-large wp-image-32717\" alt=\"\" title=\"\">\t\t\t\t\t\t\t\t\t\t\t\t\t\t\t<\/div>\n\t\t\t\t<\/div>\n\t\t\t\t<div class=\"elementor-element elementor-element-d442b68 elementor-widget elementor-widget-heading\" data-id=\"d442b68\" data-element_type=\"widget\" data-e-type=\"widget\" data-widget_type=\"heading.default\">\n\t\t\t\t<div class=\"elementor-widget-container\">\n\t\t\t\t\t<h3 class=\"elementor-heading-title elementor-size-default\">Simplicit\u00e9 et claret\u00e9<\/h3>\t\t\t\t<\/div>\n\t\t\t\t<\/div>\n\t\t\t\t<div class=\"elementor-element elementor-element-a15389d elementor-widget elementor-widget-text-editor\" data-id=\"a15389d\" data-element_type=\"widget\" data-e-type=\"widget\" data-widget_type=\"text-editor.default\">\n\t\t\t\t<div class=\"elementor-widget-container\">\n\t\t\t\t\t\t\t\t\t<div class=\"et_pb_column et_pb_column_1_3 et_pb_column_4 et_pb_css_mix_blend_mode_passthrough\"><div class=\"et_pb_module et_pb_blurb et_pb_blurb_0 et_pb_text_align_center et_pb_blurb_position_top et_pb_bg_layout_light\"><div class=\"et_pb_blurb_content\"><div class=\"et_pb_blurb_container\"><div class=\"et_pb_blurb_description\"><div class=\"et_pb_column et_pb_column_1_3 et_pb_column_4  et_pb_css_mix_blend_mode_passthrough\"><div class=\"et_pb_module et_pb_blurb et_pb_blurb_0  et_pb_text_align_center  et_pb_blurb_position_top et_pb_bg_layout_light\"><div class=\"et_pb_blurb_content\"><div class=\"et_pb_blurb_container\"><div class=\"et_pb_blurb_description\"><p>Syst\u00e8me de caisse iPad avec plans de table graphiques et touches color\u00e9es \u2013 outil intuitif, aucune formation requise.<\/p><\/div><\/div><\/div><\/div><\/div><\/div><\/div><\/div><\/div><\/div>\t\t\t\t\t\t\t\t<\/div>\n\t\t\t\t<\/div>\n\t\t\t\t\t<\/div>\n\t\t\t\t<\/div>\n\t\t<div class=\"elementor-element elementor-element-b37db78 e-flex e-con-boxed e-con e-child\" data-id=\"b37db78\" data-element_type=\"container\" data-e-type=\"container\">\n\t\t\t\t\t<div class=\"e-con-inner\">\n\t\t\t\t<div class=\"elementor-element elementor-element-4ff78cb elementor-widget elementor-widget-image\" data-id=\"4ff78cb\" data-element_type=\"widget\" data-e-type=\"widget\" data-widget_type=\"image.default\">\n\t\t\t\t<div class=\"elementor-widget-container\">\n\t\t\t\t\t\t\t\t\t\t\t\t\t\t\t<img decoding=\"async\" width=\"80\" height=\"80\" src=\"https:\/\/swiss21.org\/wp-content\/uploads\/2023\/09\/Teure_software.png\" class=\"attachment-large size-large wp-image-32715\" alt=\"\" title=\"\">\t\t\t\t\t\t\t\t\t\t\t\t\t\t\t<\/div>\n\t\t\t\t<\/div>\n\t\t\t\t<div class=\"elementor-element elementor-element-61f9e53 elementor-widget elementor-widget-heading\" data-id=\"61f9e53\" data-element_type=\"widget\" data-e-type=\"widget\" data-widget_type=\"heading.default\">\n\t\t\t\t<div class=\"elementor-widget-container\">\n\t\t\t\t\t<h3 class=\"elementor-heading-title elementor-size-default\">Flexibilit\u00e9<\/h3>\t\t\t\t<\/div>\n\t\t\t\t<\/div>\n\t\t\t\t<div class=\"elementor-element elementor-element-32867e3 elementor-widget elementor-widget-text-editor\" data-id=\"32867e3\" data-element_type=\"widget\" data-e-type=\"widget\" data-widget_type=\"text-editor.default\">\n\t\t\t\t<div class=\"elementor-widget-container\">\n\t\t\t\t\t\t\t\t\t<div class=\"et_pb_column et_pb_column_1_3 et_pb_column_5 et_pb_css_mix_blend_mode_passthrough\"><div class=\"et_pb_module et_pb_blurb et_pb_blurb_1 et_pb_text_align_center et_pb_blurb_position_top et_pb_bg_layout_light\"><div class=\"et_pb_blurb_content\"><div class=\"et_pb_blurb_container\"><div class=\"et_pb_blurb_description\"><div class=\"et_pb_column et_pb_column_1_3 et_pb_column_5  et_pb_css_mix_blend_mode_passthrough\"><div class=\"et_pb_module et_pb_blurb et_pb_blurb_1  et_pb_text_align_center  et_pb_blurb_position_top et_pb_bg_layout_light\"><div class=\"et_pb_blurb_content\"><div class=\"et_pb_blurb_container\"><div class=\"et_pb_blurb_description\"><p>Pour les petits et les grands \u00e9tablissements. Lightspeed POS est le syst\u00e8me de caisse id\u00e9al pour la vente rapide ou les restaurants avec plan des salles.<\/p><\/div><\/div><\/div><\/div><\/div><\/div><\/div><\/div><\/div><\/div>\t\t\t\t\t\t\t\t<\/div>\n\t\t\t\t<\/div>\n\t\t\t\t\t<\/div>\n\t\t\t\t<\/div>\n\t\t<div class=\"elementor-element elementor-element-877231a e-flex e-con-boxed e-con e-child\" data-id=\"877231a\" data-element_type=\"container\" data-e-type=\"container\">\n\t\t\t\t\t<div class=\"e-con-inner\">\n\t\t\t\t<div class=\"elementor-element elementor-element-8e76027 elementor-widget elementor-widget-image\" data-id=\"8e76027\" data-element_type=\"widget\" data-e-type=\"widget\" data-widget_type=\"image.default\">\n\t\t\t\t<div class=\"elementor-widget-container\">\n\t\t\t\t\t\t\t\t\t\t\t\t\t\t\t<img loading=\"lazy\" decoding=\"async\" width=\"80\" height=\"80\" src=\"https:\/\/swiss21.org\/wp-content\/uploads\/2023\/09\/Komplex_administration.png\" class=\"attachment-large size-large wp-image-32711\" alt=\"\" title=\"\">\t\t\t\t\t\t\t\t\t\t\t\t\t\t\t<\/div>\n\t\t\t\t<\/div>\n\t\t\t\t<div class=\"elementor-element elementor-element-50bcfcb elementor-widget elementor-widget-heading\" data-id=\"50bcfcb\" data-element_type=\"widget\" data-e-type=\"widget\" data-widget_type=\"heading.default\">\n\t\t\t\t<div class=\"elementor-widget-container\">\n\t\t\t\t\t<h3 class=\"elementor-heading-title elementor-size-default\">Fiabilit\u00e9<\/h3>\t\t\t\t<\/div>\n\t\t\t\t<\/div>\n\t\t\t\t<div class=\"elementor-element elementor-element-1527ff9 elementor-widget elementor-widget-text-editor\" data-id=\"1527ff9\" data-element_type=\"widget\" data-e-type=\"widget\" data-widget_type=\"text-editor.default\">\n\t\t\t\t<div class=\"elementor-widget-container\">\n\t\t\t\t\t\t\t\t\t<div class=\"et_pb_row et_pb_row_4\"><div class=\"et_pb_column et_pb_column_4_4 et_pb_column_7 et_pb_css_mix_blend_mode_passthrough et-last-child\"><div class=\"et_pb_module et_pb_video et_pb_video_0\"><div class=\"et_pb_video_box\" style=\"text-align: center;\"><div class=\"et_pb_row et_pb_row_3\"><div class=\"et_pb_column et_pb_column_1_3 et_pb_column_6  et_pb_css_mix_blend_mode_passthrough et-last-child\"><div class=\"et_pb_module et_pb_blurb et_pb_blurb_2  et_pb_text_align_center  et_pb_blurb_position_top et_pb_bg_layout_light\"><div class=\"et_pb_blurb_content\"><div class=\"et_pb_blurb_container\"><div class=\"et_pb_blurb_description\"><p>Fonctionnement hors ligne, donn\u00e9es prot\u00e9g\u00e9es et s\u00e9curis\u00e9es. M\u00eame sans connexion Internet, vous pouvez toujours g\u00e9rer votre \u00e9tablissement.<\/p><\/div><\/div><\/div><\/div><\/div><\/div><\/div><\/div><\/div><\/div>\t\t\t\t\t\t\t\t<\/div>\n\t\t\t\t<\/div>\n\t\t\t\t\t<\/div>\n\t\t\t\t<\/div>\n\t\t\t\t\t<\/div>\n\t\t\t\t<\/div>\n\t\t<div class=\"elementor-element elementor-element-f60d8c0 e-flex e-con-boxed e-con e-parent\" data-id=\"f60d8c0\" data-element_type=\"container\" data-e-type=\"container\">\n\t\t\t\t\t<div class=\"e-con-inner\">\n\t\t\t\t<div class=\"elementor-element elementor-element-ddc5a27 elementor-widget elementor-widget-spacer\" data-id=\"ddc5a27\" data-element_type=\"widget\" data-e-type=\"widget\" data-widget_type=\"spacer.default\">\n\t\t\t\t<div class=\"elementor-widget-container\">\n\t\t\t\t\t\t\t<div class=\"elementor-spacer\">\n\t\t\t<div class=\"elementor-spacer-inner\"><\/div>\n\t\t<\/div>\n\t\t\t\t\t\t<\/div>\n\t\t\t\t<\/div>\n\t\t\t\t\t<\/div>\n\t\t\t\t<\/div>\n\t\t<div class=\"elementor-element elementor-element-48ac331 e-flex e-con-boxed e-con e-parent\" data-id=\"48ac331\" data-element_type=\"container\" data-e-type=\"container\">\n\t\t\t\t\t<div class=\"e-con-inner\">\n\t\t<div class=\"elementor-element elementor-element-b9b92f4 e-con-full e-flex e-con e-child\" data-id=\"b9b92f4\" data-element_type=\"container\" data-e-type=\"container\">\n\t\t\t\t<div class=\"elementor-element elementor-element-08fe9c5 elementor-widget elementor-widget-heading\" data-id=\"08fe9c5\" data-element_type=\"widget\" data-e-type=\"widget\" data-widget_type=\"heading.default\">\n\t\t\t\t<div class=\"elementor-widget-container\">\n\t\t\t\t\t<h2 class=\"elementor-heading-title elementor-size-default\">En savoir plus sur Lightspeed POS<\/h2>\t\t\t\t<\/div>\n\t\t\t\t<\/div>\n\t\t\t\t<div class=\"elementor-element elementor-element-3593512 elementor-widget elementor-widget-text-editor\" data-id=\"3593512\" data-element_type=\"widget\" data-e-type=\"widget\" data-widget_type=\"text-editor.default\">\n\t\t\t\t<div class=\"elementor-widget-container\">\n\t\t\t\t\t\t\t\t\t<p>Le syst\u00e8me de point de vente moderne bas\u00e9 sur le Cloud est op\u00e9rationnel hors connexion et garantit une grande fiabilit\u00e9. Gr\u00e2ce \u00e0 ses modules compl\u00e9mentaires, tels que la gestion de filiales, les licences de caisse ou la fid\u00e9lisation des clients, il convient \u00e9galement aux moyennes et grandes entreprises des secteurs de la restauration et de l\u2019h\u00f4tellerie. Avec Lightspeed POS, la caisse enregistreuse connect\u00e9e s\u2019impose comme un outil indispensable au d\u00e9veloppement de votre activit\u00e9. Avec plus de 15\u2019000 licences vendues et un chiffre d\u2019affaires annuel de CHF 4.5 milliards, la caisse iPad de Lightspeed est l\u2019une des plus performants en Europe.<\/p>\t\t\t\t\t\t\t\t<\/div>\n\t\t\t\t<\/div>\n\t\t\t\t<\/div>\n\t\t<div class=\"elementor-element elementor-element-9ea5ccd e-con-full e-flex e-con e-child\" data-id=\"9ea5ccd\" data-element_type=\"container\" data-e-type=\"container\">\n\t\t\t\t<div class=\"elementor-element elementor-element-9ac369f elementor-widget elementor-widget-heading\" data-id=\"9ac369f\" data-element_type=\"widget\" data-e-type=\"widget\" data-widget_type=\"heading.default\">\n\t\t\t\t<div class=\"elementor-widget-container\">\n\t\t\t\t\t<h2 class=\"elementor-heading-title elementor-size-default\">Avantages<\/h2>\t\t\t\t<\/div>\n\t\t\t\t<\/div>\n\t\t\t\t<div class=\"elementor-element elementor-element-7850426 elementor-widget elementor-widget-text-editor\" data-id=\"7850426\" data-element_type=\"widget\" data-e-type=\"widget\" data-widget_type=\"text-editor.default\">\n\t\t\t\t<div class=\"elementor-widget-container\">\n\t\t\t\t\t\t\t\t\t<ul><li>Visualisation des donn\u00e9es en temps r\u00e9el, accessibilit\u00e9 imm\u00e9diate dans un Cloud s\u00e9curis\u00e9 et sauvegardes automatiques.<\/li><li>Service sur site: coordination, formation en ligne et sur place, installation et suivi.<\/li><li>Caisses enregistreuses mobiles, prise de commande num\u00e9rique et r\u00e9partition de l\u2019addition entre les convives.<\/li><li>Gestion d\u2019un nombre illimit\u00e9 d\u2019\u00e9tablissements. Tous les chiffres en un coup d\u2019\u0153il<\/li><li>De nombreuses interfaces: Paulis Kitchen Solution, PMS, IBELSA, Abacus, AbaNinja, Schank, DRINKOTEC, AbaClocK.<\/li><li>Fid\u00e9lisation des clients gr\u00e2ce \u00e0 la base de donn\u00e9es, \u00e0 la gestion des comptes clients et des bons d\u2019achat, code QR.<\/li><li>Paiement avec terminal mobile et fixe, toutes les cartes de cr\u00e9dit courantes ainsi qu\u2019Apple Pay et Twint.<\/li><\/ul>\t\t\t\t\t\t\t\t<\/div>\n\t\t\t\t<\/div>\n\t\t\t\t<\/div>\n\t\t<div class=\"elementor-element elementor-element-6ec6a29 e-con-full e-flex e-con e-child\" data-id=\"6ec6a29\" data-element_type=\"container\" data-e-type=\"container\">\n\t\t\t\t<div class=\"elementor-element elementor-element-2ab174c elementor-widget elementor-widget-heading\" data-id=\"2ab174c\" data-element_type=\"widget\" data-e-type=\"widget\" data-widget_type=\"heading.default\">\n\t\t\t\t<div class=\"elementor-widget-container\">\n\t\t\t\t\t<h2 class=\"elementor-heading-title elementor-size-default\">Aper\u00e7u<\/h2>\t\t\t\t<\/div>\n\t\t\t\t<\/div>\n\t\t\t\t<div class=\"elementor-element elementor-element-44d2e25 elementor-widget elementor-widget-text-editor\" data-id=\"44d2e25\" data-element_type=\"widget\" data-e-type=\"widget\" data-widget_type=\"text-editor.default\">\n\t\t\t\t<div class=\"elementor-widget-container\">\n\t\t\t\t\t\t\t\t\t<p><strong>Partenaire<\/strong><\/p><p>Lightspeed POS Inc.<\/p><p><strong>Langues disponibles<\/strong><\/p><p>Allemand, fran\u00e7ais, italien et anglais<\/p><p><strong>Contacte<br \/><\/strong><\/p><p><a href=\"tel:+41227004545\">+41 22 700 45 45<\/a><\/p><p><strong>Website<\/strong><\/p><p><a href=\"https:\/\/de.lightspeedhq.ch\/\" target=\"_blank\" rel=\"noopener\">de.lightspeedhq.ch<\/a><\/p>\t\t\t\t\t\t\t\t<\/div>\n\t\t\t\t<\/div>\n\t\t\t\t<div class=\"elementor-element elementor-element-01db3eb elementor-align-center elementor-widget elementor-widget-button\" data-id=\"01db3eb\" data-element_type=\"widget\" data-e-type=\"widget\" data-widget_type=\"button.default\">\n\t\t\t\t<div class=\"elementor-widget-container\">\n\t\t\t\t\t\t\t\t\t<div class=\"elementor-button-wrapper\">\n\t\t\t\t\t<a class=\"elementor-button elementor-button-link elementor-size-sm\" href=\"#\">\n\t\t\t\t\t\t<span class=\"elementor-button-content-wrapper\">\n\t\t\t\t\t\t\t\t\t<span class=\"elementor-button-text\">Utilisez<\/span>\n\t\t\t\t\t<\/span>\n\t\t\t\t\t<\/a>\n\t\t\t\t<\/div>\n\t\t\t\t\t\t\t\t<\/div>\n\t\t\t\t<\/div>\n\t\t\t\t<\/div>\n\t\t\t\t\t<\/div>\n\t\t\t\t<\/div>\n\t\t<div class=\"elementor-element elementor-element-f522da0 e-flex e-con-boxed e-con e-parent\" data-id=\"f522da0\" data-element_type=\"container\" data-e-type=\"container\">\n\t\t\t\t\t<div class=\"e-con-inner\">\n\t\t\t\t<div class=\"elementor-element elementor-element-687c9f0 elementor-widget elementor-widget-spacer\" data-id=\"687c9f0\" data-element_type=\"widget\" data-e-type=\"widget\" data-widget_type=\"spacer.default\">\n\t\t\t\t<div class=\"elementor-widget-container\">\n\t\t\t\t\t\t\t<div class=\"elementor-spacer\">\n\t\t\t<div class=\"elementor-spacer-inner\"><\/div>\n\t\t<\/div>\n\t\t\t\t\t\t<\/div>\n\t\t\t\t<\/div>\n\t\t\t\t\t<\/div>\n\t\t\t\t<\/div>\n\t\t\t\t<\/div>\n\t\t","protected":false},"excerpt":{"rendered":"<p>Lightspeed Syst\u00e8me de caisse enregistreuse pour la restauration Utilisez maintenant Lightspeed POS est un syst\u00e8me de caisse&#8230;<\/p>\n","protected":false},"author":3,"featured_media":0,"parent":33781,"menu_order":0,"comment_status":"closed","ping_status":"closed","template":"full_width.php","meta":{"_acf_changed":false,"footnotes":""},"class_list":["post-33836","page","type-page","status-publish","hentry"],"acf":[],"_links":{"self":[{"href":"https:\/\/swiss21.org\/fr\/wp-json\/wp\/v2\/pages\/33836","targetHints":{"allow":["GET"]}}],"collection":[{"href":"https:\/\/swiss21.org\/fr\/wp-json\/wp\/v2\/pages"}],"about":[{"href":"https:\/\/swiss21.org\/fr\/wp-json\/wp\/v2\/types\/page"}],"author":[{"embeddable":true,"href":"https:\/\/swiss21.org\/fr\/wp-json\/wp\/v2\/users\/3"}],"replies":[{"embeddable":true,"href":"https:\/\/swiss21.org\/fr\/wp-json\/wp\/v2\/comments?post=33836"}],"version-history":[{"count":0,"href":"https:\/\/swiss21.org\/fr\/wp-json\/wp\/v2\/pages\/33836\/revisions"}],"up":[{"embeddable":true,"href":"https:\/\/swiss21.org\/fr\/wp-json\/wp\/v2\/pages\/33781"}],"wp:attachment":[{"href":"https:\/\/swiss21.org\/fr\/wp-json\/wp\/v2\/media?parent=33836"}],"curies":[{"name":"wp","href":"https:\/\/api.w.org\/{rel}","templated":true}]}}