{"id":34067,"date":"2023-10-12T09:03:25","date_gmt":"2023-10-12T07:03:25","guid":{"rendered":"https:\/\/swiss21.org\/?page_id=34067"},"modified":"2026-01-26T11:30:05","modified_gmt":"2026-01-26T10:30:05","slug":"webinaires","status":"publish","type":"page","link":"https:\/\/swiss21.org\/fr\/webinaires\/","title":{"rendered":"Webinaires"},"content":{"rendered":"\t\t<div data-elementor-type=\"wp-page\" data-elementor-id=\"34067\" class=\"elementor elementor-34067 elementor-31006\" data-elementor-post-type=\"page\">\n\t\t\t\t<div class=\"elementor-element elementor-element-875d1c5 e-flex e-con-boxed e-con e-parent\" data-id=\"875d1c5\" data-element_type=\"container\" data-e-type=\"container\" data-settings=\"{&quot;background_background&quot;:&quot;classic&quot;}\">\n\t\t\t\t\t<div class=\"e-con-inner\">\n\t\t<div class=\"elementor-element elementor-element-68dddca e-con-full e-flex e-con e-child\" data-id=\"68dddca\" data-element_type=\"container\" data-e-type=\"container\">\n\t\t\t\t<div class=\"elementor-element elementor-element-9d6b3ae elementor-widget__width-initial elementor-widget elementor-widget-heading\" data-id=\"9d6b3ae\" data-element_type=\"widget\" data-e-type=\"widget\" data-widget_type=\"heading.default\">\n\t\t\t\t<div class=\"elementor-widget-container\">\n\t\t\t\t\t<h1 class=\"elementor-heading-title elementor-size-default\">WEBINAIRES\n<\/h1>\t\t\t\t<\/div>\n\t\t\t\t<\/div>\n\t\t\t\t<div class=\"elementor-element elementor-element-ac0c06b elementor-widget__width-initial elementor-widget elementor-widget-text-editor\" data-id=\"ac0c06b\" data-element_type=\"widget\" data-e-type=\"widget\" data-widget_type=\"text-editor.default\">\n\t\t\t\t<div class=\"elementor-widget-container\">\n\t\t\t\t\t\t\t\t\t<div class=\"et_pb_section et_pb_section_0 et_pb_with_background et_section_regular et_pb_section_first\" data-fix-page-container=\"on\"><div class=\"et_pb_row et_pb_row_0\"><div class=\"et_pb_column et_pb_column_4_4 et_pb_column_0 et_pb_css_mix_blend_mode_passthrough et-last-child\"><div class=\"et_pb_module et_pb_text et_pb_text_1 et_pb_text_align_left et_pb_bg_layout_light\"><div class=\"et_pb_text_inner\"><p><span style=\"color: #ffffff;\">Inscrivez-vous \u00e0 nos webinaires gratuits pour nos diff\u00e9rentes applications et posez vos questions \u00e0 nos experts.<\/span><\/p><\/div><\/div><\/div><\/div><\/div>\t\t\t\t\t\t\t\t<\/div>\n\t\t\t\t<\/div>\n\t\t\t\t<div class=\"elementor-element elementor-element-16ba2b4 elementor-widget elementor-widget-spacer\" data-id=\"16ba2b4\" data-element_type=\"widget\" data-e-type=\"widget\" data-widget_type=\"spacer.default\">\n\t\t\t\t<div class=\"elementor-widget-container\">\n\t\t\t\t\t\t\t<div class=\"elementor-spacer\">\n\t\t\t<div class=\"elementor-spacer-inner\"><\/div>\n\t\t<\/div>\n\t\t\t\t\t\t<\/div>\n\t\t\t\t<\/div>\n\t\t\t\t<\/div>\n\t\t\t\t\t<\/div>\n\t\t\t\t<\/div>\n\t\t<div class=\"elementor-element elementor-element-a486c12 e-flex e-con-boxed e-con e-parent\" data-id=\"a486c12\" data-element_type=\"container\" data-e-type=\"container\">\n\t\t\t\t\t<div class=\"e-con-inner\">\n\t\t\t\t<div class=\"elementor-element elementor-element-4814bc2 elementor-widget elementor-widget-text-editor\" data-id=\"4814bc2\" data-element_type=\"widget\" data-e-type=\"widget\" data-widget_type=\"text-editor.default\">\n\t\t\t\t<div class=\"elementor-widget-container\">\n\t\t\t\t\t\t\t\t\t<div class=\"et_pb_module et_pb_text et_pb_text_4 et_pb_text_align_left et_pb_bg_layout_light\"><div class=\"et_pb_text_inner\" style=\"text-align: left;\">Vous avez des questions sur un sujet sp\u00e9cifique que vous souhaitez approfondir par une visite guid\u00e9e ? Cela est \u00e9galement possible avec Swiss21 : gr\u00e2ce \u00e0 nos webinaires, vous serez guid\u00e9 par nos sp\u00e9cialistes sur un sujet sp\u00e9cifique, vous pourrez poser des questions et en m\u00eame temps b\u00e9n\u00e9ficier de celles des autres participants. Nous publions ici les dates de nos webinaires. Devenez vous-m\u00eame un sp\u00e9cialiste de Swiss21 \u2013 efficace et rapide.<\/div><\/div>\t\t\t\t\t\t\t\t<\/div>\n\t\t\t\t<\/div>\n\t\t\t\t<div class=\"elementor-element elementor-element-54090cb elementor-widget elementor-widget-shortcode\" data-id=\"54090cb\" data-element_type=\"widget\" data-e-type=\"widget\" data-widget_type=\"shortcode.default\">\n\t\t\t\t<div class=\"elementor-widget-container\">\n\t\t\t\t\t\t\t<div class=\"elementor-shortcode\"><iframe title=\"Swiss21.org Events | Livestorm\" src=\"https:\/\/app.livestorm.co\/swiss21-org-ag\/upcoming?upcoming_locale=de&amp;limit=4\" width=\"100%\" height=\"200\" frameborder=\"0\"><\/iframe><\/div>\n\t\t\t\t\t\t<\/div>\n\t\t\t\t<\/div>\n\t\t\t\t<div class=\"elementor-element elementor-element-cd37e8b elementor-widget elementor-widget-shortcode\" data-id=\"cd37e8b\" data-element_type=\"widget\" data-e-type=\"widget\" data-widget_type=\"shortcode.default\">\n\t\t\t\t<div class=\"elementor-widget-container\">\n\t\t\t\t\t\t\t<div class=\"elementor-shortcode\"><iframe width=\"100%\" height=\"800\" frameborder=\"0\" src=\"https:\/\/app.livestorm.co\/swiss21-org-ag\/on_demand?on_demand_locale=fr\" title=\"Swiss21.org Events | Livestorm\"><\/iframe><\/div>\n\t\t\t\t\t\t<\/div>\n\t\t\t\t<\/div>\n\t\t\t\t<div class=\"elementor-element elementor-element-97c2d44 elementor-widget elementor-widget-spacer\" data-id=\"97c2d44\" data-element_type=\"widget\" data-e-type=\"widget\" data-widget_type=\"spacer.default\">\n\t\t\t\t<div class=\"elementor-widget-container\">\n\t\t\t\t\t\t\t<div class=\"elementor-spacer\">\n\t\t\t<div class=\"elementor-spacer-inner\"><\/div>\n\t\t<\/div>\n\t\t\t\t\t\t<\/div>\n\t\t\t\t<\/div>\n\t\t\t\t\t<\/div>\n\t\t\t\t<\/div>\n\t\t\t\t<\/div>\n\t\t","protected":false},"excerpt":{"rendered":"<p>WEBINAIRES Inscrivez-vous \u00e0 nos webinaires gratuits pour nos diff\u00e9rentes applications et posez vos questions \u00e0 nos experts&#8230;.<\/p>\n","protected":false},"author":3,"featured_media":0,"parent":0,"menu_order":0,"comment_status":"closed","ping_status":"closed","template":"full_width.php","meta":{"_acf_changed":false,"footnotes":""},"class_list":["post-34067","page","type-page","status-publish","hentry"],"acf":[],"_links":{"self":[{"href":"https:\/\/swiss21.org\/fr\/wp-json\/wp\/v2\/pages\/34067","targetHints":{"allow":["GET"]}}],"collection":[{"href":"https:\/\/swiss21.org\/fr\/wp-json\/wp\/v2\/pages"}],"about":[{"href":"https:\/\/swiss21.org\/fr\/wp-json\/wp\/v2\/types\/page"}],"author":[{"embeddable":true,"href":"https:\/\/swiss21.org\/fr\/wp-json\/wp\/v2\/users\/3"}],"replies":[{"embeddable":true,"href":"https:\/\/swiss21.org\/fr\/wp-json\/wp\/v2\/comments?post=34067"}],"version-history":[{"count":0,"href":"https:\/\/swiss21.org\/fr\/wp-json\/wp\/v2\/pages\/34067\/revisions"}],"wp:attachment":[{"href":"https:\/\/swiss21.org\/fr\/wp-json\/wp\/v2\/media?parent=34067"}],"curies":[{"name":"wp","href":"https:\/\/api.w.org\/{rel}","templated":true}]}}