{"id":34163,"date":"2023-10-12T13:45:07","date_gmt":"2023-10-12T11:45:07","guid":{"rendered":"https:\/\/swiss21.org\/?page_id=34163"},"modified":"2026-02-24T10:17:25","modified_gmt":"2026-02-24T09:17:25","slug":"mentions-legales","status":"publish","type":"page","link":"https:\/\/swiss21.org\/fr\/mentions-legales\/","title":{"rendered":"Mentions l\u00e9gales"},"content":{"rendered":"\t\t<div data-elementor-type=\"wp-page\" data-elementor-id=\"34163\" class=\"elementor elementor-34163 elementor-31051\" data-elementor-post-type=\"page\">\n\t\t\t\t<div class=\"elementor-element elementor-element-875d1c5 e-flex e-con-boxed e-con e-parent\" data-id=\"875d1c5\" data-element_type=\"container\" data-e-type=\"container\" data-settings=\"{&quot;background_background&quot;:&quot;classic&quot;}\">\n\t\t\t\t\t<div class=\"e-con-inner\">\n\t\t<div class=\"elementor-element elementor-element-68dddca e-con-full e-flex e-con e-child\" data-id=\"68dddca\" data-element_type=\"container\" data-e-type=\"container\">\n\t\t\t\t<div class=\"elementor-element elementor-element-9d6b3ae elementor-widget__width-initial elementor-widget elementor-widget-heading\" data-id=\"9d6b3ae\" data-element_type=\"widget\" data-e-type=\"widget\" data-widget_type=\"heading.default\">\n\t\t\t\t<div class=\"elementor-widget-container\">\n\t\t\t\t\t<h1 class=\"elementor-heading-title elementor-size-default\">MENTIONS L\u00c9GALES<\/h1>\t\t\t\t<\/div>\n\t\t\t\t<\/div>\n\t\t\t\t<div class=\"elementor-element elementor-element-16ba2b4 elementor-widget elementor-widget-spacer\" data-id=\"16ba2b4\" data-element_type=\"widget\" data-e-type=\"widget\" data-widget_type=\"spacer.default\">\n\t\t\t\t<div class=\"elementor-widget-container\">\n\t\t\t\t\t\t\t<div class=\"elementor-spacer\">\n\t\t\t<div class=\"elementor-spacer-inner\"><\/div>\n\t\t<\/div>\n\t\t\t\t\t\t<\/div>\n\t\t\t\t<\/div>\n\t\t\t\t<\/div>\n\t\t\t\t\t<\/div>\n\t\t\t\t<\/div>\n\t\t<div class=\"elementor-element elementor-element-a486c12 e-flex e-con-boxed e-con e-parent\" data-id=\"a486c12\" data-element_type=\"container\" data-e-type=\"container\">\n\t\t\t\t\t<div class=\"e-con-inner\">\n\t\t\t\t<div class=\"elementor-element elementor-element-4814bc2 elementor-widget elementor-widget-text-editor\" data-id=\"4814bc2\" data-element_type=\"widget\" data-e-type=\"widget\" data-widget_type=\"text-editor.default\">\n\t\t\t\t<div class=\"elementor-widget-container\">\n\t\t\t\t\t\t\t\t\t<div class=\"markdowned\"><div class=\"et_pb_module et_pb_text et_pb_text_2 et_pb_text_align_left et_pb_bg_layout_light\"><div class=\"et_pb_text_inner\"><p>Swiss21.org SA<br \/>Heiligkreuzstrasse 5<br \/>9008 Saint-Gall<\/p><div class=\"et_pb_module et_pb_text et_pb_text_2 et_pb_text_align_left et_pb_bg_layout_light\"><div class=\"et_pb_text_inner\"><p>Si vous avez des questions sur le logiciel lui-m\u00eame ou si vous avez besoin d\u2019assistance, veuillez contacter support@swiss21.org. Dans le\u00a0<a href=\"https:\/\/helpdesk.swiss21.org\/hc\/fr\" target=\"_blank\" rel=\"noopener noreferrer\">Helpdesk<\/a>, vous trouverez \u00e9galement de nombreuses ressources d\u2019aide et des instructions pour les applications Swiss21.org.<\/p><\/div><\/div><div class=\"et_pb_module et_pb_text et_pb_text_3 et_pb_text_align_left et_pb_bg_layout_light\"><div class=\"et_pb_text_inner\"><div class=\"et_pb_module et_pb_text et_pb_text_0 et_pb_bg_layout_light et_pb_text_align_left\"><div class=\"et_pb_text_inner\"><p><strong>Copyright<\/strong><\/p><p>Les droits d\u2019auteur de tous les contenus de ce site Web appartiennent \u00e0 Swiss21.org AG.<\/p><p><strong>Clause de non-responsabilit\u00e9<\/strong><\/p><p>Tous les textes et liens ont \u00e9t\u00e9 soigneusement v\u00e9rifi\u00e9s et sont constamment mis \u00e0 jour. Nous nous effor\u00e7ons de fournir des informations correctes et compl\u00e8tes sur ce site Web, mais nous n\u2019assumons aucune responsabilit\u00e9, garantie ou obligation, quelle qu\u2019elle soit, quant \u00e0 l\u2019exactitude, l\u2019exhaustivit\u00e9 ou l\u2019actualit\u00e9 des informations fournies sur ce site Web ; nous nous r\u00e9servons le droit de modifier \u00e0 tout moment et sans pr\u00e9avis les informations contenues sur ce site et ne nous engageons pas \u00e0 les actualiser. Tous les liens vers des fournisseurs externes ont \u00e9t\u00e9 v\u00e9rifi\u00e9s au moment de leur inclusion, mais nous ne sommes pas responsables du contenu et de la disponibilit\u00e9 des sites Web accessibles par hyperliens. Pour les contenus ill\u00e9gaux, incorrects ou incomplets et en particulier pour les dommages qui r\u00e9sultent des contenus des pages li\u00e9es, seul l\u2019offrant de la page \u00e0 laquelle on renvoie est responsable. Qu\u2019il s\u2019agisse d\u2019un dommage direct, indirect ou financier ou de tout autre dommage pouvant r\u00e9sulter d\u2019une perte de donn\u00e9es, d\u2019une perte d\u2019utilisation ou d\u2019autres raisons de quelque nature que ce soit, il n\u2019y a aucune importance.<\/p><p><strong>R\u00e9serve d\u2019utilisation aux fins de fouille de textes et de donn\u00e9es (\u00ab text and data mining \u00bb)<\/strong><\/p><p>Les contenus mis \u00e0 disposition sur nos sites web (tels que les informations, \u0153uvres et bases de donn\u00e9es) font l\u2019objet d&#8217;une r\u00e9serve d&#8217;utilisation contre la fouille de textes et de donn\u00e9es (&#8220;text and data mining&#8221;), en particulier dans le cadre de l&#8217;entra\u00eenement de l&#8217;intelligence artificielle. L&#8217;utilisation de ces contenus pour l&#8217;affichage dans les r\u00e9sultats de recherche est autoris\u00e9e.<\/p><\/div><\/div><\/div><\/div><\/div><\/div><\/div>\t\t\t\t\t\t\t\t<\/div>\n\t\t\t\t<\/div>\n\t\t\t\t<div class=\"elementor-element elementor-element-97c2d44 elementor-widget elementor-widget-spacer\" data-id=\"97c2d44\" data-element_type=\"widget\" data-e-type=\"widget\" data-widget_type=\"spacer.default\">\n\t\t\t\t<div class=\"elementor-widget-container\">\n\t\t\t\t\t\t\t<div class=\"elementor-spacer\">\n\t\t\t<div class=\"elementor-spacer-inner\"><\/div>\n\t\t<\/div>\n\t\t\t\t\t\t<\/div>\n\t\t\t\t<\/div>\n\t\t\t\t\t<\/div>\n\t\t\t\t<\/div>\n\t\t<div class=\"elementor-element elementor-element-4740252 e-flex e-con-boxed e-con e-parent\" data-id=\"4740252\" data-element_type=\"container\" data-e-type=\"container\">\n\t\t\t\t\t<div class=\"e-con-inner\">\n\t\t\t\t<div class=\"elementor-element elementor-element-4963f77 elementor-widget elementor-widget-spacer\" data-id=\"4963f77\" data-element_type=\"widget\" data-e-type=\"widget\" data-widget_type=\"spacer.default\">\n\t\t\t\t<div class=\"elementor-widget-container\">\n\t\t\t\t\t\t\t<div class=\"elementor-spacer\">\n\t\t\t<div class=\"elementor-spacer-inner\"><\/div>\n\t\t<\/div>\n\t\t\t\t\t\t<\/div>\n\t\t\t\t<\/div>\n\t\t\t\t\t<\/div>\n\t\t\t\t<\/div>\n\t\t\t\t<\/div>\n\t\t","protected":false},"excerpt":{"rendered":"<p>MENTIONS L\u00c9GALES Swiss21.org SAHeiligkreuzstrasse 59008 Saint-Gall Si vous avez des questions sur le logiciel lui-m\u00eame ou si&#8230;<\/p>\n","protected":false},"author":3,"featured_media":0,"parent":0,"menu_order":0,"comment_status":"closed","ping_status":"closed","template":"full_width.php","meta":{"_acf_changed":false,"footnotes":""},"class_list":["post-34163","page","type-page","status-publish","hentry"],"acf":[],"_links":{"self":[{"href":"https:\/\/swiss21.org\/fr\/wp-json\/wp\/v2\/pages\/34163","targetHints":{"allow":["GET"]}}],"collection":[{"href":"https:\/\/swiss21.org\/fr\/wp-json\/wp\/v2\/pages"}],"about":[{"href":"https:\/\/swiss21.org\/fr\/wp-json\/wp\/v2\/types\/page"}],"author":[{"embeddable":true,"href":"https:\/\/swiss21.org\/fr\/wp-json\/wp\/v2\/users\/3"}],"replies":[{"embeddable":true,"href":"https:\/\/swiss21.org\/fr\/wp-json\/wp\/v2\/comments?post=34163"}],"version-history":[{"count":0,"href":"https:\/\/swiss21.org\/fr\/wp-json\/wp\/v2\/pages\/34163\/revisions"}],"wp:attachment":[{"href":"https:\/\/swiss21.org\/fr\/wp-json\/wp\/v2\/media?parent=34163"}],"curies":[{"name":"wp","href":"https:\/\/api.w.org\/{rel}","templated":true}]}}