{"id":34171,"date":"2023-10-12T14:36:12","date_gmt":"2023-10-12T12:36:12","guid":{"rendered":"https:\/\/swiss21.org\/?page_id=34171"},"modified":"2026-02-24T10:26:06","modified_gmt":"2026-02-24T09:26:06","slug":"autres-sous-traitants","status":"publish","type":"page","link":"https:\/\/swiss21.org\/fr\/autres-sous-traitants\/","title":{"rendered":"Autres sous-traitants de Swiss21.org SA\u200b"},"content":{"rendered":"\t\t<div data-elementor-type=\"wp-page\" data-elementor-id=\"34171\" class=\"elementor elementor-34171 elementor-31077\" data-elementor-post-type=\"page\">\n\t\t\t\t<div class=\"elementor-element elementor-element-875d1c5 e-flex e-con-boxed e-con e-parent\" data-id=\"875d1c5\" data-element_type=\"container\" data-e-type=\"container\" data-settings=\"{&quot;background_background&quot;:&quot;classic&quot;}\">\n\t\t\t\t\t<div class=\"e-con-inner\">\n\t\t<div class=\"elementor-element elementor-element-68dddca e-con-full e-flex e-con e-child\" data-id=\"68dddca\" data-element_type=\"container\" data-e-type=\"container\">\n\t\t\t\t<div class=\"elementor-element elementor-element-9d6b3ae elementor-widget__width-initial elementor-widget elementor-widget-heading\" data-id=\"9d6b3ae\" data-element_type=\"widget\" data-e-type=\"widget\" data-widget_type=\"heading.default\">\n\t\t\t\t<div class=\"elementor-widget-container\">\n\t\t\t\t\t<h1 class=\"elementor-heading-title elementor-size-default\">Autres sous-traitants de Swiss21.org SA<\/h1>\t\t\t\t<\/div>\n\t\t\t\t<\/div>\n\t\t\t\t<div class=\"elementor-element elementor-element-16ba2b4 elementor-widget elementor-widget-spacer\" data-id=\"16ba2b4\" data-element_type=\"widget\" data-e-type=\"widget\" data-widget_type=\"spacer.default\">\n\t\t\t\t<div class=\"elementor-widget-container\">\n\t\t\t\t\t\t\t<div class=\"elementor-spacer\">\n\t\t\t<div class=\"elementor-spacer-inner\"><\/div>\n\t\t<\/div>\n\t\t\t\t\t\t<\/div>\n\t\t\t\t<\/div>\n\t\t\t\t<\/div>\n\t\t\t\t\t<\/div>\n\t\t\t\t<\/div>\n\t\t<div class=\"elementor-element elementor-element-a486c12 e-flex e-con-boxed e-con e-parent\" data-id=\"a486c12\" data-element_type=\"container\" data-e-type=\"container\">\n\t\t\t\t\t<div class=\"e-con-inner\">\n\t\t\t\t<div class=\"elementor-element elementor-element-4814bc2 elementor-widget elementor-widget-text-editor\" data-id=\"4814bc2\" data-element_type=\"widget\" data-e-type=\"widget\" data-widget_type=\"text-editor.default\">\n\t\t\t\t<div class=\"elementor-widget-container\">\n\t\t\t\t\t\t\t\t\t<div class=\"markdowned\"><div id=\"main-content\"><article id=\"post-53253\" class=\"post-53253 page type-page status-publish hentry\"><div class=\"entry-content\"><div class=\"et-l et-l--post\"><div class=\"et_builder_inner_content et_pb_gutters3\"><div class=\"et_pb_section et_pb_section_0 et_pb_with_background et_section_regular et_pb_section_first\" data-padding=\"3vw||3vw|\"><div class=\"et_pb_row et_pb_row_0\"><div class=\"et_pb_column et_pb_column_4_4 et_pb_column_0 et_pb_css_mix_blend_mode_passthrough et-last-child\"><div class=\"et_pb_module et_pb_text et_pb_text_1 et_pb_text_align_justified et_pb_bg_layout_light\"><div class=\"et_pb_text_inner\"><div class=\"et_pb_module et_pb_text et_pb_text_1 et_pb_text_align_justified et_pb_bg_layout_light\"><div class=\"et_pb_text_inner\"><p><strong>Annexe au Contrat de sous-traitance de donn\u00e9es (CSTD) entre le mandant et Swiss21.org SA, Heiligkreuzstrasse 5, 9008 Saint-Gall \u2013 Liste \u00ab Autres sous-traitants de Swiss21.org SA \u00bb<\/strong><\/p><table width=\"100%\"><tbody><tr><td width=\"15%\"><strong>Nom du sous-traitant<\/strong><\/td><td width=\"17%\"><strong>Fonction du sous-traitant<\/strong><\/td><td width=\"21%\"><strong>Motif de la sous-traitance<\/strong><\/td><td width=\"16%\"><p><strong>Lieu de la sous-traitance \/<\/strong><\/p><p><strong>\u00e9vtl. garanties<\/strong><\/p><\/td><td width=\"11%\"><strong>Rue<\/strong><\/td><td width=\"4%\"><strong>NPA<\/strong><\/td><td width=\"8%\"><strong>Lieu<\/strong><\/td><td width=\"6%\"><strong>Pays<\/strong><\/td><\/tr><tr><td width=\"15%\">Glarotech GmbH<br \/>(pour 21.COMMERCE, 21.SHOP, 21.POS)<\/td><td width=\"17%\">Partenaire de support<\/td><td width=\"21%\">Partenaire de support pour<br \/>21.COMMERCE, 21.SHOP et 21.POS<\/td><td width=\"16%\">Suisse<\/td><td width=\"11%\">Toggenburgerstrasse 156<\/td><td width=\"4%\">9500<\/td><td width=\"8%\">Wil<\/td><td width=\"6%\">Suisse<\/td><\/tr><tr><td width=\"15%\">CAS Software AG<\/td><td width=\"17%\">Partenaire de support<\/td><td width=\"21%\">Partenaire de support pour 21.CRM<\/td><td width=\"16%\">Allemagne<\/td><td width=\"11%\">CAS-Weg 1-5<\/td><td width=\"4%\">76131<\/td><td width=\"8%\">Karlsruhe<\/td><td width=\"6%\">Allemagne<\/td><\/tr><tr><td width=\"15%\">PAYREXX AG<\/td><td width=\"17%\">Plateforme de cartes de paiement<\/td><td width=\"21%\">Gestion des cartes de paiement<\/td><td width=\"16%\">Suisse<\/td><td width=\"11%\">Burgstrasse 20<\/td><td width=\"4%\">3600<\/td><td width=\"8%\">Thun<\/td><td width=\"6%\">Suisse<\/td><\/tr><tr><td width=\"15%\">Abacus Research SA<\/td><td width=\"17%\">Partenaire d\u2019h\u00e9bergement, de support et IT, analyses, communication, marketing<\/td><td width=\"21%\">Partenaire d\u2019h\u00e9bergement, de support et IT pour les applications participantes de Swiss21, analyses, communication pour 21.ABANINJA \/ 21.ABASALARY, AbaNet et AbaClik<\/td><td width=\"16%\">Suisse<\/td><td width=\"11%\">Abacus-Platz 1<\/td><td width=\"4%\">9300<\/td><td width=\"8%\">Wittenbach<\/td><td width=\"6%\">Suisse<\/td><\/tr><tr><td width=\"15%\"><strong>Sous-traitant d\u2019Abacus Research SA<\/strong><\/td><td width=\"17%\">\u00a0<\/td><td width=\"21%\">\u00a0<\/td><td width=\"16%\">\u00a0<\/td><td width=\"11%\">\u00a0<\/td><td width=\"4%\">\u00a0<\/td><td width=\"8%\">\u00a0<\/td><td width=\"6%\">\u00a0<\/td><\/tr><tr><td width=\"15%\">Arcanite Solutions S\u00e0rl<\/td><td width=\"17%\">Partenaire d\u2019h\u00e9bergement et IT<\/td><td width=\"21%\">Hosting et prestations IT<\/td><td width=\"16%\">Suisse<\/td><td width=\"11%\">Route du Verney 18<\/td><td width=\"4%\">1070<\/td><td width=\"8%\">Puidoux<\/td><td width=\"6%\">Suisse<\/td><\/tr><tr><td width=\"15%\">DeepCloud SA<\/td><td width=\"17%\">Partenaire d\u2019h\u00e9bergement, de support et IT<\/td><td width=\"21%\">Hosting et support IT<\/td><td width=\"16%\">Suisse<\/td><td width=\"11%\">Abacus-Platz 1<\/td><td width=\"4%\">9300<\/td><td width=\"8%\">Wittenbach<\/td><td width=\"6%\">Suisse<\/td><\/tr><tr><td width=\"15%\">TeamViewer Germany GmbH<\/td><td width=\"17%\">Outil d\u2019acc\u00e8s \u00e0 distance pour les demandes de support<\/td><td width=\"21%\">Acc\u00e8s \u00e0 distance dans le cadre du support<\/td><td width=\"16%\">Allemagne<\/td><td width=\"11%\">Bahnhofsplatz 2<\/td><td width=\"4%\">73033<\/td><td width=\"8%\">G\u00f6ppingen<\/td><td width=\"6%\">Allemagne<\/td><\/tr><tr><td width=\"15%\">Zendesk, Inc.<\/td><td width=\"17%\">Outil de support : Data Center Location (EU)<\/td><td width=\"21%\">Chat en direct pour le support &amp; syst\u00e8me de tickets pour les cas de support de 21.ABANINJA \/ 21.ABASALARY<\/td><td width=\"16%\"><p>UE\/USA<\/p><p>Clauses contractuelles types<\/p><\/td><td width=\"11%\">1019 Market Street<\/td><td width=\"4%\">94103<\/td><td width=\"8%\">San Francisco, Californie<\/td><td width=\"6%\">USA<\/td><\/tr><tr><td width=\"15%\">Mailgun Technologies, Inc (pour AbaNinja)<\/td><td width=\"17%\">Fournisseur de messagerie pour 21.ABANINJA \/ 21.ABASALARY<\/td><td width=\"21%\">Communication par e-mail pour 21.ABANINJA \/ 21. ABASALARY<\/td><td width=\"16%\"><p>UE\/USA<\/p><p>Clauses contractuelles types<\/p><\/td><td width=\"11%\">548 Market St<\/td><td width=\"4%\">43099<\/td><td width=\"8%\">San Francisco<\/td><td width=\"6%\">USA<\/td><\/tr><tr><td width=\"15%\">Google Ireland Limited (21.ABANINJA)<\/td><td width=\"17%\">Google Analytics, outils e-mails et contr\u00f4le des virus d\u2019e-mails, reCaptcha (activ\u00e9 par d\u00e9faut), outils d\u2019analyse et de s\u00e9curisation des acc\u00e8s et des contenus<\/td><td width=\"21%\">Analyse de l\u2019utilisation de 21.ABANINJA, am\u00e9lioration des applications, outil de s\u00e9curisation contre les acc\u00e8s non autoris\u00e9s<\/td><td width=\"16%\">UE<\/td><td width=\"11%\">Gordon House, Barrow Street<\/td><td width=\"4%\">4<\/td><td width=\"8%\">Dublin<\/td><td width=\"6%\">Irlande<\/td><\/tr><tr><td width=\"15%\">Zanotta AG<\/td><td width=\"17%\">Destruction des documents et des donn\u00e9es<\/td><td width=\"21%\">Destruction des documents et des donn\u00e9es<\/td><td width=\"16%\">Suisse<\/td><td width=\"11%\">Lettenstrasse 3<\/td><td width=\"4%\">9008<\/td><td width=\"8%\">Saint-Gall<\/td><td width=\"6%\">Suisse<\/td><\/tr><\/tbody><\/table><\/div><\/div><div class=\"et_pb_module et_pb_text et_pb_text_2 et_pb_text_align_left et_pb_bg_layout_light\"><div class=\"et_pb_text_inner\"><p>V 2.0, 21.08.2023, Liste Autres sous-traitants CSTD de Swiss21.org SA<\/p><p>Copyright \u00a9 2026 by Swiss21.org SA<\/p><\/div><\/div><\/div><\/div><\/div><\/div><\/div><\/div><\/div><\/div><\/article><\/div><\/div>\t\t\t\t\t\t\t\t<\/div>\n\t\t\t\t<\/div>\n\t\t\t\t<div class=\"elementor-element elementor-element-97c2d44 elementor-widget elementor-widget-spacer\" data-id=\"97c2d44\" data-element_type=\"widget\" data-e-type=\"widget\" data-widget_type=\"spacer.default\">\n\t\t\t\t<div class=\"elementor-widget-container\">\n\t\t\t\t\t\t\t<div class=\"elementor-spacer\">\n\t\t\t<div class=\"elementor-spacer-inner\"><\/div>\n\t\t<\/div>\n\t\t\t\t\t\t<\/div>\n\t\t\t\t<\/div>\n\t\t\t\t\t<\/div>\n\t\t\t\t<\/div>\n\t\t\t\t<\/div>\n\t\t","protected":false},"excerpt":{"rendered":"<p>Autres sous-traitants de Swiss21.org SA Annexe au Contrat de sous-traitance de donn\u00e9es (CSTD) entre le mandant et&#8230;<\/p>\n","protected":false},"author":3,"featured_media":0,"parent":0,"menu_order":0,"comment_status":"closed","ping_status":"closed","template":"full_width.php","meta":{"_acf_changed":false,"footnotes":""},"class_list":["post-34171","page","type-page","status-publish","hentry"],"acf":[],"_links":{"self":[{"href":"https:\/\/swiss21.org\/fr\/wp-json\/wp\/v2\/pages\/34171","targetHints":{"allow":["GET"]}}],"collection":[{"href":"https:\/\/swiss21.org\/fr\/wp-json\/wp\/v2\/pages"}],"about":[{"href":"https:\/\/swiss21.org\/fr\/wp-json\/wp\/v2\/types\/page"}],"author":[{"embeddable":true,"href":"https:\/\/swiss21.org\/fr\/wp-json\/wp\/v2\/users\/3"}],"replies":[{"embeddable":true,"href":"https:\/\/swiss21.org\/fr\/wp-json\/wp\/v2\/comments?post=34171"}],"version-history":[{"count":0,"href":"https:\/\/swiss21.org\/fr\/wp-json\/wp\/v2\/pages\/34171\/revisions"}],"wp:attachment":[{"href":"https:\/\/swiss21.org\/fr\/wp-json\/wp\/v2\/media?parent=34171"}],"curies":[{"name":"wp","href":"https:\/\/api.w.org\/{rel}","templated":true}]}}