{"id":48943,"date":"2026-03-11T13:50:25","date_gmt":"2026-03-11T12:50:25","guid":{"rendered":"https:\/\/swiss21.org\/?page_id=48943"},"modified":"2026-03-12T11:39:23","modified_gmt":"2026-03-12T10:39:23","slug":"videotheque-abaninja","status":"publish","type":"page","link":"https:\/\/swiss21.org\/fr\/videotheque-abaninja\/","title":{"rendered":"AbaNinja Vid\u00e9oth\u00e8que"},"content":{"rendered":"\t\t<div data-elementor-type=\"wp-page\" data-elementor-id=\"48943\" class=\"elementor elementor-48943 elementor-48846\" data-elementor-post-type=\"page\">\n\t\t\t\t<div class=\"elementor-element elementor-element-65db7f8 e-con-full e-flex e-con e-parent\" data-id=\"65db7f8\" data-element_type=\"container\" data-e-type=\"container\" data-settings=\"{&quot;background_background&quot;:&quot;classic&quot;}\">\n\t\t<div class=\"elementor-element elementor-element-c436de9 e-flex e-con-boxed e-con e-child\" data-id=\"c436de9\" data-element_type=\"container\" data-e-type=\"container\">\n\t\t\t\t\t<div class=\"e-con-inner\">\n\t\t\t\t<div class=\"elementor-element elementor-element-e271368 elementor-widget__width-initial elementor-widget elementor-widget-heading\" data-id=\"e271368\" data-element_type=\"widget\" data-e-type=\"widget\" data-widget_type=\"heading.default\">\n\t\t\t\t<div class=\"elementor-widget-container\">\n\t\t\t\t\t<h1 class=\"elementor-heading-title elementor-size-default\">Vid\u00e9oth\u00e8que 21.AbaNinja<\/h1>\t\t\t\t<\/div>\n\t\t\t\t<\/div>\n\t\t\t\t<div class=\"elementor-element elementor-element-b3fd672 elementor-widget__width-initial elementor-widget elementor-widget-text-editor\" data-id=\"b3fd672\" data-element_type=\"widget\" data-e-type=\"widget\" data-widget_type=\"text-editor.default\">\n\t\t\t\t<div class=\"elementor-widget-container\">\n\t\t\t\t\t\t\t\t\t&nbsp;\n<div class=\"et_pb_module et_pb_text et_pb_text_2 et_pb_text_align_left et_pb_bg_layout_light\">\n<div class=\"et_pb_text_inner\">\n<div class=\"et_pb_module et_pb_text et_pb_text_2 et_pb_text_align_left et_pb_bg_layout_light\">\n<div class=\"et_pb_text_inner\"><span style=\"color: #ffffff;\">Dans notre vid\u00e9oth\u00e8que, tu trouveras des instructions \u00e9tape par \u00e9tape pour utiliser les fonctions d&#8217;AbaNinja.<\/span><\/div>\n<\/div>\n<\/div>\n<\/div>\t\t\t\t\t\t\t\t<\/div>\n\t\t\t\t<\/div>\n\t\t\t\t<div class=\"elementor-element elementor-element-6ce75bb elementor-widget elementor-widget-spacer\" data-id=\"6ce75bb\" data-element_type=\"widget\" data-e-type=\"widget\" data-widget_type=\"spacer.default\">\n\t\t\t\t<div class=\"elementor-widget-container\">\n\t\t\t\t\t\t\t<div class=\"elementor-spacer\">\n\t\t\t<div class=\"elementor-spacer-inner\"><\/div>\n\t\t<\/div>\n\t\t\t\t\t\t<\/div>\n\t\t\t\t<\/div>\n\t\t\t\t\t<\/div>\n\t\t\t\t<\/div>\n\t\t\t\t<\/div>\n\t\t<div class=\"elementor-element elementor-element-39f4712 e-grid e-con-boxed e-con e-parent\" data-id=\"39f4712\" data-element_type=\"container\" data-e-type=\"container\">\n\t\t\t\t\t<div class=\"e-con-inner\">\n\t\t<div class=\"elementor-element elementor-element-70b47a6 e-con-full e-flex e-con e-child\" data-id=\"70b47a6\" data-element_type=\"container\" data-e-type=\"container\" data-settings=\"{&quot;background_background&quot;:&quot;classic&quot;}\">\n\t\t\t\t<div class=\"elementor-element elementor-element-2bd0494 elementor-widget elementor-widget-heading\" data-id=\"2bd0494\" data-element_type=\"widget\" data-e-type=\"widget\" data-widget_type=\"heading.default\">\n\t\t\t\t<div class=\"elementor-widget-container\">\n\t\t\t\t\t<h2 class=\"elementor-heading-title elementor-size-default\">Inscription<\/h2>\t\t\t\t<\/div>\n\t\t\t\t<\/div>\n\t\t\t\t<div class=\"elementor-element elementor-element-d3153b3 elementor-widget elementor-widget-text-editor\" data-id=\"d3153b3\" data-element_type=\"widget\" data-e-type=\"widget\" data-widget_type=\"text-editor.default\">\n\t\t\t\t<div class=\"elementor-widget-container\">\n\t\t\t\t\t\t\t\t\t<div class=\"et_pb_module et_pb_text et_pb_text_1 et_pb_text_align_left et_pb_bg_layout_dark\"><div class=\"et_pb_text_inner\"><span data-teams=\"true\">Dans cette playlist vid\u00e9o, vous apprendrez \u00e9tape par \u00e9tape comment vous inscrire sur AbaNinja. Nous vous montrerons comment enregistrer votre compte Swiss21 et ouvrir votre compte AbaNinja. Cette playlist vous accompagne tout au long du processus d&#8217;inscription, de la cr\u00e9ation du compte \u00e0 la premi\u00e8re connexion, et vous aide \u00e0 d\u00e9marrer rapidement et facilement avec AbaNinja.<\/span><\/div><\/div>\t\t\t\t\t\t\t\t<\/div>\n\t\t\t\t<\/div>\n\t\t\t\t<div class=\"elementor-element elementor-element-162556d elementor-widget elementor-widget-button\" data-id=\"162556d\" data-element_type=\"widget\" data-e-type=\"widget\" data-widget_type=\"button.default\">\n\t\t\t\t<div class=\"elementor-widget-container\">\n\t\t\t\t\t\t\t\t\t<div class=\"elementor-button-wrapper\">\n\t\t\t\t\t<a class=\"elementor-button elementor-button-link elementor-size-sm\" href=\"https:\/\/vimeo.com\/showcase\/12134856?fl=so&#038;fe=fs\" target=\"_blank\" rel=\"noopener\">\n\t\t\t\t\t\t<span class=\"elementor-button-content-wrapper\">\n\t\t\t\t\t\t\t\t\t<span class=\"elementor-button-text\">Regarder les vid\u00e9os maintenant<\/span>\n\t\t\t\t\t<\/span>\n\t\t\t\t\t<\/a>\n\t\t\t\t<\/div>\n\t\t\t\t\t\t\t\t<\/div>\n\t\t\t\t<\/div>\n\t\t\t\t<\/div>\n\t\t<div class=\"elementor-element elementor-element-a9ee21a e-con-full e-flex e-con e-child\" data-id=\"a9ee21a\" data-element_type=\"container\" data-e-type=\"container\" data-settings=\"{&quot;background_background&quot;:&quot;classic&quot;}\">\n\t\t\t\t<div class=\"elementor-element elementor-element-f1cac76 elementor-widget elementor-widget-heading\" data-id=\"f1cac76\" data-element_type=\"widget\" data-e-type=\"widget\" data-widget_type=\"heading.default\">\n\t\t\t\t<div class=\"elementor-widget-container\">\n\t\t\t\t\t<h2 class=\"elementor-heading-title elementor-size-default\">Adresses<\/h2>\t\t\t\t<\/div>\n\t\t\t\t<\/div>\n\t\t\t\t<div class=\"elementor-element elementor-element-5a9ff52 elementor-widget elementor-widget-text-editor\" data-id=\"5a9ff52\" data-element_type=\"widget\" data-e-type=\"widget\" data-widget_type=\"text-editor.default\">\n\t\t\t\t<div class=\"elementor-widget-container\">\n\t\t\t\t\t\t\t\t\t<div class=\"et_pb_module et_pb_text et_pb_text_1 et_pb_text_align_left et_pb_bg_layout_dark\"><div class=\"et_pb_text_inner\">Dans cette playlist vid\u00e9o, vous apprendrez \u00e0 utiliser efficacement la gestion des adresses dans AbaNinja. Nous vous montrerons comment cr\u00e9er de nouvelles adresses professionnelles et priv\u00e9es et enregistrer et modifier des informations suppl\u00e9mentaires pertinentes telles que les crit\u00e8res d&#8217;adresse.<\/div><\/div>\t\t\t\t\t\t\t\t<\/div>\n\t\t\t\t<\/div>\n\t\t\t\t<div class=\"elementor-element elementor-element-b8b9735 elementor-align-left elementor-widget elementor-widget-button\" data-id=\"b8b9735\" data-element_type=\"widget\" data-e-type=\"widget\" data-widget_type=\"button.default\">\n\t\t\t\t<div class=\"elementor-widget-container\">\n\t\t\t\t\t\t\t\t\t<div class=\"elementor-button-wrapper\">\n\t\t\t\t\t<a class=\"elementor-button elementor-button-link elementor-size-sm\" href=\"https:\/\/vimeo.com\/showcase\/12129786?fl=so&#038;fe=fs\" target=\"_blank\" rel=\"noopener\">\n\t\t\t\t\t\t<span class=\"elementor-button-content-wrapper\">\n\t\t\t\t\t\t\t\t\t<span class=\"elementor-button-text\">Regarder les vid\u00e9os maintenant<\/span>\n\t\t\t\t\t<\/span>\n\t\t\t\t\t<\/a>\n\t\t\t\t<\/div>\n\t\t\t\t\t\t\t\t<\/div>\n\t\t\t\t<\/div>\n\t\t\t\t<\/div>\n\t\t<div class=\"elementor-element elementor-element-f3442ee e-con-full e-flex e-con e-child\" data-id=\"f3442ee\" data-element_type=\"container\" data-e-type=\"container\" data-settings=\"{&quot;background_background&quot;:&quot;classic&quot;}\">\n\t\t\t\t<div class=\"elementor-element elementor-element-2126b75 elementor-widget elementor-widget-heading\" data-id=\"2126b75\" data-element_type=\"widget\" data-e-type=\"widget\" data-widget_type=\"heading.default\">\n\t\t\t\t<div class=\"elementor-widget-container\">\n\t\t\t\t\t<h2 class=\"elementor-heading-title elementor-size-default\">Produits<\/h2>\t\t\t\t<\/div>\n\t\t\t\t<\/div>\n\t\t\t\t<div class=\"elementor-element elementor-element-ab2bc90 elementor-widget elementor-widget-text-editor\" data-id=\"ab2bc90\" data-element_type=\"widget\" data-e-type=\"widget\" data-widget_type=\"text-editor.default\">\n\t\t\t\t<div class=\"elementor-widget-container\">\n\t\t\t\t\t\t\t\t\t<div class=\"et_pb_module et_pb_text et_pb_text_1 et_pb_text_align_left et_pb_bg_layout_dark\"><div class=\"et_pb_text_inner\"><span data-teams=\"true\">Dans cette playlist vid\u00e9o, vous apprendrez \u00e0 g\u00e9rer vos produits dans AbaNinja. Nous vous montrerons comment cr\u00e9er de nouveaux produits et g\u00e9rer de nouvelles unit\u00e9s.<\/span><\/div><\/div>\t\t\t\t\t\t\t\t<\/div>\n\t\t\t\t<\/div>\n\t\t\t\t<div class=\"elementor-element elementor-element-56f551e elementor-widget elementor-widget-button\" data-id=\"56f551e\" data-element_type=\"widget\" data-e-type=\"widget\" data-widget_type=\"button.default\">\n\t\t\t\t<div class=\"elementor-widget-container\">\n\t\t\t\t\t\t\t\t\t<div class=\"elementor-button-wrapper\">\n\t\t\t\t\t<a class=\"elementor-button elementor-button-link elementor-size-sm\" href=\"https:\/\/vimeo.com\/showcase\/12123697?fl=so&#038;fe=fs\" target=\"_blank\" rel=\"noopener\">\n\t\t\t\t\t\t<span class=\"elementor-button-content-wrapper\">\n\t\t\t\t\t\t\t\t\t<span class=\"elementor-button-text\">Regarder les vid\u00e9os maintenant<\/span>\n\t\t\t\t\t<\/span>\n\t\t\t\t\t<\/a>\n\t\t\t\t<\/div>\n\t\t\t\t\t\t\t\t<\/div>\n\t\t\t\t<\/div>\n\t\t\t\t<\/div>\n\t\t<div class=\"elementor-element elementor-element-00aa647 e-con-full e-flex e-con e-child\" data-id=\"00aa647\" data-element_type=\"container\" data-e-type=\"container\" data-settings=\"{&quot;background_background&quot;:&quot;classic&quot;}\">\n\t\t\t\t<div class=\"elementor-element elementor-element-0159439 elementor-widget elementor-widget-heading\" data-id=\"0159439\" data-element_type=\"widget\" data-e-type=\"widget\" data-widget_type=\"heading.default\">\n\t\t\t\t<div class=\"elementor-widget-container\">\n\t\t\t\t\t<h2 class=\"elementor-heading-title elementor-size-default\">Clients<\/h2>\t\t\t\t<\/div>\n\t\t\t\t<\/div>\n\t\t\t\t<div class=\"elementor-element elementor-element-eb1e642 elementor-widget elementor-widget-text-editor\" data-id=\"eb1e642\" data-element_type=\"widget\" data-e-type=\"widget\" data-widget_type=\"text-editor.default\">\n\t\t\t\t<div class=\"elementor-widget-container\">\n\t\t\t\t\t\t\t\t\t<div class=\"et_pb_module et_pb_text et_pb_text_1 et_pb_text_align_left et_pb_bg_layout_dark\"><div class=\"et_pb_text_inner\"><span data-teams=\"true\">Dans cette playlist vid\u00e9o, vous apprendrez \u00e0 cr\u00e9er et \u00e0 utiliser des mod\u00e8les de factures clients dans AbaNinja pour simplifier les processus r\u00e9currents tels que la facturation en masse. Vous verrez \u00e9galement comment suivre l&#8217;historique des factures et cr\u00e9er correctement diff\u00e9rents types de factures.<\/span><\/div><\/div>\t\t\t\t\t\t\t\t<\/div>\n\t\t\t\t<\/div>\n\t\t\t\t<div class=\"elementor-element elementor-element-d575ae7 elementor-widget elementor-widget-button\" data-id=\"d575ae7\" data-element_type=\"widget\" data-e-type=\"widget\" data-widget_type=\"button.default\">\n\t\t\t\t<div class=\"elementor-widget-container\">\n\t\t\t\t\t\t\t\t\t<div class=\"elementor-button-wrapper\">\n\t\t\t\t\t<a class=\"elementor-button elementor-button-link elementor-size-sm\" href=\"https:\/\/vimeo.com\/showcase\/12123704?fl=so&#038;fe=fs\" target=\"_blank\" rel=\"noopener\">\n\t\t\t\t\t\t<span class=\"elementor-button-content-wrapper\">\n\t\t\t\t\t\t\t\t\t<span class=\"elementor-button-text\">Regarder les vid\u00e9os maintenant<\/span>\n\t\t\t\t\t<\/span>\n\t\t\t\t\t<\/a>\n\t\t\t\t<\/div>\n\t\t\t\t\t\t\t\t<\/div>\n\t\t\t\t<\/div>\n\t\t\t\t<\/div>\n\t\t<div class=\"elementor-element elementor-element-b466eca e-con-full e-flex e-con e-child\" data-id=\"b466eca\" data-element_type=\"container\" data-e-type=\"container\" data-settings=\"{&quot;background_background&quot;:&quot;classic&quot;}\">\n\t\t\t\t<div class=\"elementor-element elementor-element-1378e66 elementor-widget elementor-widget-heading\" data-id=\"1378e66\" data-element_type=\"widget\" data-e-type=\"widget\" data-widget_type=\"heading.default\">\n\t\t\t\t<div class=\"elementor-widget-container\">\n\t\t\t\t\t<h2 class=\"elementor-heading-title elementor-size-default\">Fournisseurs<\/h2>\t\t\t\t<\/div>\n\t\t\t\t<\/div>\n\t\t\t\t<div class=\"elementor-element elementor-element-729cd96 elementor-widget elementor-widget-text-editor\" data-id=\"729cd96\" data-element_type=\"widget\" data-e-type=\"widget\" data-widget_type=\"text-editor.default\">\n\t\t\t\t<div class=\"elementor-widget-container\">\n\t\t\t\t\t\t\t\t\t<div class=\"et_pb_module et_pb_text et_pb_text_1 et_pb_text_align_left et_pb_bg_layout_dark\">\n<div class=\"et_pb_text_inner\"><span data-teams=\"true\">Dans cette playlist vid\u00e9o, vous apprendrez \u00e0 enregistrer correctement les factures fournisseurs dans AbaNinja.<\/span><\/div>\n<\/div>\t\t\t\t\t\t\t\t<\/div>\n\t\t\t\t<\/div>\n\t\t\t\t<div class=\"elementor-element elementor-element-35b7eea elementor-widget elementor-widget-button\" data-id=\"35b7eea\" data-element_type=\"widget\" data-e-type=\"widget\" data-widget_type=\"button.default\">\n\t\t\t\t<div class=\"elementor-widget-container\">\n\t\t\t\t\t\t\t\t\t<div class=\"elementor-button-wrapper\">\n\t\t\t\t\t<a class=\"elementor-button elementor-button-link elementor-size-sm\" href=\"https:\/\/vimeo.com\/showcase\/12123725?fl=so&#038;fe=fs\" target=\"_blank\" rel=\"noopener\">\n\t\t\t\t\t\t<span class=\"elementor-button-content-wrapper\">\n\t\t\t\t\t\t\t\t\t<span class=\"elementor-button-text\">Regarder les vid\u00e9os maintenant<\/span>\n\t\t\t\t\t<\/span>\n\t\t\t\t\t<\/a>\n\t\t\t\t<\/div>\n\t\t\t\t\t\t\t\t<\/div>\n\t\t\t\t<\/div>\n\t\t\t\t<\/div>\n\t\t<div class=\"elementor-element elementor-element-04ebe06 e-con-full e-flex e-con e-child\" data-id=\"04ebe06\" data-element_type=\"container\" data-e-type=\"container\" data-settings=\"{&quot;background_background&quot;:&quot;classic&quot;}\">\n\t\t\t\t<div class=\"elementor-element elementor-element-8480318 elementor-widget elementor-widget-heading\" data-id=\"8480318\" data-element_type=\"widget\" data-e-type=\"widget\" data-widget_type=\"heading.default\">\n\t\t\t\t<div class=\"elementor-widget-container\">\n\t\t\t\t\t<h2 class=\"elementor-heading-title elementor-size-default\">Suivi du temps<\/h2>\t\t\t\t<\/div>\n\t\t\t\t<\/div>\n\t\t\t\t<div class=\"elementor-element elementor-element-0fc44cd elementor-widget elementor-widget-text-editor\" data-id=\"0fc44cd\" data-element_type=\"widget\" data-e-type=\"widget\" data-widget_type=\"text-editor.default\">\n\t\t\t\t<div class=\"elementor-widget-container\">\n\t\t\t\t\t\t\t\t\t<div class=\"et_pb_module et_pb_text et_pb_text_1 et_pb_text_align_left et_pb_bg_layout_dark\"><div class=\"et_pb_text_inner\">Dans cette playlist vid\u00e9o, vous apprendrez \u00e0 utiliser efficacement le suivi du temps dans AbaNinja. Nous vous montrerons comment documenter les heures de travail avec la saisie In\/Out, enregistrer les prestations et les affecter aux clients ou aux commandes correspondants. Vous apprendrez \u00e9galement \u00e0 cr\u00e9er des employ\u00e9s, y compris les relations de travail.<\/div><\/div>\t\t\t\t\t\t\t\t<\/div>\n\t\t\t\t<\/div>\n\t\t\t\t<div class=\"elementor-element elementor-element-2ac7554 elementor-widget elementor-widget-button\" data-id=\"2ac7554\" data-element_type=\"widget\" data-e-type=\"widget\" data-widget_type=\"button.default\">\n\t\t\t\t<div class=\"elementor-widget-container\">\n\t\t\t\t\t\t\t\t\t<div class=\"elementor-button-wrapper\">\n\t\t\t\t\t<a class=\"elementor-button elementor-button-link elementor-size-sm\" href=\"https:\/\/vimeo.com\/showcase\/12123711?fl=so&#038;fe=fs\" target=\"_blank\" rel=\"noopener\">\n\t\t\t\t\t\t<span class=\"elementor-button-content-wrapper\">\n\t\t\t\t\t\t\t\t\t<span class=\"elementor-button-text\">Regarder les vid\u00e9os maintenant<\/span>\n\t\t\t\t\t<\/span>\n\t\t\t\t\t<\/a>\n\t\t\t\t<\/div>\n\t\t\t\t\t\t\t\t<\/div>\n\t\t\t\t<\/div>\n\t\t\t\t<\/div>\n\t\t<div class=\"elementor-element elementor-element-f03f1a7 e-con-full e-flex e-con e-child\" data-id=\"f03f1a7\" data-element_type=\"container\" data-e-type=\"container\" data-settings=\"{&quot;background_background&quot;:&quot;classic&quot;}\">\n\t\t\t\t<div class=\"elementor-element elementor-element-88d1731 elementor-widget elementor-widget-heading\" data-id=\"88d1731\" data-element_type=\"widget\" data-e-type=\"widget\" data-widget_type=\"heading.default\">\n\t\t\t\t<div class=\"elementor-widget-container\">\n\t\t\t\t\t<h2 class=\"elementor-heading-title elementor-size-default\">Finances<\/h2>\t\t\t\t<\/div>\n\t\t\t\t<\/div>\n\t\t\t\t<div class=\"elementor-element elementor-element-d36d996 elementor-widget elementor-widget-text-editor\" data-id=\"d36d996\" data-element_type=\"widget\" data-e-type=\"widget\" data-widget_type=\"text-editor.default\">\n\t\t\t\t<div class=\"elementor-widget-container\">\n\t\t\t\t\t\t\t\t\t<div class=\"et_pb_module et_pb_text et_pb_text_1 et_pb_text_align_left et_pb_bg_layout_dark\"><div class=\"et_pb_text_inner\"><span data-teams=\"true\">Dans cette playlist vid\u00e9o, vous apprendrez les fonctionnalit\u00e9s les plus importantes li\u00e9es au secteur financier dans AbaNinja. Nous vous montrerons comment ajouter vos comptes bancaires avec un bulletin de versement QR et comment vous connecter en permanence via bLink ou temporairement \u00e0 l&#8217;e-banking, ainsi que comment cr\u00e9er des paiements entrants et sortants manuels.<\/span><\/div><\/div>\t\t\t\t\t\t\t\t<\/div>\n\t\t\t\t<\/div>\n\t\t\t\t<div class=\"elementor-element elementor-element-213e6bc elementor-widget elementor-widget-button\" data-id=\"213e6bc\" data-element_type=\"widget\" data-e-type=\"widget\" data-widget_type=\"button.default\">\n\t\t\t\t<div class=\"elementor-widget-container\">\n\t\t\t\t\t\t\t\t\t<div class=\"elementor-button-wrapper\">\n\t\t\t\t\t<a class=\"elementor-button elementor-button-link elementor-size-sm\" href=\"https:\/\/vimeo.com\/showcase\/12123730?fl=so&#038;fe=fs\" target=\"_blank\" rel=\"noopener\">\n\t\t\t\t\t\t<span class=\"elementor-button-content-wrapper\">\n\t\t\t\t\t\t\t\t\t<span class=\"elementor-button-text\">Regarder les vid\u00e9os maintenant<\/span>\n\t\t\t\t\t<\/span>\n\t\t\t\t\t<\/a>\n\t\t\t\t<\/div>\n\t\t\t\t\t\t\t\t<\/div>\n\t\t\t\t<\/div>\n\t\t\t\t<\/div>\n\t\t<div class=\"elementor-element elementor-element-bf07877 e-con-full e-flex e-con e-child\" data-id=\"bf07877\" data-element_type=\"container\" data-e-type=\"container\" data-settings=\"{&quot;background_background&quot;:&quot;classic&quot;}\">\n\t\t\t\t<div class=\"elementor-element elementor-element-8242401 elementor-widget elementor-widget-heading\" data-id=\"8242401\" data-element_type=\"widget\" data-e-type=\"widget\" data-widget_type=\"heading.default\">\n\t\t\t\t<div class=\"elementor-widget-container\">\n\t\t\t\t\t<h2 class=\"elementor-heading-title elementor-size-default\">Param\u00e8tres<\/h2>\t\t\t\t<\/div>\n\t\t\t\t<\/div>\n\t\t\t\t<div class=\"elementor-element elementor-element-13559b5 elementor-widget elementor-widget-text-editor\" data-id=\"13559b5\" data-element_type=\"widget\" data-e-type=\"widget\" data-widget_type=\"text-editor.default\">\n\t\t\t\t<div class=\"elementor-widget-container\">\n\t\t\t\t\t\t\t\t\t<div class=\"et_pb_module et_pb_text et_pb_text_1 et_pb_text_align_left et_pb_bg_layout_dark\"><div class=\"et_pb_text_inner\"><span data-teams=\"true\">Dans cette playlist vid\u00e9o, vous apprendrez \u00e0 effectuer les principaux r\u00e9glages de base dans AbaNinja et \u00e0 adapter votre compte aux besoins de votre entreprise. Nous vous montrerons comment ajouter des utilisateurs et g\u00e9rer les droits d&#8217;acc\u00e8s, personnaliser le design des documents, ainsi que g\u00e9rer les m\u00e9thodes de TVA.<\/span><\/div><\/div>\t\t\t\t\t\t\t\t<\/div>\n\t\t\t\t<\/div>\n\t\t\t\t<div class=\"elementor-element elementor-element-7daf37e elementor-widget elementor-widget-button\" data-id=\"7daf37e\" data-element_type=\"widget\" data-e-type=\"widget\" data-widget_type=\"button.default\">\n\t\t\t\t<div class=\"elementor-widget-container\">\n\t\t\t\t\t\t\t\t\t<div class=\"elementor-button-wrapper\">\n\t\t\t\t\t<a class=\"elementor-button elementor-button-link elementor-size-sm\" href=\"https:\/\/vimeo.com\/showcase\/12123738?fl=so&#038;fe=fs\" target=\"_blank\" rel=\"noopener\">\n\t\t\t\t\t\t<span class=\"elementor-button-content-wrapper\">\n\t\t\t\t\t\t\t\t\t<span class=\"elementor-button-text\">Regarder les vid\u00e9os maintenant<\/span>\n\t\t\t\t\t<\/span>\n\t\t\t\t\t<\/a>\n\t\t\t\t<\/div>\n\t\t\t\t\t\t\t\t<\/div>\n\t\t\t\t<\/div>\n\t\t\t\t<\/div>\n\t\t\t\t\t<\/div>\n\t\t\t\t<\/div>\n\t\t\t\t<\/div>\n\t\t","protected":false},"excerpt":{"rendered":"<p>Vid\u00e9oth\u00e8que 21.AbaNinja &nbsp; Dans notre vid\u00e9oth\u00e8que, tu trouveras des instructions \u00e9tape par \u00e9tape pour utiliser les fonctions&#8230;<\/p>\n","protected":false},"author":17,"featured_media":40144,"parent":0,"menu_order":0,"comment_status":"closed","ping_status":"closed","template":"elementor_header_footer","meta":{"_acf_changed":false,"footnotes":""},"class_list":["post-48943","page","type-page","status-publish","has-post-thumbnail","hentry"],"acf":[],"_links":{"self":[{"href":"https:\/\/swiss21.org\/fr\/wp-json\/wp\/v2\/pages\/48943","targetHints":{"allow":["GET"]}}],"collection":[{"href":"https:\/\/swiss21.org\/fr\/wp-json\/wp\/v2\/pages"}],"about":[{"href":"https:\/\/swiss21.org\/fr\/wp-json\/wp\/v2\/types\/page"}],"author":[{"embeddable":true,"href":"https:\/\/swiss21.org\/fr\/wp-json\/wp\/v2\/users\/17"}],"replies":[{"embeddable":true,"href":"https:\/\/swiss21.org\/fr\/wp-json\/wp\/v2\/comments?post=48943"}],"version-history":[{"count":0,"href":"https:\/\/swiss21.org\/fr\/wp-json\/wp\/v2\/pages\/48943\/revisions"}],"wp:featuredmedia":[{"embeddable":true,"href":"https:\/\/swiss21.org\/fr\/wp-json\/wp\/v2\/media\/40144"}],"wp:attachment":[{"href":"https:\/\/swiss21.org\/fr\/wp-json\/wp\/v2\/media?parent=48943"}],"curies":[{"name":"wp","href":"https:\/\/api.w.org\/{rel}","templated":true}]}}