{"id":33795,"date":"2023-10-10T14:49:16","date_gmt":"2023-10-10T12:49:16","guid":{"rendered":"https:\/\/swiss21.org\/?page_id=33795"},"modified":"2025-09-22T13:00:33","modified_gmt":"2025-09-22T11:00:33","slug":"interconnessioni","status":"publish","type":"page","link":"https:\/\/swiss21.org\/it\/interconnessioni\/","title":{"rendered":"Interconnessioni"},"content":{"rendered":"\t\t<div data-elementor-type=\"wp-page\" data-elementor-id=\"33795\" class=\"elementor elementor-33795 elementor-30609\" data-elementor-post-type=\"page\">\n\t\t\t\t<div class=\"elementor-element elementor-element-110a4b7 e-flex e-con-boxed e-con e-parent\" data-id=\"110a4b7\" data-element_type=\"container\" data-e-type=\"container\" data-settings=\"{&quot;background_background&quot;:&quot;classic&quot;}\">\n\t\t\t\t\t<div class=\"e-con-inner\">\n\t\t<div class=\"elementor-element elementor-element-77f0e66 e-con-full e-flex e-con e-child\" data-id=\"77f0e66\" data-element_type=\"container\" data-e-type=\"container\">\n\t\t\t\t<div class=\"elementor-element elementor-element-0d20e2d elementor-widget__width-initial elementor-widget elementor-widget-heading\" data-id=\"0d20e2d\" data-element_type=\"widget\" data-e-type=\"widget\" data-widget_type=\"heading.default\">\n\t\t\t\t<div class=\"elementor-widget-container\">\n\t\t\t\t\t<h1 class=\"elementor-heading-title elementor-size-default\">COLLEGATI IN RETE E INTEGRATI<\/h1>\t\t\t\t<\/div>\n\t\t\t\t<\/div>\n\t\t\t\t<div class=\"elementor-element elementor-element-d114a95 elementor-widget__width-initial elementor-widget elementor-widget-text-editor\" data-id=\"d114a95\" data-element_type=\"widget\" data-e-type=\"widget\" data-widget_type=\"text-editor.default\">\n\t\t\t\t<div class=\"elementor-widget-container\">\n\t\t\t\t\t\t\t\t\t<div class=\"et_pb_module et_pb_text et_pb_text_1 et_pb_text_align_left et_pb_bg_layout_light\"><div class=\"et_pb_text_inner\"><div class=\"et_pb_module et_pb_text et_pb_text_1  et_pb_text_align_left et_pb_bg_layout_light\"><div class=\"et_pb_text_inner\"><p><span style=\"color: #ffffff;\">Swiss21 offre numerosi collegamenti ad altri sistemi che facilitano il vostro lavoro.<\/span><\/p><\/div><\/div><\/div><\/div>\t\t\t\t\t\t\t\t<\/div>\n\t\t\t\t<\/div>\n\t\t\t\t<div class=\"elementor-element elementor-element-49426c8 start-for-free elementor-widget elementor-widget-button\" data-id=\"49426c8\" data-element_type=\"widget\" data-e-type=\"widget\" data-widget_type=\"button.default\">\n\t\t\t\t<div class=\"elementor-widget-container\">\n\t\t\t\t\t\t\t\t\t<div class=\"elementor-button-wrapper\">\n\t\t\t\t\t<a class=\"elementor-button elementor-button-link elementor-size-md\" href=\"https:\/\/portal.swiss21.org\/signup\">\n\t\t\t\t\t\t<span class=\"elementor-button-content-wrapper\">\n\t\t\t\t\t\t\t\t\t<span class=\"elementor-button-text\">Iniziare gratuitamente<\/span>\n\t\t\t\t\t<\/span>\n\t\t\t\t\t<\/a>\n\t\t\t\t<\/div>\n\t\t\t\t\t\t\t\t<\/div>\n\t\t\t\t<\/div>\n\t\t\t\t<div class=\"elementor-element elementor-element-4699773 elementor-widget elementor-widget-spacer\" data-id=\"4699773\" data-element_type=\"widget\" data-e-type=\"widget\" data-widget_type=\"spacer.default\">\n\t\t\t\t<div class=\"elementor-widget-container\">\n\t\t\t\t\t\t\t<div class=\"elementor-spacer\">\n\t\t\t<div class=\"elementor-spacer-inner\"><\/div>\n\t\t<\/div>\n\t\t\t\t\t\t<\/div>\n\t\t\t\t<\/div>\n\t\t\t\t<\/div>\n\t\t\t\t\t<\/div>\n\t\t\t\t<\/div>\n\t\t<div class=\"elementor-element elementor-element-b3f716c e-flex e-con-boxed e-con e-parent\" data-id=\"b3f716c\" data-element_type=\"container\" data-e-type=\"container\">\n\t\t\t\t\t<div class=\"e-con-inner\">\n\t\t\t\t<div class=\"elementor-element elementor-element-ca62240 elementor-widget elementor-widget-spacer\" data-id=\"ca62240\" data-element_type=\"widget\" data-e-type=\"widget\" data-widget_type=\"spacer.default\">\n\t\t\t\t<div class=\"elementor-widget-container\">\n\t\t\t\t\t\t\t<div class=\"elementor-spacer\">\n\t\t\t<div class=\"elementor-spacer-inner\"><\/div>\n\t\t<\/div>\n\t\t\t\t\t\t<\/div>\n\t\t\t\t<\/div>\n\t\t\t\t\t<\/div>\n\t\t\t\t<\/div>\n\t\t<div class=\"elementor-element elementor-element-43d14e9 e-flex e-con-boxed e-con e-parent\" data-id=\"43d14e9\" data-element_type=\"container\" data-e-type=\"container\">\n\t\t\t\t\t<div class=\"e-con-inner\">\n\t\t<div class=\"elementor-element elementor-element-1f25bd4 e-con-full e-flex e-con e-child\" data-id=\"1f25bd4\" data-element_type=\"container\" data-e-type=\"container\">\n\t\t\t\t<div class=\"elementor-element elementor-element-f441856 elementor-widget elementor-widget-heading\" data-id=\"f441856\" data-element_type=\"widget\" data-e-type=\"widget\" data-widget_type=\"heading.default\">\n\t\t\t\t<div class=\"elementor-widget-container\">\n\t\t\t\t\t<h2 class=\"elementor-heading-title elementor-size-default\">Connessioni bancarie disponibili<\/h2>\t\t\t\t<\/div>\n\t\t\t\t<\/div>\n\t\t\t\t<div class=\"elementor-element elementor-element-4c2b88e elementor-widget elementor-widget-text-editor\" data-id=\"4c2b88e\" data-element_type=\"widget\" data-e-type=\"widget\" data-widget_type=\"text-editor.default\">\n\t\t\t\t<div class=\"elementor-widget-container\">\n\t\t\t\t\t\t\t\t\t<p>Scoprite l&#8217;elenco di tutte le nostre relazioni bancarie che potete collegare a 21.AbaNinja. Le informazioni dell&#8217;e-banking vengono elaborate in modo automatico e confrontate con le fatture create.<\/p>\t\t\t\t\t\t\t\t<\/div>\n\t\t\t\t<\/div>\n\t\t\t\t<div class=\"elementor-element elementor-element-f63cc0e elementor-widget elementor-widget-button\" data-id=\"f63cc0e\" data-element_type=\"widget\" data-e-type=\"widget\" data-widget_type=\"button.default\">\n\t\t\t\t<div class=\"elementor-widget-container\">\n\t\t\t\t\t\t\t\t\t<div class=\"elementor-button-wrapper\">\n\t\t\t\t\t<a class=\"elementor-button elementor-button-link elementor-size-sm\" href=\"https:\/\/swiss21.org\/it\/connessione-bancaria-disponibile\/\">\n\t\t\t\t\t\t<span class=\"elementor-button-content-wrapper\">\n\t\t\t\t\t\t\t\t\t<span class=\"elementor-button-text\">alle connessioni bancarie<\/span>\n\t\t\t\t\t<\/span>\n\t\t\t\t\t<\/a>\n\t\t\t\t<\/div>\n\t\t\t\t\t\t\t\t<\/div>\n\t\t\t\t<\/div>\n\t\t\t\t<\/div>\n\t\t<div class=\"elementor-element elementor-element-0b3c06a e-con-full e-flex e-con e-child\" data-id=\"0b3c06a\" data-element_type=\"container\" data-e-type=\"container\">\n\t\t\t\t<div class=\"elementor-element elementor-element-940d6e1 elementor-widget elementor-widget-image\" data-id=\"940d6e1\" data-element_type=\"widget\" data-e-type=\"widget\" data-widget_type=\"image.default\">\n\t\t\t\t<div class=\"elementor-widget-container\">\n\t\t\t\t\t\t\t\t\t\t\t\t\t\t\t<img fetchpriority=\"high\" decoding=\"async\" width=\"1000\" height=\"1000\" src=\"https:\/\/swiss21.org\/wp-content\/uploads\/2023\/10\/21.AbaNinja_Zahlungen_Banking_1000x1000.webp\" class=\"attachment-large size-large wp-image-33338\" alt=\"\" srcset=\"https:\/\/swiss21.org\/wp-content\/uploads\/2023\/10\/21.AbaNinja_Zahlungen_Banking_1000x1000.webp 1000w, https:\/\/swiss21.org\/wp-content\/uploads\/2023\/10\/21.AbaNinja_Zahlungen_Banking_1000x1000-300x300.webp 300w, https:\/\/swiss21.org\/wp-content\/uploads\/2023\/10\/21.AbaNinja_Zahlungen_Banking_1000x1000-150x150.webp 150w, https:\/\/swiss21.org\/wp-content\/uploads\/2023\/10\/21.AbaNinja_Zahlungen_Banking_1000x1000-768x768.webp 768w, https:\/\/swiss21.org\/wp-content\/uploads\/2023\/10\/21.AbaNinja_Zahlungen_Banking_1000x1000-570x570.webp 570w, https:\/\/swiss21.org\/wp-content\/uploads\/2023\/10\/21.AbaNinja_Zahlungen_Banking_1000x1000-500x500.webp 500w, https:\/\/swiss21.org\/wp-content\/uploads\/2023\/10\/21.AbaNinja_Zahlungen_Banking_1000x1000-700x700.webp 700w, https:\/\/swiss21.org\/wp-content\/uploads\/2023\/10\/21.AbaNinja_Zahlungen_Banking_1000x1000-650x650.webp 650w\" sizes=\"(max-width: 1000px) 100vw, 1000px\" title=\"\">\t\t\t\t\t\t\t\t\t\t\t\t\t\t\t<\/div>\n\t\t\t\t<\/div>\n\t\t\t\t<\/div>\n\t\t\t\t\t<\/div>\n\t\t\t\t<\/div>\n\t\t<div class=\"elementor-element elementor-element-bad6597 e-flex e-con-boxed e-con e-parent\" data-id=\"bad6597\" data-element_type=\"container\" data-e-type=\"container\">\n\t\t\t\t\t<div class=\"e-con-inner\">\n\t\t\t\t<div class=\"elementor-element elementor-element-e705091 elementor-widget elementor-widget-spacer\" data-id=\"e705091\" data-element_type=\"widget\" data-e-type=\"widget\" data-widget_type=\"spacer.default\">\n\t\t\t\t<div class=\"elementor-widget-container\">\n\t\t\t\t\t\t\t<div class=\"elementor-spacer\">\n\t\t\t<div class=\"elementor-spacer-inner\"><\/div>\n\t\t<\/div>\n\t\t\t\t\t\t<\/div>\n\t\t\t\t<\/div>\n\t\t\t\t\t<\/div>\n\t\t\t\t<\/div>\n\t\t<div class=\"elementor-element elementor-element-94d2497 e-flex e-con-boxed e-con e-parent\" data-id=\"94d2497\" data-element_type=\"container\" data-e-type=\"container\">\n\t\t\t\t\t<div class=\"e-con-inner\">\n\t\t<div class=\"elementor-element elementor-element-999ca96 e-con-full e-flex e-con e-child\" data-id=\"999ca96\" data-element_type=\"container\" data-e-type=\"container\">\n\t\t\t\t<div class=\"elementor-element elementor-element-d2c3fe3 elementor-widget elementor-widget-image\" data-id=\"d2c3fe3\" data-element_type=\"widget\" data-e-type=\"widget\" data-widget_type=\"image.default\">\n\t\t\t\t<div class=\"elementor-widget-container\">\n\t\t\t\t\t\t\t\t\t\t\t\t\t\t\t<img decoding=\"async\" width=\"100\" height=\"100\" src=\"https:\/\/swiss21.org\/wp-content\/uploads\/2023\/10\/icons8_network_100px.webp\" class=\"attachment-large size-large wp-image-33228\" alt=\"\" title=\"\">\t\t\t\t\t\t\t\t\t\t\t\t\t\t\t<\/div>\n\t\t\t\t<\/div>\n\t\t\t\t<\/div>\n\t\t<div class=\"elementor-element elementor-element-55928eb e-con-full e-flex e-con e-child\" data-id=\"55928eb\" data-element_type=\"container\" data-e-type=\"container\">\n\t\t\t\t<div class=\"elementor-element elementor-element-f931c7a elementor-widget elementor-widget-heading\" data-id=\"f931c7a\" data-element_type=\"widget\" data-e-type=\"widget\" data-widget_type=\"heading.default\">\n\t\t\t\t<div class=\"elementor-widget-container\">\n\t\t\t\t\t<h2 class=\"elementor-heading-title elementor-size-default\">Interfacce con i sistemi esistenti<\/h2>\t\t\t\t<\/div>\n\t\t\t\t<\/div>\n\t\t\t\t<div class=\"elementor-element elementor-element-4814bc2 elementor-widget elementor-widget-text-editor\" data-id=\"4814bc2\" data-element_type=\"widget\" data-e-type=\"widget\" data-widget_type=\"text-editor.default\">\n\t\t\t\t<div class=\"elementor-widget-container\">\n\t\t\t\t\t\t\t\t\t<div class=\"et_pb_row et_pb_row_2\"><div class=\"et_pb_column et_pb_column_4_4 et_pb_column_2 et_pb_css_mix_blend_mode_passthrough et-last-child\"><div class=\"et_pb_module et_pb_blurb et_pb_blurb_0 et_pb_text_align_left et_pb_blurb_position_left et_pb_bg_layout_light\"><div class=\"et_pb_blurb_content\"><div class=\"et_pb_blurb_container\"><div class=\"et_pb_blurb_description\"><p>Tutti i componenti di Swiss21 sono collegati in rete e integrati tra loro in maniera ottimale, perch\u00e9 solo cos\u00ec possiamo avvicinarci all\u2019obiettivo di rendervi veloci, digitali, flessibili ed efficienti, portandovi al successo.<\/p><p>Disponete gi\u00e0 di sistemi che desiderate combinare con il nostro software? Possiamo trovare una soluzione anche per questo. Contattateci.<\/p><\/div><\/div><\/div><\/div><\/div><\/div>\t\t\t\t\t\t\t\t<\/div>\n\t\t\t\t<\/div>\n\t\t\t\t<\/div>\n\t\t\t\t\t<\/div>\n\t\t\t\t<\/div>\n\t\t<div class=\"elementor-element elementor-element-4740252 e-flex e-con-boxed e-con e-parent\" data-id=\"4740252\" data-element_type=\"container\" data-e-type=\"container\">\n\t\t\t\t\t<div class=\"e-con-inner\">\n\t\t\t\t<div class=\"elementor-element elementor-element-4963f77 elementor-widget elementor-widget-spacer\" data-id=\"4963f77\" data-element_type=\"widget\" data-e-type=\"widget\" data-widget_type=\"spacer.default\">\n\t\t\t\t<div class=\"elementor-widget-container\">\n\t\t\t\t\t\t\t<div class=\"elementor-spacer\">\n\t\t\t<div class=\"elementor-spacer-inner\"><\/div>\n\t\t<\/div>\n\t\t\t\t\t\t<\/div>\n\t\t\t\t<\/div>\n\t\t\t\t\t<\/div>\n\t\t\t\t<\/div>\n\t\t<div class=\"elementor-element elementor-element-1be2807 e-flex e-con-boxed e-con e-parent\" data-id=\"1be2807\" data-element_type=\"container\" data-e-type=\"container\">\n\t\t\t\t\t<div class=\"e-con-inner\">\n\t\t<div class=\"elementor-element elementor-element-e6d32b1 e-con-full e-flex e-con e-child\" data-id=\"e6d32b1\" data-element_type=\"container\" data-e-type=\"container\" data-settings=\"{&quot;background_background&quot;:&quot;classic&quot;}\">\n\t\t\t\t<div class=\"elementor-element elementor-element-a28851d elementor-widget elementor-widget-image\" data-id=\"a28851d\" data-element_type=\"widget\" data-e-type=\"widget\" data-widget_type=\"image.default\">\n\t\t\t\t<div class=\"elementor-widget-container\">\n\t\t\t\t\t\t\t\t\t\t\t\t\t\t\t<img decoding=\"async\" width=\"2500\" height=\"600\" src=\"https:\/\/swiss21.org\/wp-content\/uploads\/2023\/10\/lightspeed-logo-.webp\" class=\"attachment-full size-full wp-image-33218\" alt=\"\" srcset=\"https:\/\/swiss21.org\/wp-content\/uploads\/2023\/10\/lightspeed-logo-.webp 2500w, https:\/\/swiss21.org\/wp-content\/uploads\/2023\/10\/lightspeed-logo--300x72.webp 300w, https:\/\/swiss21.org\/wp-content\/uploads\/2023\/10\/lightspeed-logo--1024x246.webp 1024w, https:\/\/swiss21.org\/wp-content\/uploads\/2023\/10\/lightspeed-logo--768x184.webp 768w, https:\/\/swiss21.org\/wp-content\/uploads\/2023\/10\/lightspeed-logo--1536x369.webp 1536w, https:\/\/swiss21.org\/wp-content\/uploads\/2023\/10\/lightspeed-logo--2048x492.webp 2048w, https:\/\/swiss21.org\/wp-content\/uploads\/2023\/10\/lightspeed-logo--700x168.webp 700w\" sizes=\"(max-width: 2500px) 100vw, 2500px\" title=\"\">\t\t\t\t\t\t\t\t\t\t\t\t\t\t\t<\/div>\n\t\t\t\t<\/div>\n\t\t\t\t<div class=\"elementor-element elementor-element-2bc72ad elementor-widget elementor-widget-text-editor\" data-id=\"2bc72ad\" data-element_type=\"widget\" data-e-type=\"widget\" data-widget_type=\"text-editor.default\">\n\t\t\t\t<div class=\"elementor-widget-container\">\n\t\t\t\t\t\t\t\t\t<p class=\"p1\"><strong>Sistema di cassa su iPad per il settore gastronomico<\/strong><\/p><p class=\"p1\">Lightspeed POS \u00e8 un moderno sistema di cassa basato sulla tecnologia cloud che vi consente di tenere sempre sotto controllo diversi esercizi, nonch\u00e9 gli orari dei collaboratori.<\/p>\t\t\t\t\t\t\t\t<\/div>\n\t\t\t\t<\/div>\n\t\t\t\t<\/div>\n\t\t<div class=\"elementor-element elementor-element-10d893a e-con-full e-flex e-con e-child\" data-id=\"10d893a\" data-element_type=\"container\" data-e-type=\"container\" data-settings=\"{&quot;background_background&quot;:&quot;classic&quot;}\">\n\t\t\t\t<div class=\"elementor-element elementor-element-9e75841 elementor-widget elementor-widget-image\" data-id=\"9e75841\" data-element_type=\"widget\" data-e-type=\"widget\" data-widget_type=\"image.default\">\n\t\t\t\t<div class=\"elementor-widget-container\">\n\t\t\t\t\t\t\t\t\t\t\t\t\t\t\t<img loading=\"lazy\" decoding=\"async\" width=\"901\" height=\"151\" src=\"https:\/\/swiss21.org\/wp-content\/uploads\/2023\/10\/eq_abaweb.webp\" class=\"attachment-full size-full wp-image-33234\" alt=\"\" srcset=\"https:\/\/swiss21.org\/wp-content\/uploads\/2023\/10\/eq_abaweb.webp 901w, https:\/\/swiss21.org\/wp-content\/uploads\/2023\/10\/eq_abaweb-300x50.webp 300w, https:\/\/swiss21.org\/wp-content\/uploads\/2023\/10\/eq_abaweb-768x129.webp 768w, https:\/\/swiss21.org\/wp-content\/uploads\/2023\/10\/eq_abaweb-700x117.webp 700w\" sizes=\"(max-width: 901px) 100vw, 901px\" title=\"\">\t\t\t\t\t\t\t\t\t\t\t\t\t\t\t<\/div>\n\t\t\t\t<\/div>\n\t\t\t\t<div class=\"elementor-element elementor-element-9c96422 elementor-widget elementor-widget-text-editor\" data-id=\"9c96422\" data-element_type=\"widget\" data-e-type=\"widget\" data-widget_type=\"text-editor.default\">\n\t\t\t\t<div class=\"elementor-widget-container\">\n\t\t\t\t\t\t\t\t\t<p class=\"p1\"><strong>Raccordement \u00e0 un service comptable externe<\/strong><\/p><p class=\"p1\">La connexion de 21.AbaNinja \u00e0 Abacus Business Software facilite la coop\u00e9ration avec la fiduciaire. Les documents sont imm\u00e9diatement transf\u00e9r\u00e9s et enregistr\u00e9s, ce qui permet d&#8217;\u00e9conomiser du temps et de l&#8217;argent.<\/p>\t\t\t\t\t\t\t\t<\/div>\n\t\t\t\t<\/div>\n\t\t\t\t<\/div>\n\t\t<div class=\"elementor-element elementor-element-cb1524a e-con-full e-flex e-con e-child\" data-id=\"cb1524a\" data-element_type=\"container\" data-e-type=\"container\" data-settings=\"{&quot;background_background&quot;:&quot;classic&quot;}\">\n\t\t\t\t<div class=\"elementor-element elementor-element-4100f31 elementor-widget elementor-widget-image\" data-id=\"4100f31\" data-element_type=\"widget\" data-e-type=\"widget\" data-widget_type=\"image.default\">\n\t\t\t\t<div class=\"elementor-widget-container\">\n\t\t\t\t\t\t\t\t\t\t\t\t\t\t\t<img loading=\"lazy\" decoding=\"async\" width=\"200\" height=\"20\" src=\"https:\/\/swiss21.org\/wp-content\/uploads\/2023\/10\/21.AbaNinja_200x20.webp\" class=\"attachment-medium size-medium wp-image-33232\" alt=\"\" title=\"\">\t\t\t\t\t\t\t\t\t\t\t\t\t\t\t<\/div>\n\t\t\t\t<\/div>\n\t\t\t\t<div class=\"elementor-element elementor-element-44a1bd4 elementor-widget elementor-widget-text-editor\" data-id=\"44a1bd4\" data-element_type=\"widget\" data-e-type=\"widget\" data-widget_type=\"text-editor.default\">\n\t\t\t\t<div class=\"elementor-widget-container\">\n\t\t\t\t\t\t\t\t\t<p class=\"p1\" style=\"text-align: center;\"><strong>Invoice API<\/strong><\/p><p class=\"p1\">Con la nostra &#8220;Invoice API&#8221; \u00e8 possibile integrare la vostra applicazione nel sistema ERP di Swiss21. In questo modo potrete digitalizzare i vostri processi in modo completo. Qui \u00e8 possibile trovare la nostra documentazione API. Per qualsiasi domanda, contattateci direttamente all&#8217;indirizzo <a href=\"mailto:erp-developers@swiss21.org\">erp-developers@swiss21.org<\/a>.<\/p>\t\t\t\t\t\t\t\t<\/div>\n\t\t\t\t<\/div>\n\t\t\t\t<\/div>\n\t\t\t\t\t<\/div>\n\t\t\t\t<\/div>\n\t\t<div class=\"elementor-element elementor-element-13c72f8 e-flex e-con-boxed e-con e-parent\" data-id=\"13c72f8\" data-element_type=\"container\" data-e-type=\"container\">\n\t\t\t\t\t<div class=\"e-con-inner\">\n\t\t<div class=\"elementor-element elementor-element-95bcf90 e-con-full e-flex e-con e-child\" data-id=\"95bcf90\" data-element_type=\"container\" data-e-type=\"container\" data-settings=\"{&quot;background_background&quot;:&quot;classic&quot;}\">\n\t\t\t\t<div class=\"elementor-element elementor-element-7d5e91f elementor-widget elementor-widget-image\" data-id=\"7d5e91f\" data-element_type=\"widget\" data-e-type=\"widget\" data-widget_type=\"image.default\">\n\t\t\t\t<div class=\"elementor-widget-container\">\n\t\t\t\t\t\t\t\t\t\t\t\t\t\t\t<img loading=\"lazy\" decoding=\"async\" width=\"1978\" height=\"201\" src=\"https:\/\/swiss21.org\/wp-content\/uploads\/2023\/10\/Cornercard_Logo.webp\" class=\"attachment-full size-full wp-image-33240\" alt=\"\" srcset=\"https:\/\/swiss21.org\/wp-content\/uploads\/2023\/10\/Cornercard_Logo.webp 1978w, https:\/\/swiss21.org\/wp-content\/uploads\/2023\/10\/Cornercard_Logo-300x30.webp 300w, https:\/\/swiss21.org\/wp-content\/uploads\/2023\/10\/Cornercard_Logo-1024x104.webp 1024w, https:\/\/swiss21.org\/wp-content\/uploads\/2023\/10\/Cornercard_Logo-768x78.webp 768w, https:\/\/swiss21.org\/wp-content\/uploads\/2023\/10\/Cornercard_Logo-1536x156.webp 1536w, https:\/\/swiss21.org\/wp-content\/uploads\/2023\/10\/Cornercard_Logo-700x71.webp 700w\" sizes=\"(max-width: 1978px) 100vw, 1978px\" title=\"\">\t\t\t\t\t\t\t\t\t\t\t\t\t\t\t<\/div>\n\t\t\t\t<\/div>\n\t\t\t\t<div class=\"elementor-element elementor-element-13eb0df elementor-widget elementor-widget-text-editor\" data-id=\"13eb0df\" data-element_type=\"widget\" data-e-type=\"widget\" data-widget_type=\"text-editor.default\">\n\t\t\t\t<div class=\"elementor-widget-container\">\n\t\t\t\t\t\t\t\t\t<p class=\"p1\"><strong>Soluzioni di pagamento<\/strong><\/p><p class=\"p1\">Swiss21 offre varie opzioni per rendere i pagamenti e i loro processo il pi\u00f9 semplice possibile. Swiss21 ha soluzioni sia per i clienti che per i collaboratori che devono pagare e contabilizzare le spese.<\/p>\t\t\t\t\t\t\t\t<\/div>\n\t\t\t\t<\/div>\n\t\t\t\t<\/div>\n\t\t<div class=\"elementor-element elementor-element-5129087 e-con-full e-flex e-con e-child\" data-id=\"5129087\" data-element_type=\"container\" data-e-type=\"container\" data-settings=\"{&quot;background_background&quot;:&quot;classic&quot;}\">\n\t\t\t\t<div class=\"elementor-element elementor-element-17b6c8a elementor-widget elementor-widget-image\" data-id=\"17b6c8a\" data-element_type=\"widget\" data-e-type=\"widget\" data-widget_type=\"image.default\">\n\t\t\t\t<div class=\"elementor-widget-container\">\n\t\t\t\t\t\t\t\t\t\t\t\t\t\t\t<img loading=\"lazy\" decoding=\"async\" width=\"900\" height=\"150\" src=\"https:\/\/swiss21.org\/wp-content\/uploads\/2023\/10\/eq_SumUp.webp\" class=\"attachment-full size-full wp-image-33230\" alt=\"\" srcset=\"https:\/\/swiss21.org\/wp-content\/uploads\/2023\/10\/eq_SumUp.webp 900w, https:\/\/swiss21.org\/wp-content\/uploads\/2023\/10\/eq_SumUp-300x50.webp 300w, https:\/\/swiss21.org\/wp-content\/uploads\/2023\/10\/eq_SumUp-768x128.webp 768w, https:\/\/swiss21.org\/wp-content\/uploads\/2023\/10\/eq_SumUp-700x117.webp 700w\" sizes=\"(max-width: 900px) 100vw, 900px\" title=\"\">\t\t\t\t\t\t\t\t\t\t\t\t\t\t\t<\/div>\n\t\t\t\t<\/div>\n\t\t\t\t<div class=\"elementor-element elementor-element-41a1120 elementor-widget elementor-widget-text-editor\" data-id=\"41a1120\" data-element_type=\"widget\" data-e-type=\"widget\" data-widget_type=\"text-editor.default\">\n\t\t\t\t<div class=\"elementor-widget-container\">\n\t\t\t\t\t\t\t\t\t<p class=\"p1\"><strong>Terminali per i pagamenti con carta<\/strong><\/p><p class=\"p1\">I terminali SumUp con Swiss21 garantiscono pagamenti senza contatto e a condizioni allettanti in tutta semplicit\u00e0 con le modalit\u00e0 pi\u00f9 amate, come VISA, Mastercard, ApplePay e GooglePay.<\/p>\t\t\t\t\t\t\t\t<\/div>\n\t\t\t\t<\/div>\n\t\t\t\t<\/div>\n\t\t<div class=\"elementor-element elementor-element-692f49f e-con-full e-flex e-con e-child\" data-id=\"692f49f\" data-element_type=\"container\" data-e-type=\"container\" data-settings=\"{&quot;background_background&quot;:&quot;classic&quot;}\">\n\t\t\t\t<div class=\"elementor-element elementor-element-25adcf8 elementor-widget elementor-widget-image\" data-id=\"25adcf8\" data-element_type=\"widget\" data-e-type=\"widget\" data-widget_type=\"image.default\">\n\t\t\t\t<div class=\"elementor-widget-container\">\n\t\t\t\t\t\t\t\t\t\t\t\t\t\t\t<img loading=\"lazy\" decoding=\"async\" width=\"1510\" height=\"172\" src=\"https:\/\/swiss21.org\/wp-content\/uploads\/2023\/10\/AbaClock.webp\" class=\"attachment-full size-full wp-image-33286\" alt=\"\" srcset=\"https:\/\/swiss21.org\/wp-content\/uploads\/2023\/10\/AbaClock.webp 1510w, https:\/\/swiss21.org\/wp-content\/uploads\/2023\/10\/AbaClock-300x34.webp 300w, https:\/\/swiss21.org\/wp-content\/uploads\/2023\/10\/AbaClock-1024x117.webp 1024w, https:\/\/swiss21.org\/wp-content\/uploads\/2023\/10\/AbaClock-768x87.webp 768w, https:\/\/swiss21.org\/wp-content\/uploads\/2023\/10\/AbaClock-700x80.webp 700w\" sizes=\"(max-width: 1510px) 100vw, 1510px\" title=\"\">\t\t\t\t\t\t\t\t\t\t\t\t\t\t\t<\/div>\n\t\t\t\t<\/div>\n\t\t\t\t<div class=\"elementor-element elementor-element-7453007 elementor-widget elementor-widget-text-editor\" data-id=\"7453007\" data-element_type=\"widget\" data-e-type=\"widget\" data-widget_type=\"text-editor.default\">\n\t\t\t\t<div class=\"elementor-widget-container\">\n\t\t\t\t\t\t\t\t\t<p><strong>Orologio a tempo<\/strong><\/p><p>Con il terminale AbaClock per iPad, gli utenti di Swiss21 in 21.AbaNinja possono inserire gli orari di lavoro utilizzando un orologio.<\/p>\t\t\t\t\t\t\t\t<\/div>\n\t\t\t\t<\/div>\n\t\t\t\t<\/div>\n\t\t\t\t\t<\/div>\n\t\t\t\t<\/div>\n\t\t<div class=\"elementor-element elementor-element-c61b8b6 e-flex e-con-boxed e-con e-parent\" data-id=\"c61b8b6\" data-element_type=\"container\" data-e-type=\"container\">\n\t\t\t\t\t<div class=\"e-con-inner\">\n\t\t\t\t<div class=\"elementor-element elementor-element-da50b9f elementor-widget elementor-widget-spacer\" data-id=\"da50b9f\" data-element_type=\"widget\" data-e-type=\"widget\" data-widget_type=\"spacer.default\">\n\t\t\t\t<div class=\"elementor-widget-container\">\n\t\t\t\t\t\t\t<div class=\"elementor-spacer\">\n\t\t\t<div class=\"elementor-spacer-inner\"><\/div>\n\t\t<\/div>\n\t\t\t\t\t\t<\/div>\n\t\t\t\t<\/div>\n\t\t\t\t\t<\/div>\n\t\t\t\t<\/div>\n\t\t\t\t<\/div>\n\t\t","protected":false},"excerpt":{"rendered":"<p>COLLEGATI IN RETE E INTEGRATI Swiss21 offre numerosi collegamenti ad altri sistemi che facilitano il vostro lavoro&#8230;.<\/p>\n","protected":false},"author":3,"featured_media":33238,"parent":0,"menu_order":0,"comment_status":"closed","ping_status":"closed","template":"full_width.php","meta":{"_acf_changed":false,"footnotes":""},"class_list":["post-33795","page","type-page","status-publish","has-post-thumbnail","hentry"],"acf":[],"_links":{"self":[{"href":"https:\/\/swiss21.org\/it\/wp-json\/wp\/v2\/pages\/33795","targetHints":{"allow":["GET"]}}],"collection":[{"href":"https:\/\/swiss21.org\/it\/wp-json\/wp\/v2\/pages"}],"about":[{"href":"https:\/\/swiss21.org\/it\/wp-json\/wp\/v2\/types\/page"}],"author":[{"embeddable":true,"href":"https:\/\/swiss21.org\/it\/wp-json\/wp\/v2\/users\/3"}],"replies":[{"embeddable":true,"href":"https:\/\/swiss21.org\/it\/wp-json\/wp\/v2\/comments?post=33795"}],"version-history":[{"count":0,"href":"https:\/\/swiss21.org\/it\/wp-json\/wp\/v2\/pages\/33795\/revisions"}],"wp:featuredmedia":[{"embeddable":true,"href":"https:\/\/swiss21.org\/it\/wp-json\/wp\/v2\/media\/33238"}],"wp:attachment":[{"href":"https:\/\/swiss21.org\/it\/wp-json\/wp\/v2\/media?parent=33795"}],"curies":[{"name":"wp","href":"https:\/\/api.w.org\/{rel}","templated":true}]}}