{"id":33874,"date":"2023-10-11T09:55:23","date_gmt":"2023-10-11T07:55:23","guid":{"rendered":"https:\/\/swiss21.org\/?page_id=33874"},"modified":"2023-12-19T08:38:32","modified_gmt":"2023-12-19T07:38:32","slug":"sumup","status":"publish","type":"page","link":"https:\/\/swiss21.org\/it\/interconnessioni\/sumup\/","title":{"rendered":"SumUp"},"content":{"rendered":"\t\t<div data-elementor-type=\"wp-page\" data-elementor-id=\"33874\" class=\"elementor elementor-33874 elementor-30713\" data-elementor-post-type=\"page\">\n\t\t\t\t<div class=\"elementor-element elementor-element-14ca1ea e-flex e-con-boxed e-con e-parent\" data-id=\"14ca1ea\" data-element_type=\"container\" data-e-type=\"container\" data-settings=\"{&quot;background_background&quot;:&quot;classic&quot;}\">\n\t\t\t\t\t<div class=\"e-con-inner\">\n\t\t<div class=\"elementor-element elementor-element-cc76351 e-con-full e-flex e-con e-child\" data-id=\"cc76351\" data-element_type=\"container\" data-e-type=\"container\">\n\t\t\t\t<div class=\"elementor-element elementor-element-62d30b7 elementor-widget__width-initial elementor-widget elementor-widget-heading\" data-id=\"62d30b7\" data-element_type=\"widget\" data-e-type=\"widget\" data-widget_type=\"heading.default\">\n\t\t\t\t<div class=\"elementor-widget-container\">\n\t\t\t\t\t<h1 class=\"elementor-heading-title elementor-size-default\">PAGAMENTI CON CARTA SENZA CONTATTO<\/h1>\t\t\t\t<\/div>\n\t\t\t\t<\/div>\n\t\t\t\t<div class=\"elementor-element elementor-element-fe19d2a elementor-widget__width-initial elementor-widget elementor-widget-text-editor\" data-id=\"fe19d2a\" data-element_type=\"widget\" data-e-type=\"widget\" data-widget_type=\"text-editor.default\">\n\t\t\t\t<div class=\"elementor-widget-container\">\n\t\t\t\t\t\t\t\t\t<div class=\"et_pb_module et_pb_text et_pb_text_1 et_pb_text_align_left et_pb_bg_layout_light\"><div class=\"et_pb_text_inner\"><div class=\"et_pb_module et_pb_text et_pb_text_1  et_pb_text_align_left et_pb_bg_layout_light\"><div class=\"et_pb_text_inner\"><p><span style=\"color: #ffffff;\">Permettete ai vostri clienti di pagare con VISA, Mastercard, ApplePay, GooglePay<\/span><\/p><\/div><\/div><\/div><\/div>\t\t\t\t\t\t\t\t<\/div>\n\t\t\t\t<\/div>\n\t\t\t\t<div class=\"elementor-element elementor-element-49426c8 elementor-widget elementor-widget-button\" data-id=\"49426c8\" data-element_type=\"widget\" data-e-type=\"widget\" data-widget_type=\"button.default\">\n\t\t\t\t<div class=\"elementor-widget-container\">\n\t\t\t\t\t\t\t\t\t<div class=\"elementor-button-wrapper\">\n\t\t\t\t\t<a class=\"elementor-button elementor-button-link elementor-size-md\" href=\"https:\/\/www.sumup.com\/it-ch\/welcome\/home\/\" target=\"_blank\" rel=\"noopener\">\n\t\t\t\t\t\t<span class=\"elementor-button-content-wrapper\">\n\t\t\t\t\t\t\t\t\t<span class=\"elementor-button-text\">Confrontare i Dispositivi<\/span>\n\t\t\t\t\t<\/span>\n\t\t\t\t\t<\/a>\n\t\t\t\t<\/div>\n\t\t\t\t\t\t\t\t<\/div>\n\t\t\t\t<\/div>\n\t\t\t\t<div class=\"elementor-element elementor-element-b9c1be9 elementor-widget elementor-widget-spacer\" data-id=\"b9c1be9\" data-element_type=\"widget\" data-e-type=\"widget\" data-widget_type=\"spacer.default\">\n\t\t\t\t<div class=\"elementor-widget-container\">\n\t\t\t\t\t\t\t<div class=\"elementor-spacer\">\n\t\t\t<div class=\"elementor-spacer-inner\"><\/div>\n\t\t<\/div>\n\t\t\t\t\t\t<\/div>\n\t\t\t\t<\/div>\n\t\t\t\t<\/div>\n\t\t\t\t\t<\/div>\n\t\t\t\t<\/div>\n\t\t<div class=\"elementor-element elementor-element-4740252 e-flex e-con-boxed e-con e-parent\" data-id=\"4740252\" data-element_type=\"container\" data-e-type=\"container\">\n\t\t\t\t\t<div class=\"e-con-inner\">\n\t\t\t\t<div class=\"elementor-element elementor-element-4963f77 elementor-widget elementor-widget-spacer\" data-id=\"4963f77\" data-element_type=\"widget\" data-e-type=\"widget\" data-widget_type=\"spacer.default\">\n\t\t\t\t<div class=\"elementor-widget-container\">\n\t\t\t\t\t\t\t<div class=\"elementor-spacer\">\n\t\t\t<div class=\"elementor-spacer-inner\"><\/div>\n\t\t<\/div>\n\t\t\t\t\t\t<\/div>\n\t\t\t\t<\/div>\n\t\t\t\t\t<\/div>\n\t\t\t\t<\/div>\n\t\t<div class=\"elementor-element elementor-element-acb1bf2 e-flex e-con-boxed e-con e-parent\" data-id=\"acb1bf2\" data-element_type=\"container\" data-e-type=\"container\">\n\t\t\t\t\t<div class=\"e-con-inner\">\n\t\t<div class=\"elementor-element elementor-element-cc976f7 e-con-full e-flex e-con e-child\" data-id=\"cc976f7\" data-element_type=\"container\" data-e-type=\"container\">\n\t\t\t\t<div class=\"elementor-element elementor-element-bf0a2db elementor-widget elementor-widget-image\" data-id=\"bf0a2db\" data-element_type=\"widget\" data-e-type=\"widget\" data-widget_type=\"image.default\">\n\t\t\t\t<div class=\"elementor-widget-container\">\n\t\t\t\t\t\t\t\t\t\t\t\t\t\t\t<img fetchpriority=\"high\" decoding=\"async\" width=\"900\" height=\"150\" src=\"https:\/\/swiss21.org\/wp-content\/uploads\/2023\/10\/eq_SumUp.webp\" class=\"attachment-large size-large wp-image-33230\" alt=\"\" srcset=\"https:\/\/swiss21.org\/wp-content\/uploads\/2023\/10\/eq_SumUp.webp 900w, https:\/\/swiss21.org\/wp-content\/uploads\/2023\/10\/eq_SumUp-300x50.webp 300w, https:\/\/swiss21.org\/wp-content\/uploads\/2023\/10\/eq_SumUp-768x128.webp 768w, https:\/\/swiss21.org\/wp-content\/uploads\/2023\/10\/eq_SumUp-700x117.webp 700w\" sizes=\"(max-width: 900px) 100vw, 900px\" title=\"\">\t\t\t\t\t\t\t\t\t\t\t\t\t\t\t<\/div>\n\t\t\t\t<\/div>\n\t\t\t\t<\/div>\n\t\t<div class=\"elementor-element elementor-element-0e42d0f e-con-full e-flex e-con e-child\" data-id=\"0e42d0f\" data-element_type=\"container\" data-e-type=\"container\">\n\t\t\t\t<div class=\"elementor-element elementor-element-57990ea elementor-widget elementor-widget-heading\" data-id=\"57990ea\" data-element_type=\"widget\" data-e-type=\"widget\" data-widget_type=\"heading.default\">\n\t\t\t\t<div class=\"elementor-widget-container\">\n\t\t\t\t\t<h2 class=\"elementor-heading-title elementor-size-default\">Offrite ai vostri clienti la possibilit\u00e0 di pagare con VISA, Mastercard, ApplePay e GooglePay\n<\/h2>\t\t\t\t<\/div>\n\t\t\t\t<\/div>\n\t\t\t\t<div class=\"elementor-element elementor-element-77ee8ea elementor-widget elementor-widget-text-editor\" data-id=\"77ee8ea\" data-element_type=\"widget\" data-e-type=\"widget\" data-widget_type=\"text-editor.default\">\n\t\t\t\t<div class=\"elementor-widget-container\">\n\t\t\t\t\t\t\t\t\t<div class=\"et_pb_section et_pb_section_2 et_pb_with_background et_section_regular\"><div class=\"et_pb_row et_pb_row_2\"><div class=\"et_pb_column et_pb_column_2_3 et_pb_column_3  et_pb_css_mix_blend_mode_passthrough et-last-child\"><div class=\"et_pb_module et_pb_text et_pb_text_5 nicht-mehrspaltig  et_pb_text_align_left et_pb_bg_layout_dark\"><div class=\"et_pb_text_inner\"><div dir=\"auto\">Tutte le transazioni SumUp vengono registrate automaticamente su 21.Commerce e 21.Accounting.<\/div><\/div><\/div><\/div><\/div><\/div>\t\t\t\t\t\t\t\t<\/div>\n\t\t\t\t<\/div>\n\t\t\t\t<\/div>\n\t\t\t\t\t<\/div>\n\t\t\t\t<\/div>\n\t\t<div class=\"elementor-element elementor-element-5e901b0 e-flex e-con-boxed e-con e-parent\" data-id=\"5e901b0\" data-element_type=\"container\" data-e-type=\"container\">\n\t\t\t\t\t<div class=\"e-con-inner\">\n\t\t\t\t<div class=\"elementor-element elementor-element-44995e2 elementor-widget elementor-widget-spacer\" data-id=\"44995e2\" data-element_type=\"widget\" data-e-type=\"widget\" data-widget_type=\"spacer.default\">\n\t\t\t\t<div class=\"elementor-widget-container\">\n\t\t\t\t\t\t\t<div class=\"elementor-spacer\">\n\t\t\t<div class=\"elementor-spacer-inner\"><\/div>\n\t\t<\/div>\n\t\t\t\t\t\t<\/div>\n\t\t\t\t<\/div>\n\t\t\t\t\t<\/div>\n\t\t\t\t<\/div>\n\t\t<div class=\"elementor-element elementor-element-389aab2 e-flex e-con-boxed e-con e-parent\" data-id=\"389aab2\" data-element_type=\"container\" data-e-type=\"container\">\n\t\t\t\t\t<div class=\"e-con-inner\">\n\t\t<div class=\"elementor-element elementor-element-08cb983 e-flex e-con-boxed e-con e-child\" data-id=\"08cb983\" data-element_type=\"container\" data-e-type=\"container\">\n\t\t\t\t\t<div class=\"e-con-inner\">\n\t\t\t\t<div class=\"elementor-element elementor-element-9c63bd5 elementor-widget elementor-widget-image\" data-id=\"9c63bd5\" data-element_type=\"widget\" data-e-type=\"widget\" data-widget_type=\"image.default\">\n\t\t\t\t<div class=\"elementor-widget-container\">\n\t\t\t\t\t\t\t\t\t\t\t\t\t\t\t<img decoding=\"async\" width=\"100\" height=\"100\" src=\"https:\/\/swiss21.org\/wp-content\/uploads\/2023\/10\/icons8_financial_growth_analysis_100px.webp\" class=\"attachment-large size-large wp-image-33368\" alt=\"\" title=\"\">\t\t\t\t\t\t\t\t\t\t\t\t\t\t\t<\/div>\n\t\t\t\t<\/div>\n\t\t\t\t<div class=\"elementor-element elementor-element-d442b68 elementor-widget elementor-widget-heading\" data-id=\"d442b68\" data-element_type=\"widget\" data-e-type=\"widget\" data-widget_type=\"heading.default\">\n\t\t\t\t<div class=\"elementor-widget-container\">\n\t\t\t\t\t<h3 class=\"elementor-heading-title elementor-size-default\">Tutto sott\u2019occhio<\/h3>\t\t\t\t<\/div>\n\t\t\t\t<\/div>\n\t\t\t\t<div class=\"elementor-element elementor-element-891d05f elementor-widget elementor-widget-text-editor\" data-id=\"891d05f\" data-element_type=\"widget\" data-e-type=\"widget\" data-widget_type=\"text-editor.default\">\n\t\t\t\t<div class=\"elementor-widget-container\">\n\t\t\t\t\t\t\t\t\t<p>Tutte le transazioni SumUp vengono registrate automaticamente su 21.Commerce e 21.Accounting.<\/p>\t\t\t\t\t\t\t\t<\/div>\n\t\t\t\t<\/div>\n\t\t\t\t\t<\/div>\n\t\t\t\t<\/div>\n\t\t<div class=\"elementor-element elementor-element-b37db78 e-flex e-con-boxed e-con e-child\" data-id=\"b37db78\" data-element_type=\"container\" data-e-type=\"container\">\n\t\t\t\t\t<div class=\"e-con-inner\">\n\t\t\t\t<div class=\"elementor-element elementor-element-4ff78cb elementor-widget elementor-widget-image\" data-id=\"4ff78cb\" data-element_type=\"widget\" data-e-type=\"widget\" data-widget_type=\"image.default\">\n\t\t\t\t<div class=\"elementor-widget-container\">\n\t\t\t\t\t\t\t\t\t\t\t\t\t\t\t<img decoding=\"async\" width=\"100\" height=\"100\" src=\"https:\/\/swiss21.org\/wp-content\/uploads\/2023\/10\/icons8_credit_card_contactless_100px_1.webp\" class=\"attachment-large size-large wp-image-33366\" alt=\"\" title=\"\">\t\t\t\t\t\t\t\t\t\t\t\t\t\t\t<\/div>\n\t\t\t\t<\/div>\n\t\t\t\t<div class=\"elementor-element elementor-element-61f9e53 elementor-widget elementor-widget-heading\" data-id=\"61f9e53\" data-element_type=\"widget\" data-e-type=\"widget\" data-widget_type=\"heading.default\">\n\t\t\t\t<div class=\"elementor-widget-container\">\n\t\t\t\t\t<h3 class=\"elementor-heading-title elementor-size-default\">Si accettano carte di debito e credito\n<\/h3>\t\t\t\t<\/div>\n\t\t\t\t<\/div>\n\t\t\t\t<div class=\"elementor-element elementor-element-8169041 elementor-widget elementor-widget-text-editor\" data-id=\"8169041\" data-element_type=\"widget\" data-e-type=\"widget\" data-widget_type=\"text-editor.default\">\n\t\t\t\t<div class=\"elementor-widget-container\">\n\t\t\t\t\t\t\t\t\t<p>Connessione via Bluetooth. Compatibile con tutti gli attuali smartphone o tablet iOS\/Android.<\/p>\t\t\t\t\t\t\t\t<\/div>\n\t\t\t\t<\/div>\n\t\t\t\t\t<\/div>\n\t\t\t\t<\/div>\n\t\t<div class=\"elementor-element elementor-element-877231a e-flex e-con-boxed e-con e-child\" data-id=\"877231a\" data-element_type=\"container\" data-e-type=\"container\">\n\t\t\t\t\t<div class=\"e-con-inner\">\n\t\t\t\t<div class=\"elementor-element elementor-element-8e76027 elementor-widget elementor-widget-image\" data-id=\"8e76027\" data-element_type=\"widget\" data-e-type=\"widget\" data-widget_type=\"image.default\">\n\t\t\t\t<div class=\"elementor-widget-container\">\n\t\t\t\t\t\t\t\t\t\t\t\t\t\t\t<img loading=\"lazy\" decoding=\"async\" width=\"80\" height=\"80\" src=\"https:\/\/swiss21.org\/wp-content\/uploads\/2023\/10\/icons8_easy_80px.webp\" class=\"attachment-large size-large wp-image-33364\" alt=\"\" title=\"\">\t\t\t\t\t\t\t\t\t\t\t\t\t\t\t<\/div>\n\t\t\t\t<\/div>\n\t\t\t\t<div class=\"elementor-element elementor-element-50bcfcb elementor-widget elementor-widget-heading\" data-id=\"50bcfcb\" data-element_type=\"widget\" data-e-type=\"widget\" data-widget_type=\"heading.default\">\n\t\t\t\t<div class=\"elementor-widget-container\">\n\t\t\t\t\t<h3 class=\"elementor-heading-title elementor-size-default\">Registrazione rapida e semplice\n<\/h3>\t\t\t\t<\/div>\n\t\t\t\t<\/div>\n\t\t\t\t<div class=\"elementor-element elementor-element-439c848 elementor-widget elementor-widget-text-editor\" data-id=\"439c848\" data-element_type=\"widget\" data-e-type=\"widget\" data-widget_type=\"text-editor.default\">\n\t\t\t\t<div class=\"elementor-widget-container\">\n\t\t\t\t\t\t\t\t\t<p>Completamente online. Nessun contratto aggiuntivo. Niente scartoffie.<\/p>\t\t\t\t\t\t\t\t<\/div>\n\t\t\t\t<\/div>\n\t\t\t\t\t<\/div>\n\t\t\t\t<\/div>\n\t\t\t\t\t<\/div>\n\t\t\t\t<\/div>\n\t\t<div class=\"elementor-element elementor-element-f60d8c0 e-flex e-con-boxed e-con e-parent\" data-id=\"f60d8c0\" data-element_type=\"container\" data-e-type=\"container\">\n\t\t\t\t\t<div class=\"e-con-inner\">\n\t\t\t\t<div class=\"elementor-element elementor-element-ddc5a27 elementor-widget elementor-widget-spacer\" data-id=\"ddc5a27\" data-element_type=\"widget\" data-e-type=\"widget\" data-widget_type=\"spacer.default\">\n\t\t\t\t<div class=\"elementor-widget-container\">\n\t\t\t\t\t\t\t<div class=\"elementor-spacer\">\n\t\t\t<div class=\"elementor-spacer-inner\"><\/div>\n\t\t<\/div>\n\t\t\t\t\t\t<\/div>\n\t\t\t\t<\/div>\n\t\t\t\t\t<\/div>\n\t\t\t\t<\/div>\n\t\t<div class=\"elementor-element elementor-element-48ac331 e-flex e-con-boxed e-con e-parent\" data-id=\"48ac331\" data-element_type=\"container\" data-e-type=\"container\">\n\t\t\t\t\t<div class=\"e-con-inner\">\n\t\t<div class=\"elementor-element elementor-element-b9b92f4 e-con-full e-flex e-con e-child\" data-id=\"b9b92f4\" data-element_type=\"container\" data-e-type=\"container\">\n\t\t\t\t<div class=\"elementor-element elementor-element-08fe9c5 elementor-widget elementor-widget-heading\" data-id=\"08fe9c5\" data-element_type=\"widget\" data-e-type=\"widget\" data-widget_type=\"heading.default\">\n\t\t\t\t<div class=\"elementor-widget-container\">\n\t\t\t\t\t<h2 class=\"elementor-heading-title elementor-size-default\">Ulteriori informazioni su SumUp<\/h2>\t\t\t\t<\/div>\n\t\t\t\t<\/div>\n\t\t\t\t<div class=\"elementor-element elementor-element-81a8250 elementor-widget elementor-widget-text-editor\" data-id=\"81a8250\" data-element_type=\"widget\" data-e-type=\"widget\" data-widget_type=\"text-editor.default\">\n\t\t\t\t<div class=\"elementor-widget-container\">\n\t\t\t\t\t\t\t\t\t<div class=\"et_pb_column et_pb_column_1_3 et_pb_column_4 et_pb_css_mix_blend_mode_passthrough\"><div class=\"et_pb_module et_pb_blurb et_pb_blurb_0 et_pb_text_align_center et_pb_blurb_position_top et_pb_bg_layout_light\"><div class=\"et_pb_blurb_content\"><div class=\"et_pb_blurb_container\"><div class=\"et_pb_blurb_description\"><div class=\"et_pb_column et_pb_column_1_3 et_pb_column_4 et_pb_css_mix_blend_mode_passthrough\"><div class=\"et_pb_module et_pb_blurb et_pb_blurb_0 et_pb_text_align_center et_pb_blurb_position_top et_pb_bg_layout_light\"><div class=\"et_pb_blurb_content\"><div class=\"et_pb_blurb_container\"><div class=\"et_pb_blurb_description\"><div dir=\"auto\"><div class=\"et_pb_column et_pb_column_1_3 et_pb_column_4 et_pb_css_mix_blend_mode_passthrough\"><div class=\"et_pb_module et_pb_blurb et_pb_blurb_0 et_pb_text_align_center et_pb_blurb_position_top et_pb_bg_layout_light\"><div class=\"et_pb_blurb_content\"><div class=\"et_pb_blurb_container\"><div class=\"et_pb_blurb_description\"><div dir=\"auto\"><p>SumUp \u00e8 l\u2019azienda leader in Europa nel settore del point-of-sale mobile (mPOS). Fondata nel 2012, l\u2019azienda \u00e8 presente in Svizzera da maggio 2015. Grazie a SumUp, i commercianti possono accettare pagamenti in tutta semplicit\u00e0, sicurezza e convenienza con il loro smartphone o tablet. Bastano un lettore di carte SumUp e la corrispondente app per iOS e Android, e in un batter d\u2019occhio uno smartphone o un tablet si trasforma in un terminale per carte. SumUp \u00e8 attivo in un totale di 31 paesi, tra cui la Svizzera, la Germania e la Gran Bretagna.<\/p><p>SumUp \u00e8 autorizzata dall\u2019autorit\u00e0 di sorveglianza dei mercati finanziari britannica ai sensi delle Electronic Money Regulations 2011 (licenza FCA n. 900700) ed \u00e8 certificata Europay, Mastercard e VISA (EMV) nonch\u00e9 PCI-DSS, soddisfando cos\u00ec i pi\u00f9 elevati standard di sicurezza per i pagamenti con carta.<\/p><\/div><\/div><\/div><\/div><\/div><\/div><\/div><\/div><\/div><\/div><\/div><\/div><\/div><\/div><\/div><\/div><\/div>\t\t\t\t\t\t\t\t<\/div>\n\t\t\t\t<\/div>\n\t\t\t\t<\/div>\n\t\t<div class=\"elementor-element elementor-element-9ea5ccd e-con-full e-flex e-con e-child\" data-id=\"9ea5ccd\" data-element_type=\"container\" data-e-type=\"container\">\n\t\t\t\t<div class=\"elementor-element elementor-element-9ac369f elementor-widget elementor-widget-heading\" data-id=\"9ac369f\" data-element_type=\"widget\" data-e-type=\"widget\" data-widget_type=\"heading.default\">\n\t\t\t\t<div class=\"elementor-widget-container\">\n\t\t\t\t\t<h2 class=\"elementor-heading-title elementor-size-default\">I vostri vantaggi<\/h2>\t\t\t\t<\/div>\n\t\t\t\t<\/div>\n\t\t\t\t<div class=\"elementor-element elementor-element-7850426 elementor-widget elementor-widget-text-editor\" data-id=\"7850426\" data-element_type=\"widget\" data-e-type=\"widget\" data-widget_type=\"text-editor.default\">\n\t\t\t\t<div class=\"elementor-widget-container\">\n\t\t\t\t\t\t\t\t\t<ul><li>Integrazione dei pagamenti con carta preferiti a condizioni allettanti in Swiss21 (21.Accounting e 21.Commerce)<\/li><li>Niente pi\u00f9 errori di inserimento dati: l\u2019importo da incassare sar\u00e0 comunicato in maniera del tutto automatica da 21.Commerce al vostro dispositivo SumUp<\/li><li>Nessuno sforzo manuale superfluo: riconoscimento del metodo di pagamento e contabilit\u00e0 corretta delle transazioni nella vostra cassa<\/li><li>Elaborazione rapida ed efficace delle vendite<\/li><li>Casse moderne e intuitive<\/li><li>Garanzia d\u2019igiene grazie ai pagamenti senza contatto<\/li><\/ul>\t\t\t\t\t\t\t\t<\/div>\n\t\t\t\t<\/div>\n\t\t\t\t<\/div>\n\t\t<div class=\"elementor-element elementor-element-6ec6a29 e-con-full e-flex e-con e-child\" data-id=\"6ec6a29\" data-element_type=\"container\" data-e-type=\"container\">\n\t\t\t\t<div class=\"elementor-element elementor-element-2ab174c elementor-widget elementor-widget-heading\" data-id=\"2ab174c\" data-element_type=\"widget\" data-e-type=\"widget\" data-widget_type=\"heading.default\">\n\t\t\t\t<div class=\"elementor-widget-container\">\n\t\t\t\t\t<h2 class=\"elementor-heading-title elementor-size-default\">Panoramica<\/h2>\t\t\t\t<\/div>\n\t\t\t\t<\/div>\n\t\t\t\t<div class=\"elementor-element elementor-element-44d2e25 elementor-widget elementor-widget-text-editor\" data-id=\"44d2e25\" data-element_type=\"widget\" data-e-type=\"widget\" data-widget_type=\"text-editor.default\">\n\t\t\t\t<div class=\"elementor-widget-container\">\n\t\t\t\t\t\t\t\t\t<div class=\"et_pb_module et_pb_text et_pb_text_7 et_pb_text_align_left et_pb_bg_layout_light\"><div class=\"et_pb_text_inner\"><p><strong>Lingue disponibili<\/strong><\/p><p>tedesco, francese, italiano, inglese<\/p><p><strong>Sito web<\/strong><\/p><p><a href=\"https:\/\/ch-it.sumup.com\/welcome\/home\/?a_aid=swiss21&amp;utm_source=swiss21&amp;utm_medium=affiliate\" target=\"_blank\" rel=\"noopener\">https:\/\/ch-it.sumup.com\/<\/a><\/p><p><strong>Prezzo<\/strong><\/p><p>Dispositivo: da CHF 49.-<\/p><p>Integrazione: Basic Abo (CHF 21.- \/ mese)<\/p><\/div><\/div>\t\t\t\t\t\t\t\t<\/div>\n\t\t\t\t<\/div>\n\t\t\t\t<div class=\"elementor-element elementor-element-01db3eb elementor-align-center elementor-widget elementor-widget-button\" data-id=\"01db3eb\" data-element_type=\"widget\" data-e-type=\"widget\" data-widget_type=\"button.default\">\n\t\t\t\t<div class=\"elementor-widget-container\">\n\t\t\t\t\t\t\t\t\t<div class=\"elementor-button-wrapper\">\n\t\t\t\t\t<a class=\"elementor-button elementor-button-link elementor-size-sm\" href=\"https:\/\/www.sumup.com\/it-ch\/welcome\/home\/\" target=\"_blank\" rel=\"noopener\">\n\t\t\t\t\t\t<span class=\"elementor-button-content-wrapper\">\n\t\t\t\t\t\t\t\t\t<span class=\"elementor-button-text\">Confronta i Dispositivi<\/span>\n\t\t\t\t\t<\/span>\n\t\t\t\t\t<\/a>\n\t\t\t\t<\/div>\n\t\t\t\t\t\t\t\t<\/div>\n\t\t\t\t<\/div>\n\t\t\t\t<\/div>\n\t\t\t\t\t<\/div>\n\t\t\t\t<\/div>\n\t\t<div class=\"elementor-element elementor-element-f522da0 e-flex e-con-boxed e-con e-parent\" data-id=\"f522da0\" data-element_type=\"container\" data-e-type=\"container\">\n\t\t\t\t\t<div class=\"e-con-inner\">\n\t\t\t\t<div class=\"elementor-element elementor-element-687c9f0 elementor-widget elementor-widget-spacer\" data-id=\"687c9f0\" data-element_type=\"widget\" data-e-type=\"widget\" data-widget_type=\"spacer.default\">\n\t\t\t\t<div class=\"elementor-widget-container\">\n\t\t\t\t\t\t\t<div class=\"elementor-spacer\">\n\t\t\t<div class=\"elementor-spacer-inner\"><\/div>\n\t\t<\/div>\n\t\t\t\t\t\t<\/div>\n\t\t\t\t<\/div>\n\t\t\t\t\t<\/div>\n\t\t\t\t<\/div>\n\t\t\t\t<\/div>\n\t\t","protected":false},"excerpt":{"rendered":"<p>PAGAMENTI CON CARTA SENZA CONTATTO Permettete ai vostri clienti di pagare con VISA, Mastercard, ApplePay, GooglePay Confrontare&#8230;<\/p>\n","protected":false},"author":3,"featured_media":0,"parent":33795,"menu_order":0,"comment_status":"closed","ping_status":"closed","template":"full_width.php","meta":{"_acf_changed":false,"footnotes":""},"class_list":["post-33874","page","type-page","status-publish","hentry"],"acf":[],"_links":{"self":[{"href":"https:\/\/swiss21.org\/it\/wp-json\/wp\/v2\/pages\/33874","targetHints":{"allow":["GET"]}}],"collection":[{"href":"https:\/\/swiss21.org\/it\/wp-json\/wp\/v2\/pages"}],"about":[{"href":"https:\/\/swiss21.org\/it\/wp-json\/wp\/v2\/types\/page"}],"author":[{"embeddable":true,"href":"https:\/\/swiss21.org\/it\/wp-json\/wp\/v2\/users\/3"}],"replies":[{"embeddable":true,"href":"https:\/\/swiss21.org\/it\/wp-json\/wp\/v2\/comments?post=33874"}],"version-history":[{"count":0,"href":"https:\/\/swiss21.org\/it\/wp-json\/wp\/v2\/pages\/33874\/revisions"}],"up":[{"embeddable":true,"href":"https:\/\/swiss21.org\/it\/wp-json\/wp\/v2\/pages\/33795"}],"wp:attachment":[{"href":"https:\/\/swiss21.org\/it\/wp-json\/wp\/v2\/media?parent=33874"}],"curies":[{"name":"wp","href":"https:\/\/api.w.org\/{rel}","templated":true}]}}