{"id":34150,"date":"2023-10-16T14:57:12","date_gmt":"2023-10-16T12:57:12","guid":{"rendered":"https:\/\/swiss21.org\/?page_id=34150"},"modified":"2026-02-11T14:46:33","modified_gmt":"2026-02-11T13:46:33","slug":"visione","status":"publish","type":"page","link":"https:\/\/swiss21.org\/it\/swiss21\/visione\/","title":{"rendered":"Visione"},"content":{"rendered":"\t\t<div data-elementor-type=\"wp-page\" data-elementor-id=\"34150\" class=\"elementor elementor-34150\" data-elementor-post-type=\"page\">\n\t\t\t\t<div class=\"elementor-element elementor-element-875d1c5 e-flex e-con-boxed e-con e-parent\" data-id=\"875d1c5\" data-element_type=\"container\" data-e-type=\"container\" data-settings=\"{&quot;background_background&quot;:&quot;classic&quot;}\">\n\t\t\t\t\t<div class=\"e-con-inner\">\n\t\t<div class=\"elementor-element elementor-element-68dddca e-con-full e-flex e-con e-child\" data-id=\"68dddca\" data-element_type=\"container\" data-e-type=\"container\">\n\t\t\t\t<div class=\"elementor-element elementor-element-9d6b3ae elementor-widget__width-initial elementor-widget elementor-widget-heading\" data-id=\"9d6b3ae\" data-element_type=\"widget\" data-e-type=\"widget\" data-widget_type=\"heading.default\">\n\t\t\t\t<div class=\"elementor-widget-container\">\n\t\t\t\t\t<h1 class=\"elementor-heading-title elementor-size-default\">VISIONe<\/h1>\t\t\t\t<\/div>\n\t\t\t\t<\/div>\n\t\t\t\t<div class=\"elementor-element elementor-element-ac0c06b elementor-widget__width-initial elementor-widget elementor-widget-text-editor\" data-id=\"ac0c06b\" data-element_type=\"widget\" data-e-type=\"widget\" data-widget_type=\"text-editor.default\">\n\t\t\t\t<div class=\"elementor-widget-container\">\n\t\t\t\t\t\t\t\t\t<div class=\"et_pb_section et_pb_section_0 et_pb_with_background et_section_regular et_pb_section_first\" data-fix-page-container=\"on\"><div class=\"et_pb_row et_pb_row_0\"><div class=\"et_pb_column et_pb_column_4_4 et_pb_column_0 et_pb_css_mix_blend_mode_passthrough et-last-child\"><div class=\"et_pb_module et_pb_text et_pb_text_1 et_pb_text_align_left et_pb_bg_layout_light\"><div class=\"et_pb_text_inner\"><p><span style=\"color: #ffffff;\">Scoprite la visione di Swiss21 e i valori che ci stanno a cuore.<\/span><\/p><\/div><\/div><\/div><\/div><\/div>\t\t\t\t\t\t\t\t<\/div>\n\t\t\t\t<\/div>\n\t\t\t\t<div class=\"elementor-element elementor-element-16ba2b4 elementor-widget elementor-widget-spacer\" data-id=\"16ba2b4\" data-element_type=\"widget\" data-e-type=\"widget\" data-widget_type=\"spacer.default\">\n\t\t\t\t<div class=\"elementor-widget-container\">\n\t\t\t\t\t\t\t<div class=\"elementor-spacer\">\n\t\t\t<div class=\"elementor-spacer-inner\"><\/div>\n\t\t<\/div>\n\t\t\t\t\t\t<\/div>\n\t\t\t\t<\/div>\n\t\t\t\t<\/div>\n\t\t\t\t\t<\/div>\n\t\t\t\t<\/div>\n\t\t<div class=\"elementor-element elementor-element-5ff08d4 e-flex e-con-boxed e-con e-parent\" data-id=\"5ff08d4\" data-element_type=\"container\" data-e-type=\"container\">\n\t\t\t\t\t<div class=\"e-con-inner\">\n\t\t\t\t<div class=\"elementor-element elementor-element-928fe45 elementor-widget elementor-widget-spacer\" data-id=\"928fe45\" data-element_type=\"widget\" data-e-type=\"widget\" data-widget_type=\"spacer.default\">\n\t\t\t\t<div class=\"elementor-widget-container\">\n\t\t\t\t\t\t\t<div class=\"elementor-spacer\">\n\t\t\t<div class=\"elementor-spacer-inner\"><\/div>\n\t\t<\/div>\n\t\t\t\t\t\t<\/div>\n\t\t\t\t<\/div>\n\t\t\t\t\t<\/div>\n\t\t\t\t<\/div>\n\t\t<div class=\"elementor-element elementor-element-60938c0 e-flex e-con-boxed e-con e-parent\" data-id=\"60938c0\" data-element_type=\"container\" data-e-type=\"container\">\n\t\t\t\t\t<div class=\"e-con-inner\">\n\t\t<div class=\"elementor-element elementor-element-d40e903 e-con-full e-flex e-con e-child\" data-id=\"d40e903\" data-element_type=\"container\" data-e-type=\"container\">\n\t\t\t\t<div class=\"elementor-element elementor-element-2c75967 elementor-widget elementor-widget-image\" data-id=\"2c75967\" data-element_type=\"widget\" data-e-type=\"widget\" data-widget_type=\"image.default\">\n\t\t\t\t<div class=\"elementor-widget-container\">\n\t\t\t\t\t\t\t\t\t\t\t\t\t\t\t<img decoding=\"async\" width=\"100\" height=\"100\" src=\"https:\/\/swiss21.org\/wp-content\/uploads\/2023\/10\/icons8_goal_100px-1.webp\" class=\"attachment-large size-large wp-image-33396\" alt=\"Zielscheibe\" srcset=\"https:\/\/swiss21.org\/wp-content\/uploads\/2023\/10\/icons8_goal_100px-1.webp 100w, https:\/\/swiss21.org\/wp-content\/uploads\/2023\/10\/elementor\/thumbs\/icons8_goal_100px-1-qe178xkqjrq6q4jkaqzj98zc8233uygkj0z0spfvog.webp 80w\" sizes=\"(max-width: 100px) 100vw, 100px\" title=\"\">\t\t\t\t\t\t\t\t\t\t\t\t\t\t\t<\/div>\n\t\t\t\t<\/div>\n\t\t\t\t<\/div>\n\t\t<div class=\"elementor-element elementor-element-e1d546a e-con-full e-flex e-con e-child\" data-id=\"e1d546a\" data-element_type=\"container\" data-e-type=\"container\">\n\t\t\t\t<div class=\"elementor-element elementor-element-4448e26 elementor-widget elementor-widget-heading\" data-id=\"4448e26\" data-element_type=\"widget\" data-e-type=\"widget\" data-widget_type=\"heading.default\">\n\t\t\t\t<div class=\"elementor-widget-container\">\n\t\t\t\t\t<h2 class=\"elementor-heading-title elementor-size-default\">Visione<\/h2>\t\t\t\t<\/div>\n\t\t\t\t<\/div>\n\t\t\t\t<div class=\"elementor-element elementor-element-27099f0 elementor-widget elementor-widget-text-editor\" data-id=\"27099f0\" data-element_type=\"widget\" data-e-type=\"widget\" data-widget_type=\"text-editor.default\">\n\t\t\t\t<div class=\"elementor-widget-container\">\n\t\t\t\t\t\t\t\t\t<div class=\"et_pb_module et_pb_blurb et_pb_blurb_0 et_pb_text_align_left et_pb_blurb_position_left et_pb_bg_layout_light\"><div class=\"et_pb_blurb_content\"><div class=\"et_pb_blurb_container\"><div class=\"et_pb_blurb_description\"><div class=\"et_pb_module et_pb_blurb et_pb_blurb_0  et_pb_text_align_left  et_pb_blurb_position_left et_pb_bg_layout_light\"><div class=\"et_pb_blurb_content\"><div class=\"et_pb_blurb_container\"><div class=\"et_pb_blurb_description\"><p>Swiss21.org digitalizza le piccole imprese svizzere. Con partner svizzeri e software commerciale gratuito. Accompagniamo startup e piccole imprese sulla strada della digitalizzazione. Utilizzate i nostri strumenti e salpate per nuovi lidi. In un ambiente caratterizzato da rapidit\u00e0, integrazione e collegamento in rete.<\/p><\/div><\/div><\/div><\/div><div class=\"et_pb_module et_pb_blurb et_pb_blurb_1  et_pb_text_align_left  et_pb_blurb_position_left et_pb_bg_layout_light\"><div class=\"et_pb_blurb_content\"><div class=\"et_pb_main_blurb_image\">\u00a0<\/div><\/div><\/div><\/div><\/div><\/div><\/div>\t\t\t\t\t\t\t\t<\/div>\n\t\t\t\t<\/div>\n\t\t\t\t<\/div>\n\t\t\t\t\t<\/div>\n\t\t\t\t<\/div>\n\t\t<div class=\"elementor-element elementor-element-8b26469 e-flex e-con-boxed e-con e-parent\" data-id=\"8b26469\" data-element_type=\"container\" data-e-type=\"container\">\n\t\t\t\t\t<div class=\"e-con-inner\">\n\t\t<div class=\"elementor-element elementor-element-dd57581 e-con-full e-flex e-con e-child\" data-id=\"dd57581\" data-element_type=\"container\" data-e-type=\"container\">\n\t\t\t\t<div class=\"elementor-element elementor-element-0fd63ab elementor-widget elementor-widget-image\" data-id=\"0fd63ab\" data-element_type=\"widget\" data-e-type=\"widget\" data-widget_type=\"image.default\">\n\t\t\t\t<div class=\"elementor-widget-container\">\n\t\t\t\t\t\t\t\t\t\t\t\t\t\t\t<img decoding=\"async\" width=\"100\" height=\"100\" src=\"https:\/\/swiss21.org\/wp-content\/uploads\/2023\/10\/icons8_trust_100px.webp\" class=\"attachment-large size-large wp-image-33398\" alt=\"\" title=\"\">\t\t\t\t\t\t\t\t\t\t\t\t\t\t\t<\/div>\n\t\t\t\t<\/div>\n\t\t\t\t<\/div>\n\t\t<div class=\"elementor-element elementor-element-97f72e8 e-con-full e-flex e-con e-child\" data-id=\"97f72e8\" data-element_type=\"container\" data-e-type=\"container\">\n\t\t\t\t<div class=\"elementor-element elementor-element-c7fe54b elementor-widget elementor-widget-heading\" data-id=\"c7fe54b\" data-element_type=\"widget\" data-e-type=\"widget\" data-widget_type=\"heading.default\">\n\t\t\t\t<div class=\"elementor-widget-container\">\n\t\t\t\t\t<h2 class=\"elementor-heading-title elementor-size-default\">Vantaggi<\/h2>\t\t\t\t<\/div>\n\t\t\t\t<\/div>\n\t\t\t\t<div class=\"elementor-element elementor-element-f2cc714 elementor-widget elementor-widget-text-editor\" data-id=\"f2cc714\" data-element_type=\"widget\" data-e-type=\"widget\" data-widget_type=\"text-editor.default\">\n\t\t\t\t<div class=\"elementor-widget-container\">\n\t\t\t\t\t\t\t\t\t<div class=\"et_pb_module et_pb_blurb et_pb_blurb_0 et_pb_text_align_left et_pb_blurb_position_left et_pb_bg_layout_light\"><div class=\"et_pb_blurb_content\"><div class=\"et_pb_blurb_container\"><div class=\"et_pb_blurb_description\"><div class=\"et_pb_blurb_description\"><p>Con Swiss21 avete a disposizione un pacchetto software sperimentato e completamente integrato, basato sul cloud. Non avete bisogno di un server e i vostri dati sono archiviati al sicuro in Svizzera. Con Swiss21.org avete sempre tutte le informazioni importanti a portata di mano, potete <strong>agire tempestivamente, prendere le decisioni giuste<\/strong>\u00a0e avere pi\u00f9 tempo da dedicare alla vostra attivit\u00e0. I nostri strumenti rendono tutto pi\u00f9 facile.\u00a0Vi fanno risparmiare tempo e vi portano pi\u00f9 in fretta al traguardo, grazie all\u2019impiego del software pi\u00f9 adeguato alla vostra azienda fin dalle fasi iniziali.<\/p><\/div><\/div><\/div><\/div><\/div>\t\t\t\t\t\t\t\t<\/div>\n\t\t\t\t<\/div>\n\t\t\t\t<\/div>\n\t\t\t\t\t<\/div>\n\t\t\t\t<\/div>\n\t\t<div class=\"elementor-element elementor-element-48374c4 e-flex e-con-boxed e-con e-parent\" data-id=\"48374c4\" data-element_type=\"container\" data-e-type=\"container\">\n\t\t\t\t\t<div class=\"e-con-inner\">\n\t\t\t\t<div class=\"elementor-element elementor-element-1476199 elementor-widget-divider--view-line elementor-widget elementor-widget-divider\" data-id=\"1476199\" data-element_type=\"widget\" data-e-type=\"widget\" data-widget_type=\"divider.default\">\n\t\t\t\t<div class=\"elementor-widget-container\">\n\t\t\t\t\t\t\t<div class=\"elementor-divider\">\n\t\t\t<span class=\"elementor-divider-separator\">\n\t\t\t\t\t\t<\/span>\n\t\t<\/div>\n\t\t\t\t\t\t<\/div>\n\t\t\t\t<\/div>\n\t\t\t\t\t<\/div>\n\t\t\t\t<\/div>\n\t\t<div class=\"elementor-element elementor-element-4468340 e-flex e-con-boxed e-con e-parent\" data-id=\"4468340\" data-element_type=\"container\" data-e-type=\"container\">\n\t\t\t\t\t<div class=\"e-con-inner\">\n\t\t\t\t<div class=\"elementor-element elementor-element-a256dfb elementor-widget elementor-widget-heading\" data-id=\"a256dfb\" data-element_type=\"widget\" data-e-type=\"widget\" data-widget_type=\"heading.default\">\n\t\t\t\t<div class=\"elementor-widget-container\">\n\t\t\t\t\t<h2 class=\"elementor-heading-title elementor-size-default\">I nostri partner<\/h2>\t\t\t\t<\/div>\n\t\t\t\t<\/div>\n\t\t\t\t<div class=\"elementor-element elementor-element-b111b54 elementor-widget elementor-widget-text-editor\" data-id=\"b111b54\" data-element_type=\"widget\" data-e-type=\"widget\" data-widget_type=\"text-editor.default\">\n\t\t\t\t<div class=\"elementor-widget-container\">\n\t\t\t\t\t\t\t\t\t<div class=\"et_pb_section et_pb_section_0 et_pb_with_background et_section_regular et_pb_section_first\" data-fix-page-container=\"on\"><div class=\"et_pb_row et_pb_row_0\"><div class=\"et_pb_column et_pb_column_4_4 et_pb_column_0 et_pb_css_mix_blend_mode_passthrough et-last-child\"><div class=\"et_pb_module et_pb_text et_pb_text_1 et_pb_text_align_left et_pb_bg_layout_light\"><div class=\"et_pb_text_inner\"><p>Questi sono i nostri partner che sostengono Swiss21.org e quindi voi e la vostra giovane azienda. Grazie a loro, possiamo supportarvi con l&#8217;ecosistema digitale di Swiss21.org. Questo rende la digitalizzazione e l&#8217;efficienza dei vostri processi un gioco da ragazzi.<\/p><\/div><\/div><\/div><\/div><\/div>\t\t\t\t\t\t\t\t<\/div>\n\t\t\t\t<\/div>\n\t\t\t\t\t<\/div>\n\t\t\t\t<\/div>\n\t\t<div class=\"elementor-element elementor-element-6131570 e-flex e-con-boxed e-con e-parent\" data-id=\"6131570\" data-element_type=\"container\" data-e-type=\"container\">\n\t\t\t\t\t<div class=\"e-con-inner\">\n\t\t\t\t<div class=\"elementor-element elementor-element-326fef9 elementor-widget elementor-widget-spacer\" data-id=\"326fef9\" data-element_type=\"widget\" data-e-type=\"widget\" data-widget_type=\"spacer.default\">\n\t\t\t\t<div class=\"elementor-widget-container\">\n\t\t\t\t\t\t\t<div class=\"elementor-spacer\">\n\t\t\t<div class=\"elementor-spacer-inner\"><\/div>\n\t\t<\/div>\n\t\t\t\t\t\t<\/div>\n\t\t\t\t<\/div>\n\t\t\t\t\t<\/div>\n\t\t\t\t<\/div>\n\t\t<div class=\"elementor-element elementor-element-1f08dea e-flex e-con-boxed e-con e-parent\" data-id=\"1f08dea\" data-element_type=\"container\" data-e-type=\"container\">\n\t\t\t\t\t<div class=\"e-con-inner\">\n\t\t\t\t<div class=\"elementor-element elementor-element-e26462a elementor-widget elementor-widget-heading\" data-id=\"e26462a\" data-element_type=\"widget\" data-e-type=\"widget\" data-widget_type=\"heading.default\">\n\t\t\t\t<div class=\"elementor-widget-container\">\n\t\t\t\t\t<h2 class=\"elementor-heading-title elementor-size-default\">Software<\/h2>\t\t\t\t<\/div>\n\t\t\t\t<\/div>\n\t\t\t\t\t<\/div>\n\t\t\t\t<\/div>\n\t\t<div class=\"elementor-element elementor-element-67503f0 e-flex e-con-boxed e-con e-parent\" data-id=\"67503f0\" data-element_type=\"container\" data-e-type=\"container\">\n\t\t\t\t\t<div class=\"e-con-inner\">\n\t\t<div class=\"elementor-element elementor-element-d6fb430 e-con-full e-flex e-con e-child\" data-id=\"d6fb430\" data-element_type=\"container\" data-e-type=\"container\">\n\t\t\t\t<div class=\"elementor-element elementor-element-c91e124 elementor-widget elementor-widget-image\" data-id=\"c91e124\" data-element_type=\"widget\" data-e-type=\"widget\" data-widget_type=\"image.default\">\n\t\t\t\t<div class=\"elementor-widget-container\">\n\t\t\t\t\t\t\t\t\t\t\t\t\t\t\t<img fetchpriority=\"high\" decoding=\"async\" width=\"1024\" height=\"189\" src=\"https:\/\/swiss21.org\/wp-content\/uploads\/2023\/10\/Abacus_Logo-1024x189.png\" class=\"attachment-large size-large wp-image-32758\" alt=\"\" srcset=\"https:\/\/swiss21.org\/wp-content\/uploads\/2023\/10\/Abacus_Logo-1024x189.png 1024w, https:\/\/swiss21.org\/wp-content\/uploads\/2023\/10\/Abacus_Logo-300x55.png 300w, https:\/\/swiss21.org\/wp-content\/uploads\/2023\/10\/Abacus_Logo-768x141.png 768w, https:\/\/swiss21.org\/wp-content\/uploads\/2023\/10\/Abacus_Logo-700x129.png 700w, https:\/\/swiss21.org\/wp-content\/uploads\/2023\/10\/Abacus_Logo.png 1200w\" sizes=\"(max-width: 1024px) 100vw, 1024px\" title=\"\">\t\t\t\t\t\t\t\t\t\t\t\t\t\t\t<\/div>\n\t\t\t\t<\/div>\n\t\t\t\t<\/div>\n\t\t<div class=\"elementor-element elementor-element-de1044b e-con-full e-flex e-con e-child\" data-id=\"de1044b\" data-element_type=\"container\" data-e-type=\"container\">\n\t\t\t\t<div class=\"elementor-element elementor-element-f176c0a elementor-widget elementor-widget-image\" data-id=\"f176c0a\" data-element_type=\"widget\" data-e-type=\"widget\" data-widget_type=\"image.default\">\n\t\t\t\t<div class=\"elementor-widget-container\">\n\t\t\t\t\t\t\t\t\t\t\t\t\t\t\t<img loading=\"lazy\" decoding=\"async\" width=\"1024\" height=\"283\" src=\"https:\/\/swiss21.org\/wp-content\/uploads\/2023\/10\/csm_SmartWe_Logo_-_transparent_9e7436c777-1024x283.png\" class=\"attachment-large size-large wp-image-32762\" alt=\"\" srcset=\"https:\/\/swiss21.org\/wp-content\/uploads\/2023\/10\/csm_SmartWe_Logo_-_transparent_9e7436c777-1024x283.png 1024w, https:\/\/swiss21.org\/wp-content\/uploads\/2023\/10\/csm_SmartWe_Logo_-_transparent_9e7436c777-300x83.png 300w, https:\/\/swiss21.org\/wp-content\/uploads\/2023\/10\/csm_SmartWe_Logo_-_transparent_9e7436c777-768x212.png 768w, https:\/\/swiss21.org\/wp-content\/uploads\/2023\/10\/csm_SmartWe_Logo_-_transparent_9e7436c777-700x193.png 700w, https:\/\/swiss21.org\/wp-content\/uploads\/2023\/10\/csm_SmartWe_Logo_-_transparent_9e7436c777.png 1140w\" sizes=\"(max-width: 1024px) 100vw, 1024px\" title=\"\">\t\t\t\t\t\t\t\t\t\t\t\t\t\t\t<\/div>\n\t\t\t\t<\/div>\n\t\t\t\t<\/div>\n\t\t<div class=\"elementor-element elementor-element-f8efe6e e-con-full e-flex e-con e-child\" data-id=\"f8efe6e\" data-element_type=\"container\" data-e-type=\"container\">\n\t\t\t\t<div class=\"elementor-element elementor-element-fb42907 elementor-widget elementor-widget-image\" data-id=\"fb42907\" data-element_type=\"widget\" data-e-type=\"widget\" data-widget_type=\"image.default\">\n\t\t\t\t<div class=\"elementor-widget-container\">\n\t\t\t\t\t\t\t\t\t\t\t\t\t\t\t<img loading=\"lazy\" decoding=\"async\" width=\"640\" height=\"200\" src=\"https:\/\/swiss21.org\/wp-content\/uploads\/2023\/10\/peppershop_logo_hires.png\" class=\"attachment-large size-large wp-image-32760\" alt=\"\" srcset=\"https:\/\/swiss21.org\/wp-content\/uploads\/2023\/10\/peppershop_logo_hires.png 640w, https:\/\/swiss21.org\/wp-content\/uploads\/2023\/10\/peppershop_logo_hires-300x94.png 300w\" sizes=\"(max-width: 640px) 100vw, 640px\" title=\"\">\t\t\t\t\t\t\t\t\t\t\t\t\t\t\t<\/div>\n\t\t\t\t<\/div>\n\t\t\t\t<\/div>\n\t\t\t\t\t<\/div>\n\t\t\t\t<\/div>\n\t\t\t\t<\/div>\n\t\t","protected":false},"excerpt":{"rendered":"<p>VISIONe Scoprite la visione di Swiss21 e i valori che ci stanno a cuore. Visione Swiss21.org digitalizza&#8230;<\/p>\n","protected":false},"author":3,"featured_media":0,"parent":34932,"menu_order":0,"comment_status":"closed","ping_status":"closed","template":"full_width.php","meta":{"_acf_changed":false,"footnotes":""},"class_list":["post-34150","page","type-page","status-publish","hentry"],"acf":[],"_links":{"self":[{"href":"https:\/\/swiss21.org\/it\/wp-json\/wp\/v2\/pages\/34150","targetHints":{"allow":["GET"]}}],"collection":[{"href":"https:\/\/swiss21.org\/it\/wp-json\/wp\/v2\/pages"}],"about":[{"href":"https:\/\/swiss21.org\/it\/wp-json\/wp\/v2\/types\/page"}],"author":[{"embeddable":true,"href":"https:\/\/swiss21.org\/it\/wp-json\/wp\/v2\/users\/3"}],"replies":[{"embeddable":true,"href":"https:\/\/swiss21.org\/it\/wp-json\/wp\/v2\/comments?post=34150"}],"version-history":[{"count":0,"href":"https:\/\/swiss21.org\/it\/wp-json\/wp\/v2\/pages\/34150\/revisions"}],"up":[{"embeddable":true,"href":"https:\/\/swiss21.org\/it\/wp-json\/wp\/v2\/pages\/34932"}],"wp:attachment":[{"href":"https:\/\/swiss21.org\/it\/wp-json\/wp\/v2\/media?parent=34150"}],"curies":[{"name":"wp","href":"https:\/\/api.w.org\/{rel}","templated":true}]}}